{"id":987,"date":"2021-06-25T06:32:58","date_gmt":"2021-06-25T04:32:58","guid":{"rendered":"https:\/\/marupe.edu.lv\/?page_id=987"},"modified":"2025-03-27T07:20:48","modified_gmt":"2025-03-27T05:20:48","slug":"programma-lideris-mani","status":"publish","type":"page","link":"https:\/\/marupe.edu.lv\/?page_id=987","title":{"rendered":"Programma l\u012bderis man\u012b"},"content":{"rendered":"\n<p><strong>P\u0101rmai\u0146u process izgl\u012bt\u012bb\u0101 \u201cL\u012bderis man\u012b\u201d\u00ae<\/strong><\/p>\n\n\n\n<p>M\u0101rupes Valsts \u0123imn\u0101zija kop\u0161 2020. gada septembra \u012bsteno p\u0101rmai\u0146u procesu izgl\u012bt\u012bb\u0101&nbsp;<strong>\u201cL\u012bderis man\u012b\u201d<\/strong>\u00ae, kura pamat\u0101 ir personisk\u0101s l\u012bder\u012bbas koncepts un personaliz\u0101cijas k\u0101 pa\u0161vad\u012btas m\u0101c\u012b\u0161an\u0101s procesa pieejas \u012bsteno\u0161ana izgl\u012bt\u012bb\u0101. \u0160is koncepts pal\u012bdz izgl\u012btojamiem akt\u012bvi iesaist\u012bties m\u0101c\u012bbu procesa pl\u0101no\u0161an\u0101 un \u012bsteno\u0161an\u0101, to saistot ar sav\u0101m interes\u0113m, vajadz\u012bb\u0101m, talantiem un iecer\u0113m.<\/p>\n\n\n\n<p>L\u012bderis ir cilv\u0113ks, kur\u0161 pats sp\u0113j un prot vad\u012bt sevi, savas emocijas un savu dz\u012bvi. Lai skol\u0113ns var\u0113tu iem\u0101c\u012bties izvirz\u012bt, sasniegt un izv\u0113rt\u0113t savus m\u0113r\u0137us dz\u012bv\u0113, izgl\u012bt\u012bbas iest\u0101d\u0113 ir nepiecie\u0161ams pedago\u0123isko p\u0101rmai\u0146u kopums, kura realiz\u0113\u0161an\u0101 iesaist\u012bti gan skol\u0113ni un skolot\u0101ji, gan ar\u012b vec\u0101ki.<\/p>\n\n\n\n<p><strong>Kas ir \u201cL\u012bderis man\u012b\u201d\u00ae?<\/strong><\/p>\n\n\n\n<ul class=\"wp-block-list\">\n<li>Starptautisks skolu t\u012bkls, kur\u0161 veicina person\u012bgo l\u012bder\u012bbu k\u0101 resursu, instrumentu un procesu, lai att\u012bst\u012btu augstu katra indiv\u012bda pa\u0161apzi\u0146u un kop\u0113ju sabiedr\u012bbas labkl\u0101j\u012bbu 21.gadsimt\u0101.<\/li>\n\n\n\n<li>Pasaules kust\u012bba izgl\u012bt\u012bb\u0101, kura balst\u0101s uz piec\u0101m kop\u0113j\u0101m p\u0101rliec\u012bb\u0101m:\n<ul class=\"wp-block-list\">\n<li>Katrs var b\u016bt l\u012bderis.<\/li>\n\n\n\n<li>Katram piem\u012bt izcil\u012bba k\u0101d\u0101 jom\u0101 jeb vi\u0146a \u0123enialit\u0101te.<\/li>\n\n\n\n<li>P\u0101rmai\u0146as s\u0101kas ar mani.<\/li>\n\n\n\n<li>Skolot\u0101ji atbalsta skol\u0113nus, lai vi\u0146i pa\u0161i var vad\u012bt savu m\u0101c\u012b\u0161anos.<\/li>\n\n\n\n<li>Ir svar\u012bgi att\u012bst\u012bt visas piecas person\u012bbas jomas \u2013 intelektu\u0101lo, fizisko, emocion\u0101lo, gar\u012bgo un soci\u0101lo.<\/li>\n<\/ul>\n<\/li>\n\n\n\n<li>Starptautiska kop\u012bgas m\u0101c\u012b\u0161an\u0101s iniciat\u012bva, kura s\u0101k\u0101s l\u012bdz ar t\u0101s dibin\u0101t\u0101ja St\u012bvena Koveja visu laiku veiksm\u012bg\u0101ko apm\u0101c\u012bbas programmu \u201c7 \u013coti veiksm\u012bgu cilv\u0113ku paradumi\u201d un kuru \u012bsteno&nbsp;<em>Franklin Covey<\/em>, Top20 pasaules komp\u0101nija l\u012bder\u012bbas izgl\u012bt\u012bbas jom\u0101.<\/li>\n<\/ul>\n\n\n\n<p><strong>P\u0101rmai\u0146u process \u201cL\u012bderis man\u012b\u201d\u00ae Latvij\u0101<\/strong><\/p>\n\n\n\n<p>P\u0101rmai\u0146u iniciat\u012bvas \u201cL\u012bderis man\u012b\u201d darb\u012bbas m\u0113r\u0137is \u2013 \u012bstenot pak\u0101penisku 3-6 gadu izgl\u012bt\u012bbas iest\u0101\u017eu p\u0101reju uz \u00abm\u0101c\u012b\u0161an\u0101s organiz\u0101cij\u0101m\u00bb, \u012bstenojot personaliz\u0101cijas pieeju m\u0101c\u012bbu un audzin\u0101\u0161anas proces\u0101.<\/p>\n\n\n\n<p>Izgl\u012bt\u012bbas iest\u0101d\u0113m sasniedzamie rezult\u0101ti:<\/p>\n\n\n\n<ul class=\"wp-block-list\">\n<li>izgl\u012bt\u012bbas iest\u0101des \u012bsteno pak\u0101penisku p\u0101reju uz \u00abm\u0101c\u012b\u0161an\u0101s organiz\u0101cij\u0101\u00bb p\u0101rvald\u012bbas modeli, izmantojot personaliz\u0101cijas pieeju izgl\u012bt\u012bb\u0101;<\/li>\n\n\n\n<li>p\u0101rmai\u0146u proces\u0101 iesaist\u012btie (skol\u0113ni, pedagogi, izgl\u012bt\u012bbas iest\u0101\u017eu vad\u012bba, vec\u0101ki) \u012bsteno personisko l\u012bder\u012bbu k\u0101 v\u0113rt\u012bbu skolas organiz\u0101cijas kult\u016br\u0101;<\/li>\n\n\n\n<li>izgl\u012bt\u012bbas iest\u0101des regul\u0101ri dal\u0101s ar savu pieredzi ar vec\u0101kiem, citu izgl\u012bt\u012bbas iest\u0101\u017eu pedagogiem un citu valstu dal\u012bbskol\u0101m.<\/li>\n<\/ul>\n\n\n\n<figure class=\"wp-block-image size-large\"><a href=\"https:\/\/marupe.edu.lv\/wp-content\/uploads\/2025\/03\/Lim-plakats.png\"><img loading=\"lazy\" decoding=\"async\" width=\"1024\" height=\"768\" src=\"https:\/\/marupe.edu.lv\/wp-content\/uploads\/2025\/03\/Lim-plakats-1024x768.png\" alt=\"\" class=\"wp-image-4574\" srcset=\"https:\/\/marupe.edu.lv\/wp-content\/uploads\/2025\/03\/Lim-plakats-1024x768.png 1024w, https:\/\/marupe.edu.lv\/wp-content\/uploads\/2025\/03\/Lim-plakats-300x225.png 300w, https:\/\/marupe.edu.lv\/wp-content\/uploads\/2025\/03\/Lim-plakats-768x576.png 768w, https:\/\/marupe.edu.lv\/wp-content\/uploads\/2025\/03\/Lim-plakats-1536x1152.png 1536w, https:\/\/marupe.edu.lv\/wp-content\/uploads\/2025\/03\/Lim-plakats-2048x1536.png 2048w\" sizes=\"auto, (max-width: 1024px) 100vw, 1024px\" \/><\/a><\/figure>\n","protected":false},"excerpt":{"rendered":"<p>P\u0101rmai\u0146u process izgl\u012bt\u012bb\u0101 \u201cL\u012bderis man\u012b\u201d\u00ae M\u0101rupes Valsts \u0123imn\u0101zija kop\u0161 2020. gada septembra \u012bsteno p\u0101rmai\u0146u procesu izgl\u012bt\u012bb\u0101&nbsp;\u201cL\u012bderis man\u012b\u201d\u00ae, kura pamat\u0101 ir &hellip; <\/p>\n","protected":false},"author":1,"featured_media":0,"parent":0,"menu_order":0,"comment_status":"closed","ping_status":"closed","template":"","meta":{"_monsterinsights_skip_tracking":false,"_monsterinsights_sitenote_active":false,"_monsterinsights_sitenote_note":"","_monsterinsights_sitenote_category":0,"footnotes":""},"class_list":["post-987","page","type-page","status-publish","hentry","latest_post"],"aioseo_notices":[],"_links":{"self":[{"href":"https:\/\/marupe.edu.lv\/index.php?rest_route=\/wp\/v2\/pages\/987","targetHints":{"allow":["GET"]}}],"collection":[{"href":"https:\/\/marupe.edu.lv\/index.php?rest_route=\/wp\/v2\/pages"}],"about":[{"href":"https:\/\/marupe.edu.lv\/index.php?rest_route=\/wp\/v2\/types\/page"}],"author":[{"embeddable":true,"href":"https:\/\/marupe.edu.lv\/index.php?rest_route=\/wp\/v2\/users\/1"}],"replies":[{"embeddable":true,"href":"https:\/\/marupe.edu.lv\/index.php?rest_route=%2Fwp%2Fv2%2Fcomments&post=987"}],"version-history":[{"count":5,"href":"https:\/\/marupe.edu.lv\/index.php?rest_route=\/wp\/v2\/pages\/987\/revisions"}],"predecessor-version":[{"id":4577,"href":"https:\/\/marupe.edu.lv\/index.php?rest_route=\/wp\/v2\/pages\/987\/revisions\/4577"}],"wp:attachment":[{"href":"https:\/\/marupe.edu.lv\/index.php?rest_route=%2Fwp%2Fv2%2Fmedia&parent=987"}],"curies":[{"name":"wp","href":"https:\/\/api.w.org\/{rel}","templated":true}]}}