{"id":986,"date":"2021-06-25T06:32:58","date_gmt":"2021-06-25T04:32:58","guid":{"rendered":"https:\/\/marupe.edu.lv\/?page_id=986"},"modified":"2023-09-06T14:13:31","modified_gmt":"2023-09-06T12:13:31","slug":"sacenties-pats-ar-sevi","status":"publish","type":"page","link":"https:\/\/marupe.edu.lv\/?page_id=986","title":{"rendered":"Sacenties pats ar sevi"},"content":{"rendered":"\n<figure class=\"wp-block-image size-full is-resized\"><img loading=\"lazy\" decoding=\"async\" src=\"https:\/\/marupe.edu.lv\/wp-content\/uploads\/2023\/09\/Ekranuznemums-2023-09-06-151051.png\" alt=\"\" class=\"wp-image-3330\" width=\"838\" height=\"616\" srcset=\"https:\/\/marupe.edu.lv\/wp-content\/uploads\/2023\/09\/Ekranuznemums-2023-09-06-151051.png 926w, https:\/\/marupe.edu.lv\/wp-content\/uploads\/2023\/09\/Ekranuznemums-2023-09-06-151051-300x221.png 300w, https:\/\/marupe.edu.lv\/wp-content\/uploads\/2023\/09\/Ekranuznemums-2023-09-06-151051-768x565.png 768w\" sizes=\"auto, (max-width: 838px) 100vw, 838px\" \/><\/figure>\n\n\n\n<h2 class=\"wp-block-heading\"><em><strong><u>Pieteik\u0161an\u0101s 28.septembrim:<\/u><\/strong><\/em><\/h2>\n\n\n\n<p><strong>1.solis<\/strong>&#8211; <a href=\"https:\/\/marupe.edu.lv\/wp-content\/uploads\/2021\/09\/Sacenties_pats_ar_sevi_Vertesanas_kartiba_2021.pdf\"><em>&nbsp;<\/em><\/a><a href=\"https:\/\/marupe.edu.lv\/wp-content\/uploads\/2022\/09\/Sacenties_pats_ar_sevi_Vertesanas_kartiba_2022.pdf\" data-type=\"URL\" data-id=\"https:\/\/marupe.edu.lv\/wp-content\/uploads\/2022\/09\/Sacenties_pats_ar_sevi_Vertesanas_kartiba_2022.pdf\">iepaz\u012bsties ar konkursa norises un v\u0113rt\u0113\u0161anas k\u0101rt\u012bbu <\/a><\/p>\n\n\n\n<p><strong>2.solis<\/strong>&#8211; <a href=\"https:\/\/marupe.edu.lv\/wp-content\/uploads\/2022\/09\/1.pielikums_Pasnovertejums_Sacenties-pats-ar-sevi_2022.doc\" data-type=\"URL\" data-id=\"https:\/\/marupe.edu.lv\/wp-content\/uploads\/2022\/09\/1.pielikums_Pasnovertejums_Sacenties-pats-ar-sevi_2022.doc\">veic pa\u0161nov\u0113rt\u0113jumu un izvirzi savus savas izaugsmes m\u0113r\u0137us<\/a><\/p>\n\n\n\n<p><strong>3.solis<\/strong>&#8211; aizpildi un iesniedz <a href=\"https:\/\/forms.gle\/DguVnVbgrkqNK28CA\" target=\"_blank\" rel=\"noreferrer noopener\" title=\"pieteikumu\">pieteikumu<\/a>: 1., 2. vai 3.l\u012bmenim<\/p>\n\n\n\n<h2 class=\"wp-block-heading\"><a href=\"https:\/\/marupe.edu.lv\/wp-content\/uploads\/2023\/09\/Sacenties_pats_ar_sevi_Vertesanas_kartiba_2023.pdf\" title=\"onkurs v\u0113rt\u0113\u0161anas k\u0101rt\u012bba\" target=\"_blank\" rel=\"noreferrer noopener\">Konkursa v\u0113rt\u0113\u0161anas k\u0101rt\u012bba<\/a><\/h2>\n\n\n\n<h2 class=\"has-text-align-center wp-block-heading\"><a href=\"https:\/\/marupe.edu.lv\/?p=1831\">Aktu\u0101lo inform\u0101ciju var apskat\u012bt \u0161eit<\/a><\/h2>\n\n\n\n<blockquote class=\"wp-block-quote is-layout-flow wp-block-quote-is-layout-flow\"><p><em>Katrs r\u012bts sniedz mums iesp\u0113ju b\u016bt cit\u0101diem, nek\u0101 m\u0113s bij\u0101m vakar,<\/em>&nbsp;<br><em>tas sniedz mums izdev\u012bbu b\u016bt lab\u0101kiem, nek\u0101 m\u0113s bij\u0101m vakar,<\/em>&nbsp;<br><em>tas sniedz mums izaicin\u0101jumu sevi p\u0101raugt, sevi pilnveidot un sevi p\u0101rsp\u0113t<\/em><\/p><cite><em><strong>Vaira V\u012b\u0137e Freiberga<\/strong>, Latvijas valsts prezidente 1999.-2007.<\/em><\/cite><\/blockquote>\n\n\n\n<blockquote class=\"wp-block-quote is-layout-flow wp-block-quote-is-layout-flow\"><p><em>M\u016b\u017e\u012bg\u0101 v\u0113lme sacensties un b\u016bt pirmajam ir katra cilv\u0113ka dab\u0101, tikai ne visi saprot, ka, lai kaut ko sasniegtu, ir j\u0101s\u0101k ar sevi. Konkurss \u201cSacenties pats ar sevi\u201d ne tikai iem\u0101ca apzin\u012bgumu un prasmi pl\u0101not savu laiku m\u0113r\u0137u sasnieg\u0161anai, bet ar\u012b apbalvo ar to, ko g\u016bt varam tikai m\u0113s katrs pats, un tas ir gandar\u012bjums.<\/em><\/p><p><em>\u0160o 8 gadu laik\u0101 esmu non\u0101kusi pie atzi\u0146as, ka neviena taust\u0101ma balva vai dzirdama uzslava nesp\u0113j aizst\u0101t gandar\u012bjuma saj\u016btu, kad varu lepoties ar sevi un to, ko esmu paveikusi. T\u0101 ir d\u0101vana, kas ce\u013c pa\u0161apzi\u0146u, dod sp\u0113ku un liek c\u012bn\u012bties ar\u012b turpm\u0101k, jo visliel\u0101k\u0101s uzvaras tom\u0113r ir t\u0101s, kuras esam guvu\u0161i c\u012b\u0146\u0101 ar sevi pa\u0161u<\/em><\/p><cite><em><strong>Madara Broka, <\/strong>M\u0101rupes Valsts \u0123imn\u0101zijas 2021.gada absolvente<\/em><\/cite><\/blockquote>\n\n\n\n<h2 class=\"wp-block-heading\"><strong>KAD un K\u0100 rad\u0101s konkurss?<\/strong><\/h2>\n\n\n\n<p class=\"has-text-align-left\">V\u0113rt\u012bba, sabiedr\u012bba, pa\u0161v\u0113rt\u012bba. Sabiedr\u012bba main\u0101s un att\u012bst\u0101s. Mainoties sabiedr\u012bbai, main\u0101s v\u0113rt\u012bbas, kas dod virz\u012bbu ar\u012b skolas att\u012bst\u012bbai. Viss notiek saist\u012bb\u0101, ne atrauti.<\/p>\n\n\n\n<p class=\"has-text-align-left\">P\u0113c iest\u0101\u0161an\u0101s ES, no vec\u0101ku puses strauji pieauga piepras\u012bjums p\u0113c kvalitat\u012bvas izgl\u012bt\u012bbas, un no m\u016bsu skolas, kas atrodas Pier\u012bg\u0101, s\u0101kas gandr\u012bz masveid\u012bga skol\u0113nu aizpl\u016b\u0161ana p\u0113c 6. un 9.klases uz R\u012bgas \u0123imn\u0101zij\u0101m. Bija j\u0101dom\u0101, k\u0101 motiv\u0113t skol\u0113nus izmantot savu potenci\u0101lu pilnv\u0113rt\u012bgam darbam un uz\u0146emties atbild\u012bbu par sava darba rezult\u0101tiem un k\u0101 izk\u013c\u016bt no reitingu lamat\u0101m? Tika str\u0101d\u0101ts pie skolas m\u0113r\u0137iem, uzdevumiem, formul\u0113tas skolas v\u0113rt\u012bbas un veidots pl\u0101ns m\u0113r\u0137tiec\u012bgam darbam ilgtermi\u0146\u0101, kas p\u0113c vair\u0101kiem gadiem ir nesis aug\u013cus- ir sp\u0113c\u012bgi samazin\u0101jusies skol\u0113nu aizpl\u016b\u0161ana uz R\u012bgas presti\u017e\u0101kaj\u0101m skol\u0101m, jo pa\u0161i esam k\u013cuvu\u0161i par \u0123imn\u0101ziju.<\/p>\n\n\n\n<p class=\"has-text-align-left\">K\u0101 viens no pas\u0101kumiem skol\u0113nu motiv\u0113\u0161anai pirms 10 gadiem tika pied\u0101v\u0101ts konkurss \u201cSacenties pats ar sevi!\u201d 5.-12.klas\u0113s. Lai ar\u012b pamaz\u0101m ir main\u012bjusies skol\u0113nu un vec\u0101ku attieksme un skolas vieta da\u017e\u0101du reitingu tabul\u0101s un skol\u0113ni labpr\u0101t izv\u0113las turpin\u0101t m\u0101c\u012bbas pa\u0161u m\u0101j\u0101s- M\u0101rupes Valsts \u0123imn\u0101zij\u0101, konkursu turpin\u0101m, jo gadu gait\u0101 tas ir ieguvis&nbsp; da\u013cas skol\u0113nu atzin\u012bbu un \u012bpa\u0161i pamatskolas klas\u0113s k\u013cuvis iem\u012b\u013cots. Ir skol\u0113ni, kuri piedal\u0101s konkurs\u0101 vair\u0101ku gadu garum\u0101 un, sekojot vec\u0101ko br\u0101\u013cu un m\u0101su piem\u0113ram, iesaist\u0101s jaun\u0101kie br\u0101\u013ci un m\u0101sas. \u012apa\u0161i priec\u0113 fakts, ka, lai ar\u012b s\u0101kum\u0101 vidusskolas klas\u0113s \u0161is konkurss atsauc\u012bbu neguva, p\u0113d\u0113jos gados konkurs\u0101 iesaist\u0101s arvien vair\u0101k 10.-12.kla\u0161u skol\u0113nu. 10 gadu laik\u0101 konkurs\u0101 ir piedal\u012bju\u0161ies gandr\u012bz 400 skol\u0113nu.<\/p>\n\n\n\n<p class=\"has-text-align-left\">Starp konkursa dal\u012bbniekiem nav konkurences, jo par konkursa uzvar\u0113t\u0101jiem k\u013c\u016bst visi, kas ir izpild\u012bju\u0161i visus konkursa nosac\u012bjumus un tiku\u0161i l\u012bdz konkursa fin\u0101lam. M\u0101c\u012bbu gada nosl\u0113gum\u0101 skol\u0113ni tiek apbalvoti div\u0101s nomin\u0101cij\u0101s:<\/p>\n\n\n\n<ol class=\"wp-block-list\" type=\"1\"><li>konkursa Laure\u0101ts (skol\u0113niem, kuri ir sasniegu\u0161i savu izvirz\u012bto m\u0113r\u0137i),<\/li><li>konkursa Fin\u0101lists (skol\u0113niem, kuri ir tiku\u0161i l\u012bdz fin\u0101lam, bet m\u0113r\u0137i sasniegu\u0161i da\u013c\u0113ji).<\/li><\/ol>\n\n\n\n<p>Konkursa laure\u0101tiem un fin\u0101listiem piemi\u0146as balvas parasti tiek pasniegtas svin\u012bg\u0101 pas\u0101kum\u0101, uz kuru tiek aicin\u0101ti ar\u012b skol\u0113nu vec\u0101ki un kla\u0161u audzin\u0101t\u0101ji.<\/p>\n\n\n\n<p>Konkursu turpin\u0101sim ar\u012b \u0161aj\u0101 m\u0101c\u012bbu gad\u0101 <\/p>\n\n\n\n<p class=\"has-text-align-right\"><strong><em>Biruta S\u016bnaite<\/em><\/strong><em>, direktora vietniece izgl\u012bt\u012bbas jom\u0101, konkursa idejas autore<\/em><\/p>\n\n\n\n<h2 class=\"wp-block-heading\"><strong>K\u0100P\u0112C piedal\u012bties konkurs\u0101?<\/strong><\/h2>\n\n\n\n<p><em>2020.\/21.m.g. konkursa laure\u0101tu ieteikumi:<\/em><\/p>\n\n\n\n<blockquote class=\"wp-block-quote is-layout-flow wp-block-quote-is-layout-flow\"><p><em>&#8211; Ir m\u0113r\u0137is, bet nezini, k\u0101 to sasniegt vienam pa\u0161am? Piedalies konkurs\u0101 &#8220;Sacenties pats ar sevi&#8221;, un tev b\u016bs daudz viegl\u0101k. Tu var\u0113si izv\u0113rt\u0113t savu izaugumi katru m\u0113nesi, un pret\u012b sa\u0146emsi ieteikumus un atbalstu. Tev b\u016bs iesp\u0113ja uzzin\u0101t skolot\u0101ju domas par tevi. Tu s\u0101ksi main\u012bties, un b\u0113rna rakstura \u012bpa\u0161\u012bbas s\u0101ks pamaz\u0101m nomain\u012bsies uz apdom\u012bg\u0101m r\u012bc\u012bb\u0101m. Dz\u012bve ir sacens\u012bba pa\u0161am ar sevi nevis ar citiem. Izmaini savas domas par saviem sp\u0113kiem kop\u0101 ar mums. Ar \u0161o konkursu tavi m\u0113r\u0137i neliksies tik t\u0101lu un m\u0101c\u012bbas uzlabosies. Tikai nebaidies nospiest pogu \u201cpiedal\u012bties\u201d un viss san\u0101ks! Pie\u0146emt l\u0113mumu tikai tav\u0101 r\u012bc\u012bb\u0101!<\/em><\/p><cite><strong><em>\u017danna \u013bev\u010denkova<\/em><\/strong><em>, 9.a klase<\/em><\/cite><\/blockquote>\n\n\n\n<blockquote class=\"wp-block-quote is-layout-flow wp-block-quote-is-layout-flow\"><p><em>&#8211; \u0160is konkurss ir labs veids, k\u0101 p\u0101rbaud\u012bt savu paciet\u012bbu un uz\u0146\u0113m\u012bbu. Katru m\u0113nesi, v\u0113rt\u0113jot savas veiksmes un neveiksmes, ir viegli paskat\u012bties uz sevi it k\u0101 no malas. Konkurss pal\u012bdz motiv\u0113t sevi dar\u012bt lietas lab\u0101k un sav\u0101d\u0101k. Ir j\u0113ga pacensties un ar\u012b neliels azarts &#8211; vai izdosies paveikt visu l\u012bdz galam. Tas nav viegli m\u0113nesi no m\u0113ne\u0161a sa\u0146emties un turpin\u0101t <\/em><\/p><cite><em><strong>Armands Bricis<\/strong>, 5.b klase<\/em><\/cite><\/blockquote>\n\n\n\n<blockquote class=\"wp-block-quote is-layout-flow wp-block-quote-is-layout-flow\"><p>&#8211; <em>Konkurss ir br\u012bni\u0161\u0137\u012bgs veids k\u0101 izaicin\u0101t sevi, lai sasniegtu savu m\u0113r\u0137i. Manupr\u0101t, katram ir j\u0101izm\u0113\u0123ina. Tas \u013coti labi motiv\u0113 pacensties izpild\u012bt darbu maksim\u0101li labi<\/em><\/p><cite><strong><em>Pol\u012bna \u017darkova<\/em><\/strong><em>, 11.d klase<\/em><\/cite><\/blockquote>\n\n\n\n<p><\/p>\n\n\n\n<blockquote class=\"wp-block-quote is-layout-flow wp-block-quote-is-layout-flow\"><p><em>&#8211; \u0160is konkurss ir k\u0101 pal\u012bdz\u012bba Tev sasniegt savu m\u0113r\u0137i. Tu pats vari izv\u0113l\u0113ties atz\u012bmi, kuru tu v\u0113l\u0113tos k\u0101 savu vid\u0113jo. Laika gait\u0101 ir iesp\u0113ja saprast vai tu to vari, vai n\u0113. \u0160is konkurss Tev pal\u012bdz\u0113s nepadoties un rast idejas t\u0101l\u0101kai n\u0101kotnei, lai sasniegtu jebkuru m\u0113r\u0137i, kur\u0161 tavai dz\u012bvei liekas svar\u012bgs. Gada vid\u016b ir iesp\u0113ja papildin\u0101t savus m\u0113r\u0137us, ja saskati t\u0101du nepiecie\u0161am\u012bbu. Konkurss ir ne tikai vajadz\u012bgs, bet ar\u012b interesants. Neviens pat nesp\u0113j iedom\u0101ties, cik interesanti ir p\u0113t\u012bt un v\u0113rt\u0113t pa\u0161am sevi! Galvenais ir nebaid\u012bties un piedal\u012bties, jo bez cent\u012bbas nav uzvaras!<\/em><\/p><cite><strong><em>Estere Gruzda<\/em><\/strong><em>, 7.A1 klase<\/em><\/cite><\/blockquote>\n\n\n\n<blockquote class=\"wp-block-quote is-layout-flow wp-block-quote-is-layout-flow\"><p><em>&#8211; Man \u013coti patika \u0161is konkurss, jo man tas deva motiv\u0101ciju m\u0101c\u012bties. \u0160\u012b konkursa laik\u0101 man ir uzlaboju\u0161\u0101s sekmes. Man \u013coti patika katru m\u0113nesi rakst\u012bt atskaites. Iesaku piedal\u012bties \u0161aj\u0101 konkurs\u0101!<\/em><\/p><cite><em><strong>Laura Skudrule<\/strong>, 6.d klase<\/em><\/cite><\/blockquote>\n\n\n\n<blockquote class=\"wp-block-quote is-layout-flow wp-block-quote-is-layout-flow\"><p><em>&#8211; Interesants konkurss, kur\u0161 pal\u012bdz sevi motiv\u0113t m\u0101c\u012bties lab\u0101k un izpl\u0101not, ko dar\u012bt, lai uzlabotu atz\u012bmi<\/em><\/p><cite><em>&nbsp;<strong>Em\u012blija Zalp\u0113tere<\/strong>, 7.A1 klase<\/em><\/cite><\/blockquote>\n\n\n\n<p><\/p>\n\n\n\n<blockquote class=\"wp-block-quote is-layout-flow wp-block-quote-is-layout-flow\"><p><em>&#8211; Konkurss bija \u013coti interesants. \u0160\u012b konkursa laik\u0101 var\u0113ju redz\u0113t savu izaugsmi, saprast cik daudz esmu ieguvusi, un noteikti papildin\u0101ju manas rakst\u012b\u0161anas prasmes. Visvair\u0101k man patika, ka var\u0113ju redz\u0113t savu izaugsmi atz\u012bm\u0113s. Tas man pal\u012bdz\u0113ja saprast, k\u0101 es pilnveidojos un k\u0101 mani ietekm\u0113, piem\u0113ram, t\u0101ds faktors k\u0101 semestra s\u0101kums vai beigas\u2026 Katr\u0101 zi\u0146\u0101 \u0161is konkurss, man \u013coti pal\u012bdz\u0113ja. Izzinot sevi, es uzzin\u0101ju jaunas lietas par sevi, sapratu savus plusus un m\u012bnusus. \u013boti iesaku pam\u0113\u0123in\u0101t ar\u012b citiem! Un paldies tiem, kas mani iedro\u0161in\u0101ja piedal\u012bties!<\/em><\/p><cite><strong><em>Enija D\u0101rzi\u0146a<\/em><\/strong><em>, 7.A1 klase<\/em><\/cite><\/blockquote>\n\n\n\n<p><\/p>\n\n\n\n<blockquote class=\"wp-block-quote is-layout-flow wp-block-quote-is-layout-flow\"><p><em>&#8211; \u0160aj\u0101 konkurs\u0101 vajag piedal\u012bties! K\u0101p\u0113c? Tu uzzini daudz ko jaunu par sevi, jo,&nbsp; izliekot emocijas, saj\u016btas, rakstot katru m\u0113nesi izv\u0113rt\u0113jumu, saproti, k\u0101p\u0113c tev ir veicies t\u0101, k\u0101 ir veicies. Piedalies konkurs\u0101 un p\u0101rsp\u0113j pats sevi!<\/em><\/p><cite><em>&nbsp;<strong>Kristians Kabakovs<\/strong>, 7.A1 klase<\/em><\/cite><\/blockquote>\n\n\n\n<p><\/p>\n\n\n\n<blockquote class=\"wp-block-quote is-layout-flow wp-block-quote-is-layout-flow\"><p><em>&#8211; \u0160is konkurss pal\u012bdz uzlabot savas atz\u012bmes\u2026 Ar \u0161\u012b konkursa pal\u012bdz\u012bbu audz\u0113si savu gribassp\u0113ku, uzlabosi savas sekmes un str\u0101d\u0101si pie savas pa\u0161izaugsmes. Piedaloties konkurs\u0101 \u013coti svar\u012bga ir pl\u0101no\u0161ana, bez pl\u0101no\u0161anas viss b\u016bs haos\u0101 un pa\u0161am b\u016bs lieks stress. Konkursa beig\u0101s b\u016bs ne tikai uzlaboju\u0161\u0101s tavas sekmes, bet ar\u012b tava p\u0101rliec\u012bba, pl\u0101no\u0161anas sp\u0113jas. B\u016bs j\u0101veic ar\u012b papildus darbi, pal\u012bdzot skolot\u0101jiem, klases biedriem, vec\u0101kiem.<\/em> <em>Ja b\u016bsi katru m\u0113nesi iesniedzis izv\u0113rt\u0113jumu un b\u016bs iev\u0113rojama tava izaugsme vai pa\u0161a attieksme, sa\u0146emsi diplomu<\/em><\/p><cite><em><strong>Madara Fr\u012bdmane<\/strong>, 6.b klase<\/em><\/cite><\/blockquote>\n\n\n\n<blockquote class=\"wp-block-quote is-layout-flow wp-block-quote-is-layout-flow\"><p><em>&nbsp;&#8211; Es dom\u0101ju, ka esmu ieguvusi patst\u0101v\u012bbu un motiv\u0101ciju, jo t\u0101 patst\u0101v\u012bba n\u0101k ar to, ka katru m\u0113nesi ir j\u0101pilda dienasgr\u0101mata un j\u0101apraksta k\u0101 tev ir g\u0101jis, un, pat ja tev nav g\u0101jis tik labi, tev ir izv\u0113le padoties vai turpin\u0101t \u0161o ce\u013cojumu\u2026 Motiv\u0101cija rodas, kad tu redzi savu izaugsmi un v\u0113lies, lai t\u0101 k\u0101ptu augst\u0101k un augst\u0101k. K\u0101 ar\u012b nepadoties, ja viss tik labi neizdodas, galvenais ir censties un saprast, kas trauc\u0113 sasniegt savus m\u0113r\u0137us<\/em><\/p><cite><em><strong>Ter\u0113ze Citskovska<\/strong>, 7.A1 klase<\/em><\/cite><\/blockquote>\n\n\n\n<p><em>&nbsp;<\/em><\/p>\n\n\n\n<blockquote class=\"wp-block-quote is-layout-flow wp-block-quote-is-layout-flow\"><p><em>&#8211; Konkurss ir interesants veids, k\u0101 izaicin\u0101t sevi, katru m\u0113nesi aizpildot refleksijas un analiz\u0113jot savu darbu. Semestra beig\u0101s ir iesp\u0113ja sa\u0146em koment\u0101rus un v\u0113rt\u0113jumu par savu attieksmi pret stund\u0101m no skolot\u0101jiem. Konkurss dod motiv\u0101ciju m\u0101c\u012bties lab\u0101k, jo ir j\u0113ga. Gada beig\u0101s notiek apbalvo\u0161ana, kur konkursa uzvar\u0113t\u0101ji sa\u0146em balvas<\/em><\/p><cite><strong><em>Milana Kise\u013cova<\/em><\/strong><em>, 11.d klase<\/em><\/cite><\/blockquote>\n\n\n\n<p><\/p>\n\n\n\n<blockquote class=\"wp-block-quote is-layout-flow wp-block-quote-is-layout-flow\"><p><em>&#8211; Konkurss iem\u0101ca p\u0101rsp\u0113t sevi, k\u013c\u016bt atbild\u012bgam un motiv\u0113tam neatkar\u012bgi no apk\u0101rt eso\u0161\u0101 spiediena. Reizi m\u0113nes\u012b aprun\u0101jies ar sevi dienasgr\u0101mat\u0101 un izdom\u0101, ko v\u0113lies sasniegt n\u0101kamaj\u0101 m\u0113nes\u012b. M\u0101c\u012bbu gada beig\u0101s p\u0101rlasi dienasgr\u0101matu, n\u0101kam\u0101 m\u0101c\u012bbu gada s\u0101kum\u0101 atkal centies sevi p\u0101rsp\u0113t, jo cilv\u0113ku dab\u0101 ir grib\u0113t to, k\u0101 nav, t\u0101p\u0113c \u0161\u012b sp\u0113le ir bezgal\u012bga. Savas p\u0101rdomas dienasgr\u0101matas lappus\u0113s ir papildin\u0101tas ar skolot\u0101ju ieteikumiem un &#8220;paldies&#8221; v\u0101rdiem, kas motiv\u0113 v\u0113l vair\u0101k. Lielisku cit\u0101tu v\u012bt\u0101s un padomu bag\u0101t\u0101s dienasgr\u0101matas ar\u012b p\u0113c 20 gadiem iedvesmos, jo atmi\u0146as par skolu b\u016bs saglab\u0101t\u0101s v\u0113l nebiju\u0161\u0101 veid\u0101. Dienasgr\u0101mata. Motiv\u0101cija. &#8220;Es&#8221; k\u0101 priorit\u0101te sev. \u0160ie ir galvenie atsl\u0113gas v\u0101rdi lieliskajam konkursam ar nosaukumu &#8220;Sacenties pats ar sevi&#8221;, <\/em><\/p><cite><em><strong>Madara Broka<\/strong>, 12.b klase<\/em><\/cite><\/blockquote>\n\n\n\n<p><\/p>\n","protected":false},"excerpt":{"rendered":"<p>Pieteik\u0161an\u0101s 28.septembrim: 1.solis&#8211; &nbsp;iepaz\u012bsties ar konkursa norises un v\u0113rt\u0113\u0161anas k\u0101rt\u012bbu 2.solis&#8211; veic pa\u0161nov\u0113rt\u0113jumu un izvirzi savus savas izaugsmes m\u0113r\u0137us 3.solis&#8211; &hellip; <\/p>\n","protected":false},"author":1,"featured_media":0,"parent":0,"menu_order":0,"comment_status":"closed","ping_status":"closed","template":"","meta":{"_monsterinsights_skip_tracking":false,"_monsterinsights_sitenote_active":false,"_monsterinsights_sitenote_note":"","_monsterinsights_sitenote_category":0,"footnotes":""},"class_list":["post-986","page","type-page","status-publish","hentry","latest_post"],"aioseo_notices":[],"_links":{"self":[{"href":"https:\/\/marupe.edu.lv\/index.php?rest_route=\/wp\/v2\/pages\/986","targetHints":{"allow":["GET"]}}],"collection":[{"href":"https:\/\/marupe.edu.lv\/index.php?rest_route=\/wp\/v2\/pages"}],"about":[{"href":"https:\/\/marupe.edu.lv\/index.php?rest_route=\/wp\/v2\/types\/page"}],"author":[{"embeddable":true,"href":"https:\/\/marupe.edu.lv\/index.php?rest_route=\/wp\/v2\/users\/1"}],"replies":[{"embeddable":true,"href":"https:\/\/marupe.edu.lv\/index.php?rest_route=%2Fwp%2Fv2%2Fcomments&post=986"}],"version-history":[{"count":18,"href":"https:\/\/marupe.edu.lv\/index.php?rest_route=\/wp\/v2\/pages\/986\/revisions"}],"predecessor-version":[{"id":3331,"href":"https:\/\/marupe.edu.lv\/index.php?rest_route=\/wp\/v2\/pages\/986\/revisions\/3331"}],"wp:attachment":[{"href":"https:\/\/marupe.edu.lv\/index.php?rest_route=%2Fwp%2Fv2%2Fmedia&parent=986"}],"curies":[{"name":"wp","href":"https:\/\/api.w.org\/{rel}","templated":true}]}}