{"id":980,"date":"2021-06-25T06:32:58","date_gmt":"2021-06-25T04:32:58","guid":{"rendered":"https:\/\/marupe.edu.lv\/?page_id=980"},"modified":"2023-01-09T10:56:46","modified_gmt":"2023-01-09T08:56:46","slug":"projekta-darbs","status":"publish","type":"page","link":"https:\/\/marupe.edu.lv\/?page_id=980","title":{"rendered":"Projekta darbs"},"content":{"rendered":"\n<h2 class=\"has-text-align-center wp-block-heading\"><a rel=\"noreferrer noopener\" href=\"https:\/\/mape.skola2030.lv\/resources\/13965\" data-type=\"URL\" data-id=\"https:\/\/mape.skola2030.lv\/resources\/13965\" target=\"_blank\">Projekta dabra izstr\u0101des vadl\u012bnijas<\/a><\/h2>\n\n\n\n<h2 class=\"has-text-align-center wp-block-heading\"><a href=\"https:\/\/mape.skola2030.lv\/resources\/14167\" data-type=\"URL\" data-id=\"https:\/\/mape.skola2030.lv\/resources\/14167\" target=\"_blank\" rel=\"noreferrer noopener\">M\u0101c\u012bbu metodiskais l\u012bdzeklis projekta darba \u012bsteno\u0161anai<\/a><\/h2>\n","protected":false},"excerpt":{"rendered":"<p>Projekta dabra izstr\u0101des vadl\u012bnijas M\u0101c\u012bbu metodiskais l\u012bdzeklis projekta darba \u012bsteno\u0161anai<\/p>\n","protected":false},"author":1,"featured_media":0,"parent":0,"menu_order":0,"comment_status":"closed","ping_status":"closed","template":"","meta":{"_monsterinsights_skip_tracking":false,"_monsterinsights_sitenote_active":false,"_monsterinsights_sitenote_note":"","_monsterinsights_sitenote_category":0,"footnotes":""},"class_list":["post-980","page","type-page","status-publish","hentry","latest_post"],"aioseo_notices":[],"_links":{"self":[{"href":"https:\/\/marupe.edu.lv\/index.php?rest_route=\/wp\/v2\/pages\/980","targetHints":{"allow":["GET"]}}],"collection":[{"href":"https:\/\/marupe.edu.lv\/index.php?rest_route=\/wp\/v2\/pages"}],"about":[{"href":"https:\/\/marupe.edu.lv\/index.php?rest_route=\/wp\/v2\/types\/page"}],"author":[{"embeddable":true,"href":"https:\/\/marupe.edu.lv\/index.php?rest_route=\/wp\/v2\/users\/1"}],"replies":[{"embeddable":true,"href":"https:\/\/marupe.edu.lv\/index.php?rest_route=%2Fwp%2Fv2%2Fcomments&post=980"}],"version-history":[{"count":4,"href":"https:\/\/marupe.edu.lv\/index.php?rest_route=\/wp\/v2\/pages\/980\/revisions"}],"predecessor-version":[{"id":2984,"href":"https:\/\/marupe.edu.lv\/index.php?rest_route=\/wp\/v2\/pages\/980\/revisions\/2984"}],"wp:attachment":[{"href":"https:\/\/marupe.edu.lv\/index.php?rest_route=%2Fwp%2Fv2%2Fmedia&parent=980"}],"curies":[{"name":"wp","href":"https:\/\/api.w.org\/{rel}","templated":true}]}}