{"id":979,"date":"2021-06-25T06:32:58","date_gmt":"2021-06-25T04:32:58","guid":{"rendered":"https:\/\/marupe.edu.lv\/?page_id=979"},"modified":"2022-12-06T15:17:31","modified_gmt":"2022-12-06T13:17:31","slug":"zpd","status":"publish","type":"page","link":"https:\/\/marupe.edu.lv\/?page_id=979","title":{"rendered":"ZPD"},"content":{"rendered":"\n<p>Zin\u0101tnisk\u0101 darb\u012bba tiek defin\u0113ta k\u0101 rado\u0161a darb\u012bba, kas ietver zin\u0101tni, p\u0113tniec\u012bbu un inov\u0101cijas. S\u012bk\u0101k apskatot \u201czin\u0101tnes\u201d j\u0113dziena skaidrojumu, top skaidrs, ka t\u0101 ir intelektu\u0101las darb\u012bbas sf\u0113ra, kur\u0101, izmantojot teor\u0113tisk\u0101s un eksperiment\u0101l\u0101s metodes, tiek ieg\u016btas un apkopotas zin\u0101\u0161anas par dab\u0101 un sabiedr\u012bb\u0101 past\u0101vo\u0161\u0101m likumsakar\u012bb\u0101m.<\/p>\n\n\n\n<p>Zin\u0101tniska p\u0113t\u012bjuma pamat\u0101 ir pamatota, skaidri izkl\u0101st\u012bta un zin\u0101tniski pamatota p\u0113t\u012bjuma metodolo\u0123ija, kas \u013cauj izdar\u012bt ticamus secin\u0101jumus par p\u0113t\u0101mo jaut\u0101jumu.<\/p>\n\n\n\n<p><strong>Zin\u0101tniski p\u0113tniecisk\u0101s darb\u012bbas priek\u0161meta<\/strong>\u00a0ietvaros, skol\u0113ni tiek gatavoti m\u0113r\u0137im patst\u0101v\u012bgi veikt zin\u0101tnisko darb\u012bbu, gala rezult\u0101t\u0101 prezent\u0113jot sevis izstr\u0101d\u0101tu zin\u0101tniski p\u0113tniecisko darbu, kas ir aktu\u0101ls ne tikai pa\u0161am skol\u0113nam, bet sp\u0113tu sniegt ieguld\u012bjumu ar\u012b sabiedr\u012bbai vi\u0146am apk\u0101rt.<\/p>\n\n\n\n<h2 class=\"has-text-align-center wp-block-heading\"><a href=\"https:\/\/marupe.edu.lv\/wp-content\/uploads\/2022\/12\/ZPD_DL_skolenam.pdf\" data-type=\"URL\" data-id=\"https:\/\/marupe.edu.lv\/wp-content\/uploads\/2022\/12\/ZPD_DL_skolenam.pdf\">Zin\u0101tniski p\u0113tniecisk\u0101 darb\u012bba \u2013 skol\u0113na darba lapa<\/a><\/h2>\n\n\n\n<h2 class=\"has-text-align-center wp-block-heading\"><a href=\"https:\/\/marupe.edu.lv\/wp-content\/uploads\/2022\/12\/ZPD_vadlinijas_VISC.pdf\" data-type=\"URL\" data-id=\"https:\/\/marupe.edu.lv\/wp-content\/uploads\/2022\/12\/ZPD_vadlinijas_VISC.pdf\" target=\"_blank\" rel=\"noreferrer noopener\">VADL\u012aNIJAS<\/a><\/h2>\n\n\n\n<p><\/p>\n","protected":false},"excerpt":{"rendered":"<p>Zin\u0101tnisk\u0101 darb\u012bba tiek defin\u0113ta k\u0101 rado\u0161a darb\u012bba, kas ietver zin\u0101tni, p\u0113tniec\u012bbu un inov\u0101cijas. S\u012bk\u0101k apskatot \u201czin\u0101tnes\u201d j\u0113dziena skaidrojumu, top skaidrs, &hellip; <\/p>\n","protected":false},"author":1,"featured_media":0,"parent":0,"menu_order":0,"comment_status":"closed","ping_status":"closed","template":"","meta":{"_monsterinsights_skip_tracking":false,"_monsterinsights_sitenote_active":false,"_monsterinsights_sitenote_note":"","_monsterinsights_sitenote_category":0,"footnotes":""},"class_list":["post-979","page","type-page","status-publish","hentry","latest_post"],"aioseo_notices":[],"_links":{"self":[{"href":"https:\/\/marupe.edu.lv\/index.php?rest_route=\/wp\/v2\/pages\/979","targetHints":{"allow":["GET"]}}],"collection":[{"href":"https:\/\/marupe.edu.lv\/index.php?rest_route=\/wp\/v2\/pages"}],"about":[{"href":"https:\/\/marupe.edu.lv\/index.php?rest_route=\/wp\/v2\/types\/page"}],"author":[{"embeddable":true,"href":"https:\/\/marupe.edu.lv\/index.php?rest_route=\/wp\/v2\/users\/1"}],"replies":[{"embeddable":true,"href":"https:\/\/marupe.edu.lv\/index.php?rest_route=%2Fwp%2Fv2%2Fcomments&post=979"}],"version-history":[{"count":5,"href":"https:\/\/marupe.edu.lv\/index.php?rest_route=\/wp\/v2\/pages\/979\/revisions"}],"predecessor-version":[{"id":2965,"href":"https:\/\/marupe.edu.lv\/index.php?rest_route=\/wp\/v2\/pages\/979\/revisions\/2965"}],"wp:attachment":[{"href":"https:\/\/marupe.edu.lv\/index.php?rest_route=%2Fwp%2Fv2%2Fmedia&parent=979"}],"curies":[{"name":"wp","href":"https:\/\/api.w.org\/{rel}","templated":true}]}}