{"id":815,"date":"2020-10-29T09:35:40","date_gmt":"2020-10-29T09:35:40","guid":{"rendered":"https:\/\/marupe.edu.lv\/?page_id=815"},"modified":"2025-08-20T15:35:54","modified_gmt":"2025-08-20T13:35:54","slug":"stundu-laiki-2","status":"publish","type":"page","link":"https:\/\/marupe.edu.lv\/?page_id=815","title":{"rendered":"Stundu laiki"},"content":{"rendered":"\n<p class=\"has-text-align-center\" style=\"font-size:25px\"><strong>40 min\u016b\u0161u stundas<\/strong><\/p>\n\n\n\n<p class=\"has-text-align-center\"><span class=\"has-inline-color has-vivid-cyan-blue-color\"><strong>8:00 \u2013 8:40<\/strong>: Skolot\u0101ju sadarb\u012bba\/Intere\u0161u izgl\u012bt\u012bba <\/span><\/p>\n\n\n\n<p class=\"has-text-align-center\"><strong>8:45 \u2013 8:55<\/strong> <em>klases audzin\u0101t\u0101ja r\u012bts<\/em><\/p>\n\n\n\n<p class=\"has-text-align-center\"><strong>9:00 \u2013 9:40<\/strong>: 1.stunda<\/p>\n\n\n\n<p class=\"has-text-align-center\"><strong>9:50 \u2013 10:30<\/strong>: 2.stunda<\/p>\n\n\n\n<p class=\"has-text-align-center\"><strong>10:40 \u2013 11:20<\/strong>: 3.stunda<\/p>\n\n\n\n<p class=\"has-text-align-center\"><strong>11:30 \u2013 12:10<\/strong>: 4.stunda<\/p>\n\n\n\n<p class=\"has-text-align-center\"><strong>12:20 \u2013 13:00<\/strong>: 5.stunda<\/p>\n\n\n\n<p class=\"has-text-align-center\"><strong>13:10 \u2013 13:50<\/strong>: 6.stunda<\/p>\n\n\n\n<p class=\"has-text-align-center\"><strong>14:00 \u2013 14:40<\/strong>: 7.stunda<\/p>\n\n\n\n<p class=\"has-text-align-center\"><strong>14:45 \u2013 15:25<\/strong>: 8.stunda<\/p>\n\n\n\n<p class=\"has-text-align-center\"><strong>15:30 \u2013 16:10<\/strong>: 9.stunda<\/p>\n\n\n\n<p class=\"has-text-align-center\"><strong>16:15 &#8211; 16:55<\/strong>: 10.stunda<\/p>\n\n\n\n<p class=\"has-text-align-center\" style=\"font-size:25px\"><strong><strong>30 min\u016b\u0161u stundas<\/strong><\/strong><\/p>\n\n\n\n<p class=\"has-text-align-center\"><span class=\"has-inline-color has-vivid-cyan-blue-color\"><strong>8:10 \u2013 8:40<\/strong>: Skolot\u0101ju sadarb\u012bba\/Intere\u0161u izgl\u012bt\u012bba <\/span><\/p>\n\n\n\n<p class=\"has-text-align-center\"><strong>8:45 \u2013 8:55<\/strong> <em>klases audzin\u0101t\u0101ja r\u012bts<\/em><\/p>\n\n\n\n<p class=\"has-text-align-center\"><strong>9:00 \u2013 9:30<\/strong>: 1.stunda<\/p>\n\n\n\n<p class=\"has-text-align-center\"><strong>9:40 \u2013 10:10<\/strong>: 2.stunda<\/p>\n\n\n\n<p class=\"has-text-align-center\"><strong>10:20 \u2013 10:50<\/strong>: 3.stunda<\/p>\n\n\n\n<p class=\"has-text-align-center\"><strong>11:00 \u2013 11:30<\/strong>: 4.stunda<\/p>\n\n\n\n<p class=\"has-text-align-center\"><strong>11:40 \u2013 12:10<\/strong>: 5.stunda<\/p>\n\n\n\n<p class=\"has-text-align-center\"><strong>12:20 \u2013 12:50<\/strong>: 6.stunda<\/p>\n\n\n\n<p class=\"has-text-align-center\"><strong>13:00 \u2013 13:30<\/strong>: 7.stunda<\/p>\n\n\n\n<p class=\"has-text-align-center\"><strong>13:40 \u2013 14:<\/strong>10: 8.stunda<\/p>\n\n\n\n<p class=\"has-text-align-center\"><strong>14:20 \u2013 14:50<\/strong>: 9.stunda<\/p>\n","protected":false},"excerpt":{"rendered":"<p>40 min\u016b\u0161u stundas 8:00 \u2013 8:40: Skolot\u0101ju sadarb\u012bba\/Intere\u0161u izgl\u012bt\u012bba 8:45 \u2013 8:55 klases audzin\u0101t\u0101ja r\u012bts 9:00 \u2013 9:40: 1.stunda 9:50 &hellip; <\/p>\n","protected":false},"author":1,"featured_media":0,"parent":0,"menu_order":0,"comment_status":"closed","ping_status":"closed","template":"","meta":{"_monsterinsights_skip_tracking":false,"_monsterinsights_sitenote_active":false,"_monsterinsights_sitenote_note":"","_monsterinsights_sitenote_category":0,"footnotes":""},"class_list":["post-815","page","type-page","status-publish","hentry","latest_post"],"aioseo_notices":[],"_links":{"self":[{"href":"https:\/\/marupe.edu.lv\/index.php?rest_route=\/wp\/v2\/pages\/815","targetHints":{"allow":["GET"]}}],"collection":[{"href":"https:\/\/marupe.edu.lv\/index.php?rest_route=\/wp\/v2\/pages"}],"about":[{"href":"https:\/\/marupe.edu.lv\/index.php?rest_route=\/wp\/v2\/types\/page"}],"author":[{"embeddable":true,"href":"https:\/\/marupe.edu.lv\/index.php?rest_route=\/wp\/v2\/users\/1"}],"replies":[{"embeddable":true,"href":"https:\/\/marupe.edu.lv\/index.php?rest_route=%2Fwp%2Fv2%2Fcomments&post=815"}],"version-history":[{"count":8,"href":"https:\/\/marupe.edu.lv\/index.php?rest_route=\/wp\/v2\/pages\/815\/revisions"}],"predecessor-version":[{"id":4773,"href":"https:\/\/marupe.edu.lv\/index.php?rest_route=\/wp\/v2\/pages\/815\/revisions\/4773"}],"wp:attachment":[{"href":"https:\/\/marupe.edu.lv\/index.php?rest_route=%2Fwp%2Fv2%2Fmedia&parent=815"}],"curies":[{"name":"wp","href":"https:\/\/api.w.org\/{rel}","templated":true}]}}