{"id":799,"date":"2020-10-29T09:34:51","date_gmt":"2020-10-29T09:34:51","guid":{"rendered":"https:\/\/marupe.edu.lv\/?page_id=799"},"modified":"2022-03-09T11:05:21","modified_gmt":"2022-03-09T09:05:21","slug":"atbalsta-biedriba","status":"publish","type":"page","link":"https:\/\/marupe.edu.lv\/?page_id=799","title":{"rendered":"Atbalsta biedr\u012bba"},"content":{"rendered":"\n<div class=\"wp-block-image\"><figure class=\"aligncenter size-full\"><img loading=\"lazy\" decoding=\"async\" width=\"670\" height=\"313\" src=\"https:\/\/marupe.edu.lv\/wp-content\/uploads\/2021\/08\/IMG-20201206-WA0012-002-1.jpg\" alt=\"\" class=\"wp-image-1424\" srcset=\"https:\/\/marupe.edu.lv\/wp-content\/uploads\/2021\/08\/IMG-20201206-WA0012-002-1.jpg 670w, https:\/\/marupe.edu.lv\/wp-content\/uploads\/2021\/08\/IMG-20201206-WA0012-002-1-300x140.jpg 300w\" sizes=\"auto, (max-width: 670px) 100vw, 670px\" \/><\/figure><\/div>\n\n\n\n<p>M\u0101rupes Valsts \u0123imn\u0101zijas atbalsta biedr\u012bba v\u0113las veicin\u0101t M\u0101rupes Valsts \u0123imn\u0101zijas materi\u0101li tehnisk\u0101s b\u0101zes uzlabo\u0161anu un informatiz\u0101ciju un moderniz\u0101ciju, k\u0101 prim\u0101ro patlaban nosakot att\u0101lin\u0101to m\u0101c\u012bbu nodro\u0161in\u0101\u0161anu un datoru sag\u0101di skolas un audz\u0113k\u0146u vajadz\u012bb\u0101m.&nbsp;Ja v\u0113laties atbalst\u012bt \u0161o iniciat\u012bvu ar savu ziedojumu, zem\u0101k ir nor\u0101d\u012bti biedr\u012bbas rekviz\u012bti. B\u016bsim \u013coti pateic\u012bgi par J\u016bsu ieguld\u012bjumu.<\/p>\n\n\n\n<p><strong>Atbalsta biedr\u012bbas rekviz\u012bti:<\/strong><\/p>\n\n\n\n<p>M\u0101rupes Valsts \u0123imn\u0101zijas izgl\u012bt\u012bbas un atbalsta biedr\u012bba<\/p>\n\n\n\n<p>Re\u0123. Nr. 40008048927<\/p>\n\n\n\n<p>Konts: LV22HABA000140J056853 (SWEDBANK)<\/p>\n","protected":false},"excerpt":{"rendered":"<p>M\u0101rupes Valsts \u0123imn\u0101zijas atbalsta biedr\u012bba v\u0113las veicin\u0101t M\u0101rupes Valsts \u0123imn\u0101zijas materi\u0101li tehnisk\u0101s b\u0101zes uzlabo\u0161anu un informatiz\u0101ciju un moderniz\u0101ciju, k\u0101 prim\u0101ro &hellip; <\/p>\n","protected":false},"author":1,"featured_media":0,"parent":0,"menu_order":0,"comment_status":"closed","ping_status":"closed","template":"","meta":{"_monsterinsights_skip_tracking":false,"_monsterinsights_sitenote_active":false,"_monsterinsights_sitenote_note":"","_monsterinsights_sitenote_category":0,"footnotes":""},"class_list":["post-799","page","type-page","status-publish","hentry","latest_post"],"aioseo_notices":[],"_links":{"self":[{"href":"https:\/\/marupe.edu.lv\/index.php?rest_route=\/wp\/v2\/pages\/799","targetHints":{"allow":["GET"]}}],"collection":[{"href":"https:\/\/marupe.edu.lv\/index.php?rest_route=\/wp\/v2\/pages"}],"about":[{"href":"https:\/\/marupe.edu.lv\/index.php?rest_route=\/wp\/v2\/types\/page"}],"author":[{"embeddable":true,"href":"https:\/\/marupe.edu.lv\/index.php?rest_route=\/wp\/v2\/users\/1"}],"replies":[{"embeddable":true,"href":"https:\/\/marupe.edu.lv\/index.php?rest_route=%2Fwp%2Fv2%2Fcomments&post=799"}],"version-history":[{"count":3,"href":"https:\/\/marupe.edu.lv\/index.php?rest_route=\/wp\/v2\/pages\/799\/revisions"}],"predecessor-version":[{"id":2268,"href":"https:\/\/marupe.edu.lv\/index.php?rest_route=\/wp\/v2\/pages\/799\/revisions\/2268"}],"wp:attachment":[{"href":"https:\/\/marupe.edu.lv\/index.php?rest_route=%2Fwp%2Fv2%2Fmedia&parent=799"}],"curies":[{"name":"wp","href":"https:\/\/api.w.org\/{rel}","templated":true}]}}