{"id":794,"date":"2020-10-29T09:34:51","date_gmt":"2020-10-29T09:34:51","guid":{"rendered":"https:\/\/marupe.edu.lv\/?page_id=794"},"modified":"2021-08-27T19:47:18","modified_gmt":"2021-08-27T17:47:18","slug":"sporta-rekordi","status":"publish","type":"page","link":"https:\/\/marupe.edu.lv\/?page_id=794","title":{"rendered":"Dabaszin\u012bbu joma"},"content":{"rendered":"\n<p><strong>2.pak\u0101pes Diploms <\/strong>un s<strong>peci\u0101l\u0101 balva <\/strong><em>(ties\u012bbas tikt uz\u0146emtiem \u0101rpus konkursa STEM jomas RTU fakult\u0101tes pamatstudiju programm\u0101)<\/em> Latvijas skol\u0113nu 45.zin\u0101tnisk\u0101s p\u0113tniec\u012bbas darbu Valsts konferenc\u0113 <em>(\u201cAutoma\u0161\u012bnas riepu gaisa spiediena ietekme uz degvielas pat\u0113ri\u0146u\u201d)<\/em><strong> \u2013 Kristaps Cirsis <\/strong>(11.a) un <strong>Edgars Puri\u0146\u0161-Raisks <\/strong>(11.c)<em> \u2013 darba vad. Modris \u0160\u0101v\u0113js<\/em><\/p>\n\n\n\n<p><strong>1.vieta <\/strong>Pier\u012bgas novadu apvien\u012bbas <strong>biolo\u0123ijas<\/strong> olimpi\u0101d\u0113 &#8211; <strong>P\u0113teris \u0160losbergs<\/strong> <em>(12.a, sk.Rolands B\u0101li\u0146\u0161)<\/em><\/p>\n\n\n\n<p><strong>1.vieta <\/strong>Pier\u012bgas novadu apvien\u012bbas <strong>biolo\u0123ijas<\/strong> olimpi\u0101d\u0113 &#8211; <strong>Lauris Ma\u013cinovskis <\/strong><em>(11.a, sk.Linda Kova\u013cevska)<\/em><\/p>\n\n\n\n<p><strong>1.vieta <\/strong>Pier\u012bgas novadu apvien\u012bbas <strong>\u0137\u012bmijas<\/strong> olimpi\u0101d\u0113 &#8211; <strong>P\u0113teris \u0160losbergs<\/strong> <em>(12.a, sk.Rolands B\u0101li\u0146\u0161)<\/em><\/p>\n\n\n\n<p><strong>1.vieta <\/strong>Pier\u012bgas novadu apvien\u012bbas <strong>\u0137\u012bmijas<\/strong> olimpi\u0101d\u0113 &#8211; <strong>P\u0113teris Ri\u010dards Ozols <\/strong><em>(12.a, sk.Rolands B\u0101li\u0146\u0161)<\/em><\/p>\n\n\n\n<p><strong>1.vieta <\/strong>Pier\u012bgas novadu apvien\u012bbas <strong>fizikas<\/strong> olimpi\u0101d\u0113 &#8211; <strong>Roberts Me\u017eals <\/strong><em>(10.d, sk.Modris \u0160\u0101v\u0113js)<\/em><\/p>\n\n\n\n<p><strong>1.vieta <\/strong>Pier\u012bgas novadu apvien\u012bbas <strong>fizikas<\/strong> olimpi\u0101d\u0113 &#8211; <strong>Gusts Gustavs Gr\u012bnbergs <\/strong><em>(12.a, sk.Modris \u0160\u0101v\u0113js)<\/em><\/p>\n\n\n\n<p><strong>2.pak\u0101pes Diploms <\/strong>Pier\u012bgas un R\u012bgas re\u0123ion\u0101laj\u0101 zin\u0101tnisk\u0101s p\u0113tniec\u012bbas darbu konferenc\u0113 <em>(\u201cAutoma\u0161\u012bnas riepu gaisa spiediena<\/em><em>ietekme uz degvielas pat\u0113ri\u0146u\u201d)<\/em><strong> \u2013Kristaps Cirsis <\/strong>(11.a) un <strong>Edgars Puri\u0146\u0161-Raisks <\/strong>(11.c)<em> \u2013 darba vad. Modris \u0160\u0101v\u0113js \u2013 <\/em>darbs izvirz\u012bts uz Valsts 45.skol\u0113nu zin\u0101tnisk\u0101s p\u0113tniec\u012bbas darbu konferenci<\/p>\n\n\n\n<p><strong>2.vieta <\/strong>Pier\u012bgas novadu apvien\u012bbas <strong>\u0137\u012bmijas<\/strong> olimpi\u0101d\u0113 &#8211; <strong>Paula Kristi\u0101na Harpere<\/strong> <em>(12.a, sk.Rolands B\u0101li\u0146\u0161)<\/em><\/p>\n\n\n\n<p><strong>2.vieta <\/strong>Pier\u012bgas novadu apvien\u012bbas <strong>fizikas<\/strong> olimpi\u0101d\u0113 &#8211; <strong>Lauris Ma\u013cinovskis <\/strong><em>(11.a, sk.Modris \u0160\u0101v\u0113js)<\/em><\/p>\n\n\n\n<p><strong>3.vieta <\/strong>Pier\u012bgas novadu apvien\u012bbas <strong>biolo\u0123ijas<\/strong> olimpi\u0101d\u0113 &#8211; <strong>Aleksis \u0136evi\u0146\u0161<\/strong> <em>(9.a, sk.Ilze Kup\u010da)<\/em> \u2013 izvirz\u012bts uz Valsts Biolo\u0123ijas olimpi\u0101di<\/p>\n\n\n\n<p><strong>3.vieta <\/strong>Pier\u012bgas novadu apvien\u012bbas <strong>fizikas<\/strong> olimpi\u0101d\u0113 &#8211; <strong>Reinhards Viesturs Dikmanis <\/strong><em>(10.a, sk.Modris \u0160\u0101v\u0113js)<\/em><\/p>\n\n\n\n<p><strong>3.vieta <\/strong>Pier\u012bgas novadu apvien\u012bbas <strong>fizikas<\/strong> olimpi\u0101d\u0113 &#8211; <strong>P\u0113teris \u0160losbergs <\/strong><em>(12.a, sk.Modris \u0160\u0101v\u0113js)<\/em><\/p>\n\n\n\n<p><strong>3.pak\u0101pes Diploms<\/strong> Pier\u012bgas un R\u012bgas re\u0123ion\u0101laj\u0101 skol\u0113nu zin\u0101tnisk\u0101s p\u0113tniec\u012bbas darbu konferenc\u0113 \u2013 <strong>Lauris Ma\u013cinovskis <\/strong><em>(11.a, darba vad.Linda Kova\u013cevska)<\/em><\/p>\n\n\n\n<p><strong>Atzin\u012bba <\/strong>Pier\u012bgas novadu apvien\u012bbas <strong>biolo\u0123ijas<\/strong> olimpi\u0101d\u0113 \u2013 <strong>L\u012bva Ozoli\u0146a<\/strong> <em>(9.a, sk.Ilze Kup\u010da)<\/em><\/p>\n\n\n\n<p><strong>Atzin\u012bba <\/strong>Pier\u012bgas novadu apvien\u012bbas <strong>biolo\u0123ijas<\/strong> olimpi\u0101d\u0113 &#8211; <strong>Ance Upmale<\/strong> <em>(9.d, sk.Ilze Kup\u010da)<\/em><\/p>\n\n\n\n<p><strong>Atzin\u012bba <\/strong>Pier\u012bgas novadu apvien\u012bbas <strong>biolo\u0123ijas<\/strong> olimpi\u0101d\u0113 &#8211; <strong>J\u0101nis Gobi\u0146\u0161 <\/strong><em>(11.a, sk.Linda Kova\u013cevska)<\/em><\/p>\n\n\n\n<p><strong>Atzin\u012bba <\/strong>Pier\u012bgas novadu apvien\u012bbas <strong>\u0137\u012bmijas<\/strong> olimpi\u0101d\u0113 &#8211; <strong>Toms Ku\u0161\u0137is <\/strong><em>(9.a, sk.El\u012bna Spol\u012bte)<\/em><\/p>\n\n\n\n<p><strong>Atzin\u012bba <\/strong>Pier\u012bgas novadu apvien\u012bbas <strong>\u0137\u012bmijas<\/strong> olimpi\u0101d\u0113 &#8211; <strong>Aleksis \u0136evi\u0146\u0161 <\/strong><em>(9.a, sk.El\u012bna Spol\u012bte)<\/em><\/p>\n\n\n\n<p><strong>Atzin\u012bba <\/strong>Pier\u012bgas novadu apvien\u012bbas <strong>\u0123eogr\u0101fijas<\/strong> olimpi\u0101d\u0113 &#8211; <strong>Adri\u0101ns Silk\u0101ns <\/strong><em>(10.a, sk.Solveiga Igaune)<\/em><\/p>\n","protected":false},"excerpt":{"rendered":"<p>2.pak\u0101pes Diploms un speci\u0101l\u0101 balva (ties\u012bbas tikt uz\u0146emtiem \u0101rpus konkursa STEM jomas RTU fakult\u0101tes pamatstudiju programm\u0101) Latvijas skol\u0113nu 45.zin\u0101tnisk\u0101s p\u0113tniec\u012bbas &hellip; <\/p>\n","protected":false},"author":1,"featured_media":0,"parent":0,"menu_order":0,"comment_status":"closed","ping_status":"closed","template":"","meta":{"_monsterinsights_skip_tracking":false,"_monsterinsights_sitenote_active":false,"_monsterinsights_sitenote_note":"","_monsterinsights_sitenote_category":0,"footnotes":""},"class_list":["post-794","page","type-page","status-publish","hentry","latest_post"],"aioseo_notices":[],"_links":{"self":[{"href":"https:\/\/marupe.edu.lv\/index.php?rest_route=\/wp\/v2\/pages\/794","targetHints":{"allow":["GET"]}}],"collection":[{"href":"https:\/\/marupe.edu.lv\/index.php?rest_route=\/wp\/v2\/pages"}],"about":[{"href":"https:\/\/marupe.edu.lv\/index.php?rest_route=\/wp\/v2\/types\/page"}],"author":[{"embeddable":true,"href":"https:\/\/marupe.edu.lv\/index.php?rest_route=\/wp\/v2\/users\/1"}],"replies":[{"embeddable":true,"href":"https:\/\/marupe.edu.lv\/index.php?rest_route=%2Fwp%2Fv2%2Fcomments&post=794"}],"version-history":[{"count":4,"href":"https:\/\/marupe.edu.lv\/index.php?rest_route=\/wp\/v2\/pages\/794\/revisions"}],"predecessor-version":[{"id":1482,"href":"https:\/\/marupe.edu.lv\/index.php?rest_route=\/wp\/v2\/pages\/794\/revisions\/1482"}],"wp:attachment":[{"href":"https:\/\/marupe.edu.lv\/index.php?rest_route=%2Fwp%2Fv2%2Fmedia&parent=794"}],"curies":[{"name":"wp","href":"https:\/\/api.w.org\/{rel}","templated":true}]}}