{"id":767,"date":"2020-10-29T09:14:50","date_gmt":"2020-10-29T09:14:50","guid":{"rendered":"https:\/\/marupe.edu.lv\/?page_id=767"},"modified":"2022-10-12T09:14:52","modified_gmt":"2022-10-12T07:14:52","slug":"smu","status":"publish","type":"page","link":"https:\/\/marupe.edu.lv\/?page_id=767","title":{"rendered":"SMU"},"content":{"rendered":"\n<p><\/p>\n\n\n\n<p class=\"has-text-align-left\">Skol\u0113niem, kuri apg\u016bst komerczin\u012bbu programmu, skol\u0113nu m\u0101c\u012bbu uz\u0146\u0113mums (SMU) ir oblig\u0101ts projekts, kur\u0161 tiek realiz\u0113ts 11.klas\u0113 m\u0101c\u012bbu priek\u0161meta Uz\u0146\u0113m\u0113jdarb\u012bbas pamati un projekta darba ietvaros, sadarb\u012bb\u0101 ar jaunie\u0161u uz\u0146\u0113m\u0113jdarb\u012bbas izgl\u012bt\u012bbas organiz\u0101ciju Junior Achievement Latvia.<\/p>\n\n\n\n<p>SMU ir skol\u0113nu veidots un vad\u012bts m\u0101c\u012bbu uz\u0146\u0113mums, kura darb\u012bbai piem\u012bt izgl\u012btojo\u0161s raksturs. SMU m\u0101c\u012bbu nol\u016bkos pilda \u012bsta uz\u0146\u0113muma funkcijas un darbojas re\u0101l\u0101 vid\u0113 \u2013 skol\u0113ni ra\u017eo un p\u0101rdod preces vai pakalpojumus. SMU nav juridiska statusa \u2013 tos p\u0101rst\u0101v Junior Achievement Latvia un skola.<\/p>\n\n\n\n<p>SMU darb\u012bbas laik\u0101 ir iesp\u0113jams piedal\u012bties gadatirgos un festiv\u0101los, kur SMU b\u016bs iesp\u0113ja prezent\u0113t un p\u0101rdot savu produktu, skol\u0113niem &#8211; iepaz\u012bties ar jauniem draugiem. Ja SMU b\u016bs iek\u013cuvis lab\u0101ko Latvijas SMU vid\u016b, tad skol\u0113niem b\u016bs iesp\u0113ja piedal\u012bties Latvijas SMU fin\u0101l\u0101 un nok\u013c\u016bt Eiropas SMU fin\u0101l\u0101. Tad, kad m\u0101c\u012bbu gads tuvosies beig\u0101m, uz\u0146\u0113mums b\u016bs j\u0101likvid\u0113. Tas noz\u012bm\u0113, ka uz\u0146\u0113muma darb\u012bbas laiks b\u016bs beidzies. Tad SMU ir j\u0101sagatavo likvid\u0101cijas dokumenti, kas sast\u0101v no atskait\u0113m par SMU darb\u012bbu.<\/p>\n\n\n\n<p>P\u0113c veiksm\u012bgas darbo\u0161an\u0101s SMU komand\u0101, skol\u0113niem ir iesp\u0113ja ieg\u016bt JA Latvia sertifik\u0101tu, kas dod priek\u0161roc\u012bbas, iest\u0101joties vair\u0101k\u0101s augstskol\u0101s.<\/p>\n\n\n\n<p>Skol\u0113niem, kuri apg\u016bst komerczin\u012bbu programmu, skol\u0113nu m\u0101c\u012bbu uz\u0146\u0113mums (SMU) ir oblig\u0101ts projekts, kur\u0161 tiek realiz\u0113ts 11.klas\u0113 m\u0101c\u012bbu priek\u0161meta Uz\u0146\u0113m\u0113jdarb\u012bbas pamati un projekta darba ietvaros, sadarb\u012bb\u0101 ar jaunie\u0161u uz\u0146\u0113m\u0113jdasrb\u012bbas izgl\u012bt\u012bbas organiz\u0101ciju Junior Achievement Latvia.<\/p>\n\n\n\n<p>SMU ir skol\u0113nu veidots un vad\u012bts m\u0101c\u012bbu uz\u0146\u0113mums, kura darb\u012bbai piem\u012bt izgl\u012btojo\u0161s raksturs. SMU m\u0101c\u012bbu nol\u016bkos pilda \u012bsta uz\u0146\u0113muma funkcijas un darbojas re\u0101l\u0101 vid\u0113 \u2013 skol\u0113ni ra\u017eo un p\u0101rdod preces vai pakalpojumus. SMU nav juridiska statusa \u2013 tos p\u0101rst\u0101v Junior Achievement Latvia un skola.<\/p>\n\n\n\n<p>SMU darb\u012bbas laik\u0101 ir iesp\u0113jams piedal\u012bties gadatirgos un festiv\u0101los, kur SMU b\u016bs iesp\u0113ja prezent\u0113t un p\u0101rdot savu produktu, skol\u0113niem &#8211; iepaz\u012bties ar jauniem draugiem. Ja SMU b\u016bs iek\u013cuvis lab\u0101ko Latvijas SMU vid\u016b, tad skol\u0113niem b\u016bs iesp\u0113ja piedal\u012bties Latvijas SMU fin\u0101l\u0101 un nok\u013c\u016bt Eiropas SMU fin\u0101l\u0101. Tad, kad m\u0101c\u012bbu gads tuvosies beig\u0101m, uz\u0146\u0113mums b\u016bs j\u0101likvid\u0113. Tas noz\u012bm\u0113, ka uz\u0146\u0113muma darb\u012bbas laiks b\u016bs beidzies. Tad SMU ir j\u0101sagatavo likvid\u0101cijas dokumenti, kas sast\u0101v no atskait\u0113m par SMU darb\u012bbu.<\/p>\n\n\n\n<p>P\u0113c veiksm\u012bgas darbo\u0161an\u0101s SMU komand\u0101, skol\u0113niem ir iesp\u0113ja ieg\u016bt JA Latvia sertifik\u0101tu, kas dod priek\u0161roc\u012bbas, iest\u0101joties vair\u0101k\u0101s augstskol\u0101s.<\/p>\n\n\n\n<div class=\"wp-block-image\"><figure class=\"aligncenter size-large\"><img loading=\"lazy\" decoding=\"async\" width=\"575\" height=\"1024\" src=\"https:\/\/marupe.edu.lv\/wp-content\/uploads\/2022\/10\/image-1-575x1024.png\" alt=\"\" class=\"wp-image-2784\" srcset=\"https:\/\/marupe.edu.lv\/wp-content\/uploads\/2022\/10\/image-1-575x1024.png 575w, https:\/\/marupe.edu.lv\/wp-content\/uploads\/2022\/10\/image-1-168x300.png 168w, https:\/\/marupe.edu.lv\/wp-content\/uploads\/2022\/10\/image-1-768x1367.png 768w, https:\/\/marupe.edu.lv\/wp-content\/uploads\/2022\/10\/image-1-863x1536.png 863w, https:\/\/marupe.edu.lv\/wp-content\/uploads\/2022\/10\/image-1.png 957w\" sizes=\"auto, (max-width: 575px) 100vw, 575px\" \/><\/figure><\/div>\n","protected":false},"excerpt":{"rendered":"<p>Skol\u0113niem, kuri apg\u016bst komerczin\u012bbu programmu, skol\u0113nu m\u0101c\u012bbu uz\u0146\u0113mums (SMU) ir oblig\u0101ts projekts, kur\u0161 tiek realiz\u0113ts 11.klas\u0113 m\u0101c\u012bbu priek\u0161meta Uz\u0146\u0113m\u0113jdarb\u012bbas pamati &hellip; <\/p>\n","protected":false},"author":1,"featured_media":0,"parent":0,"menu_order":0,"comment_status":"closed","ping_status":"closed","template":"","meta":{"_monsterinsights_skip_tracking":false,"_monsterinsights_sitenote_active":false,"_monsterinsights_sitenote_note":"","_monsterinsights_sitenote_category":0,"footnotes":""},"class_list":["post-767","page","type-page","status-publish","hentry","latest_post"],"aioseo_notices":[],"_links":{"self":[{"href":"https:\/\/marupe.edu.lv\/index.php?rest_route=\/wp\/v2\/pages\/767","targetHints":{"allow":["GET"]}}],"collection":[{"href":"https:\/\/marupe.edu.lv\/index.php?rest_route=\/wp\/v2\/pages"}],"about":[{"href":"https:\/\/marupe.edu.lv\/index.php?rest_route=\/wp\/v2\/types\/page"}],"author":[{"embeddable":true,"href":"https:\/\/marupe.edu.lv\/index.php?rest_route=\/wp\/v2\/users\/1"}],"replies":[{"embeddable":true,"href":"https:\/\/marupe.edu.lv\/index.php?rest_route=%2Fwp%2Fv2%2Fcomments&post=767"}],"version-history":[{"count":4,"href":"https:\/\/marupe.edu.lv\/index.php?rest_route=\/wp\/v2\/pages\/767\/revisions"}],"predecessor-version":[{"id":2786,"href":"https:\/\/marupe.edu.lv\/index.php?rest_route=\/wp\/v2\/pages\/767\/revisions\/2786"}],"wp:attachment":[{"href":"https:\/\/marupe.edu.lv\/index.php?rest_route=%2Fwp%2Fv2%2Fmedia&parent=767"}],"curies":[{"name":"wp","href":"https:\/\/api.w.org\/{rel}","templated":true}]}}