{"id":754,"date":"2020-10-29T09:08:54","date_gmt":"2020-10-29T09:08:54","guid":{"rendered":"https:\/\/marupe.edu.lv\/?page_id=754"},"modified":"2026-04-30T08:39:24","modified_gmt":"2026-04-30T06:39:24","slug":"uz-10-klasi","status":"publish","type":"page","link":"https:\/\/marupe.edu.lv\/?page_id=754","title":{"rendered":"Uz\u0146em\u0161ana 10.klas\u0113"},"content":{"rendered":"\n<p>Pieteik\u0161an\u0101s iest\u0101jp\u0101rbaud\u012bjumam notika no 1. l\u012bdz 12.apr\u012blim.<\/p>\n\n\n\n<p>Iest\u0101jp\u0101rbaud\u012bjums uz 10.klasi notika 2026.gada 18.apr\u012bl\u012b plkst. 9.00.<\/p>\n\n\n\n<p>Iest\u0101jp\u0101rbaud\u012bjuma rezult\u0101ti tiks public\u0113ti l\u012bdz 22.maijam.<\/p>\n\n\n\n<p>2026.gada 9.maija iest\u0101jp\u0101rbaud\u012bjuma mutv\u0101rdu da\u013cas latvie\u0161u valod\u0101 <a href=\"https:\/\/marupe.edu.lv\/wp-content\/uploads\/2026\/04\/Mutvardu-grafiks_pareizias.pdf\" target=\"_blank\" rel=\"noopener\" title=\"GARFIKS\">GRAFIKS<\/a><br><\/p>\n\n\n\n<p><a href=\"https:\/\/marupe.edu.lv\/wp-content\/uploads\/2026\/04\/10.pdf\" target=\"_blank\" rel=\"noopener\" title=\"\">STUNDU PL\u0100NI M\u0100C\u012aBU VIRZIENIEM 2026.\/27. MAC\u012aBU GADAM<\/a><\/p>\n\n\n\n<p><a href=\"https:\/\/marupe.edu.lv\/wp-content\/uploads\/2026\/03\/24_MVG-10.klases-uznemsanas-noteikumi_KONSOLIDETS.pdf\" target=\"_blank\" rel=\"noopener\" title=\"Uz\u0146em\u0161anas noteikumi\">UZ\u0145EM\u0160ANAS NOTEIKUMI<\/a><\/p>\n\n\n\n<p><a href=\"https:\/\/marupe.edu.lv\/wp-content\/uploads\/2026\/02\/Iestajparbaudijuma-uz-10.klasi-programma.pdf\" target=\"_blank\" rel=\"noopener\" title=\"\">IEST\u0100JP\u0100RBAUD\u012aJUMA PROGRAMMA<\/a><br><\/p>\n\n\n\n<p><br><\/p>\n\n\n\n<p><\/p>\n","protected":false},"excerpt":{"rendered":"<p>Pieteik\u0161an\u0101s iest\u0101jp\u0101rbaud\u012bjumam notika no 1. l\u012bdz 12.apr\u012blim. Iest\u0101jp\u0101rbaud\u012bjums uz 10.klasi notika 2026.gada 18.apr\u012bl\u012b plkst. 9.00. Iest\u0101jp\u0101rbaud\u012bjuma rezult\u0101ti tiks public\u0113ti l\u012bdz &hellip; <\/p>\n","protected":false},"author":1,"featured_media":0,"parent":0,"menu_order":0,"comment_status":"closed","ping_status":"closed","template":"","meta":{"_monsterinsights_skip_tracking":false,"_monsterinsights_sitenote_active":false,"_monsterinsights_sitenote_note":"","_monsterinsights_sitenote_category":0,"footnotes":""},"class_list":["post-754","page","type-page","status-publish","hentry","latest_post"],"aioseo_notices":[],"_links":{"self":[{"href":"https:\/\/marupe.edu.lv\/index.php?rest_route=\/wp\/v2\/pages\/754","targetHints":{"allow":["GET"]}}],"collection":[{"href":"https:\/\/marupe.edu.lv\/index.php?rest_route=\/wp\/v2\/pages"}],"about":[{"href":"https:\/\/marupe.edu.lv\/index.php?rest_route=\/wp\/v2\/types\/page"}],"author":[{"embeddable":true,"href":"https:\/\/marupe.edu.lv\/index.php?rest_route=\/wp\/v2\/users\/1"}],"replies":[{"embeddable":true,"href":"https:\/\/marupe.edu.lv\/index.php?rest_route=%2Fwp%2Fv2%2Fcomments&post=754"}],"version-history":[{"count":177,"href":"https:\/\/marupe.edu.lv\/index.php?rest_route=\/wp\/v2\/pages\/754\/revisions"}],"predecessor-version":[{"id":5294,"href":"https:\/\/marupe.edu.lv\/index.php?rest_route=\/wp\/v2\/pages\/754\/revisions\/5294"}],"wp:attachment":[{"href":"https:\/\/marupe.edu.lv\/index.php?rest_route=%2Fwp%2Fv2%2Fmedia&parent=754"}],"curies":[{"name":"wp","href":"https:\/\/api.w.org\/{rel}","templated":true}]}}