{"id":752,"date":"2020-10-29T09:08:54","date_gmt":"2020-10-29T09:08:54","guid":{"rendered":"https:\/\/marupe.edu.lv\/?page_id=752"},"modified":"2023-06-27T06:09:56","modified_gmt":"2023-06-27T04:09:56","slug":"uznemsana","status":"publish","type":"page","link":"https:\/\/marupe.edu.lv\/?page_id=752","title":{"rendered":"Uz\u0146em\u0161ana"},"content":{"rendered":"\n<p><a data-type=\"URL\" data-id=\"https:\/\/marupe.edu.lv\/?page_id=751(atveras jaun\u0101 log\u0101)\" href=\"https:\/\/marupe.edu.lv\/?page_id=751(atveras jaun\u0101 log\u0101)\">1.klas\u0113<\/a><\/p>\n\n\n\n<p><a data-type=\"URL\" data-id=\"https:\/\/marupe.edu.lv\/?page_id=753\" href=\"https:\/\/marupe.edu.lv\/?page_id=753\">7.klas\u0113<\/a><\/p>\n\n\n\n<p><a data-type=\"URL\" data-id=\"https:\/\/marupe.edu.lv\/?page_id=754(atveras jaun\u0101 log\u0101)\" href=\"https:\/\/marupe.edu.lv\/?page_id=754(atveras jaun\u0101 log\u0101)\">10.klas\u0113<\/a><\/p>\n\n\n\n<p><a href=\"https:\/\/marupe.edu.lv\/?page_id=3270\" title=\"Uz p\u0101r\u0113j\u0101m klas\u0113m\">Uz p\u0101r\u0113j\u0101m klas\u0113m<\/a><\/p>\n","protected":false},"excerpt":{"rendered":"<p>1.klas\u0113 7.klas\u0113 10.klas\u0113 Uz p\u0101r\u0113j\u0101m klas\u0113m<\/p>\n","protected":false},"author":1,"featured_media":0,"parent":0,"menu_order":0,"comment_status":"closed","ping_status":"closed","template":"","meta":{"_monsterinsights_skip_tracking":false,"_monsterinsights_sitenote_active":false,"_monsterinsights_sitenote_note":"","_monsterinsights_sitenote_category":0,"footnotes":""},"class_list":["post-752","page","type-page","status-publish","hentry","latest_post"],"aioseo_notices":[],"_links":{"self":[{"href":"https:\/\/marupe.edu.lv\/index.php?rest_route=\/wp\/v2\/pages\/752","targetHints":{"allow":["GET"]}}],"collection":[{"href":"https:\/\/marupe.edu.lv\/index.php?rest_route=\/wp\/v2\/pages"}],"about":[{"href":"https:\/\/marupe.edu.lv\/index.php?rest_route=\/wp\/v2\/types\/page"}],"author":[{"embeddable":true,"href":"https:\/\/marupe.edu.lv\/index.php?rest_route=\/wp\/v2\/users\/1"}],"replies":[{"embeddable":true,"href":"https:\/\/marupe.edu.lv\/index.php?rest_route=%2Fwp%2Fv2%2Fcomments&post=752"}],"version-history":[{"count":6,"href":"https:\/\/marupe.edu.lv\/index.php?rest_route=\/wp\/v2\/pages\/752\/revisions"}],"predecessor-version":[{"id":4056,"href":"https:\/\/marupe.edu.lv\/index.php?rest_route=\/wp\/v2\/pages\/752\/revisions\/4056"}],"wp:attachment":[{"href":"https:\/\/marupe.edu.lv\/index.php?rest_route=%2Fwp%2Fv2%2Fmedia&parent=752"}],"curies":[{"name":"wp","href":"https:\/\/api.w.org\/{rel}","templated":true}]}}