{"id":751,"date":"2020-10-29T09:08:54","date_gmt":"2020-10-29T09:08:54","guid":{"rendered":"https:\/\/marupe.edu.lv\/?page_id=751"},"modified":"2026-01-19T13:15:38","modified_gmt":"2026-01-19T11:15:38","slug":"uz-1-klasi","status":"publish","type":"page","link":"https:\/\/marupe.edu.lv\/?page_id=751","title":{"rendered":"Uz\u0146em\u0161ana 1. klas\u0113"},"content":{"rendered":"\n<div class=\"wp-block-columns is-layout-flex wp-container-core-columns-is-layout-9d6595d7 wp-block-columns-is-layout-flex\">\n<div class=\"wp-block-column is-layout-flow wp-block-column-is-layout-flow\" style=\"flex-basis:100%\">\n<div class=\"wp-block-columns is-layout-flex wp-container-core-columns-is-layout-9d6595d7 wp-block-columns-is-layout-flex\">\n<div class=\"wp-block-column is-layout-flow wp-block-column-is-layout-flow\" style=\"flex-basis:100%\"><\/div>\n<\/div>\n<\/div>\n<\/div>\n\n\n\n<p>Saska\u0146\u0101 ar M\u0101rupes novada pa\u0161vald\u012bbas 2024.gada 28.decembra l\u0113mumu Nr.22 \u201cPar 1.kla\u0161u atv\u0113r\u0161anu 2026.\/2027.m.g. M\u0101rupes novada visp\u0101r\u0113j\u0101s izgl\u012bt\u012bbas iest\u0101d\u0113s\u201d noteikts, ka M\u0101rupes Valsts \u0123imn\u0101zij\u0101 2026.\/2027.m.g. tiks atv\u0113rtas\u00a0<strong>4 (\u010detras)<\/strong> 1.klases<\/p>\n\n\n\n<h2 class=\"wp-block-heading has-text-align-center\">Dokumentu pie\u0146em\u0161anas laiks:<\/h2>\n\n\n\n<p class=\"has-text-align-center\">Pirmdiena &#8211; Ceturtdiena <\/p>\n\n\n\n<p class=\"has-text-align-center\">8:00 &#8211; 14:00<\/p>\n\n\n\n<h2 class=\"wp-block-heading has-text-align-center\"><strong>Dokumentus j\u0101iesniedz l\u012bdz 30.j\u016bnijam<\/strong><\/h2>\n\n\n\n<p><\/p>\n\n\n\n<p>B\u0113rna pieteik\u0161ana notiek katru gadu no 15. janv\u0101ra (ja datums iekr\u012bt br\u012bvdien\u0101, tad n\u0101kamaj\u0101 darba dien\u0101) plkst. 08:30 l\u012bdz 1. martam.<\/p>\n\n\n\n<p>Piesakot b\u0113rnu ir j\u0101iesniedz <a href=\"https:\/\/marupe.edu.lv\/wp-content\/uploads\/2026\/01\/Iesnieguma-forma.docx\" title=\"\">iesniegums<\/a> (var iesniegt elektroniski parakst\u012btu, var iesniegt parakst\u012btu ar roku un sken\u0113tu).<\/p>\n\n\n\n<p>Piesakot b\u0113rnu skol\u0101 elektroniski, iesniegums ir j\u0101s\u016bta uz e-pasta adresi <a href=\"mailto:1klase.mvsk@marupe.lv\" data-type=\"mailto\" data-id=\"mailto:1klase.mvsk@marupe.lv\">1klase.mvsk@marupe.lv<\/a><\/p>\n\n\n\n<p class=\"has-text-align-center\"><a href=\"https:\/\/marupe.edu.lv\/wp-content\/uploads\/2024\/11\/likumi_lv_356326_14.11.2024__lv.pdf\" target=\"_blank\" rel=\"noopener\" title=\"\">K\u0101rt\u012bba b\u0113rnu uz\u0146em\u0161anai 1.klas\u0113 M\u0101rupes novada pa\u0161vald\u012bbas visp\u0101r\u0113j\u0101s izgl\u012bt\u012bbas iest\u0101d\u0113s<\/a><\/p>\n\n\n\n<p><\/p>\n","protected":false},"excerpt":{"rendered":"<p>Saska\u0146\u0101 ar M\u0101rupes novada pa\u0161vald\u012bbas 2024.gada 28.decembra l\u0113mumu Nr.22 \u201cPar 1.kla\u0161u atv\u0113r\u0161anu 2026.\/2027.m.g. M\u0101rupes novada visp\u0101r\u0113j\u0101s izgl\u012bt\u012bbas iest\u0101d\u0113s\u201d noteikts, ka &hellip; <\/p>\n","protected":false},"author":1,"featured_media":0,"parent":0,"menu_order":0,"comment_status":"closed","ping_status":"closed","template":"","meta":{"_monsterinsights_skip_tracking":false,"_monsterinsights_sitenote_active":false,"_monsterinsights_sitenote_note":"","_monsterinsights_sitenote_category":0,"footnotes":""},"class_list":["post-751","page","type-page","status-publish","hentry","latest_post"],"aioseo_notices":[],"_links":{"self":[{"href":"https:\/\/marupe.edu.lv\/index.php?rest_route=\/wp\/v2\/pages\/751","targetHints":{"allow":["GET"]}}],"collection":[{"href":"https:\/\/marupe.edu.lv\/index.php?rest_route=\/wp\/v2\/pages"}],"about":[{"href":"https:\/\/marupe.edu.lv\/index.php?rest_route=\/wp\/v2\/types\/page"}],"author":[{"embeddable":true,"href":"https:\/\/marupe.edu.lv\/index.php?rest_route=\/wp\/v2\/users\/1"}],"replies":[{"embeddable":true,"href":"https:\/\/marupe.edu.lv\/index.php?rest_route=%2Fwp%2Fv2%2Fcomments&post=751"}],"version-history":[{"count":33,"href":"https:\/\/marupe.edu.lv\/index.php?rest_route=\/wp\/v2\/pages\/751\/revisions"}],"predecessor-version":[{"id":5065,"href":"https:\/\/marupe.edu.lv\/index.php?rest_route=\/wp\/v2\/pages\/751\/revisions\/5065"}],"wp:attachment":[{"href":"https:\/\/marupe.edu.lv\/index.php?rest_route=%2Fwp%2Fv2%2Fmedia&parent=751"}],"curies":[{"name":"wp","href":"https:\/\/api.w.org\/{rel}","templated":true}]}}