{"id":741,"date":"2020-10-29T08:58:30","date_gmt":"2020-10-29T08:58:30","guid":{"rendered":"https:\/\/marupe.edu.lv\/?page_id=741"},"modified":"2025-08-25T08:21:47","modified_gmt":"2025-08-25T06:21:47","slug":"stipendijas","status":"publish","type":"page","link":"https:\/\/marupe.edu.lv\/?page_id=741","title":{"rendered":"Esi l\u012bderis"},"content":{"rendered":"\n<p><a href=\"https:\/\/marupe.edu.lv\/?page_id=987\" data-type=\"URL\" data-id=\"https:\/\/marupe.edu.lv\/?page_id=987\">Programma L\u012bderis man\u012b<\/a><\/p>\n\n\n\n<p><a data-type=\"URL\" data-id=\"https:\/\/marupe.edu.lv\/?page_id=1471\" href=\"https:\/\/marupe.edu.lv\/?page_id=1471\">M\u016bsu lepnums<\/a><\/p>\n","protected":false},"excerpt":{"rendered":"<p>Programma L\u012bderis man\u012b M\u016bsu lepnums<\/p>\n","protected":false},"author":1,"featured_media":0,"parent":0,"menu_order":0,"comment_status":"closed","ping_status":"closed","template":"","meta":{"_monsterinsights_skip_tracking":false,"_monsterinsights_sitenote_active":false,"_monsterinsights_sitenote_note":"","_monsterinsights_sitenote_category":0,"footnotes":""},"class_list":["post-741","page","type-page","status-publish","hentry","latest_post"],"aioseo_notices":[],"_links":{"self":[{"href":"https:\/\/marupe.edu.lv\/index.php?rest_route=\/wp\/v2\/pages\/741","targetHints":{"allow":["GET"]}}],"collection":[{"href":"https:\/\/marupe.edu.lv\/index.php?rest_route=\/wp\/v2\/pages"}],"about":[{"href":"https:\/\/marupe.edu.lv\/index.php?rest_route=\/wp\/v2\/types\/page"}],"author":[{"embeddable":true,"href":"https:\/\/marupe.edu.lv\/index.php?rest_route=\/wp\/v2\/users\/1"}],"replies":[{"embeddable":true,"href":"https:\/\/marupe.edu.lv\/index.php?rest_route=%2Fwp%2Fv2%2Fcomments&post=741"}],"version-history":[{"count":5,"href":"https:\/\/marupe.edu.lv\/index.php?rest_route=\/wp\/v2\/pages\/741\/revisions"}],"predecessor-version":[{"id":4788,"href":"https:\/\/marupe.edu.lv\/index.php?rest_route=\/wp\/v2\/pages\/741\/revisions\/4788"}],"wp:attachment":[{"href":"https:\/\/marupe.edu.lv\/index.php?rest_route=%2Fwp%2Fv2%2Fmedia&parent=741"}],"curies":[{"name":"wp","href":"https:\/\/api.w.org\/{rel}","templated":true}]}}