{"id":5255,"date":"2026-04-21T07:55:09","date_gmt":"2026-04-21T05:55:09","guid":{"rendered":"https:\/\/marupe.edu.lv\/?page_id=5255"},"modified":"2026-04-21T08:50:21","modified_gmt":"2026-04-21T06:50:21","slug":"galerija-2","status":"publish","type":"page","link":"https:\/\/marupe.edu.lv\/?page_id=5255","title":{"rendered":"Galerija"},"content":{"rendered":"    <div class=\"dg-wrap\"\n         data-loaded=\"13\"\n         data-total=\"13\"\n         data-per-page=\"20\"\n         data-limit=\"0\"\n         data-columns=\"3\"\n         data-ajax-url=\"https:\/\/marupe.edu.lv\/wp-admin\/admin-ajax.php\">\n    <div class=\"dg-grid\" style=\"--dg-cols: 3;\">\n                <a class=\"dg-card\"\n           href=\"https:\/\/photos.app.goo.gl\/3VxBhXzFdBGwB3Ga8\"\n           target=\"_blank\"\n           rel=\"noopener\"\n           title=\"Skolas 115.gadu jubilejas pas\u0101kums\"\n           style=\"background-image:url('https:\/\/lh3.googleusercontent.com\/pw\/AP1GczMI9B9JLMPi6z0mXv0n4I-YmAZ97D36R5Zbl2FJfcXnRhknlTcOMh_bDAyPebkXG_8iDImO-rAu5spsEOpxmPchaQD-347CrlRxooHrDfAF6_WKjps=w600-h315-p-k');\">\n                        <div class=\"dg-credit\">Foto: \u0160losberga L\u012bva<\/div>\n                        <div class=\"dg-overlay\">\n                <h3 class=\"dg-title\">Skolas 115.gadu jubilejas pas\u0101kums<\/h3>\n                                <time class=\"dg-date\">20. apr\u012bl\u012b 2026<\/time>\n                            <\/div>\n        <\/a>\n                <a class=\"dg-card\"\n           href=\"https:\/\/photos.app.goo.gl\/F7TTHyWMuLsaBYhv9\"\n           target=\"_blank\"\n           rel=\"noopener\"\n           title=\"Skol\u0113ni vs Skolot\u0101ji 2026\"\n           style=\"background-image:url('https:\/\/lh3.googleusercontent.com\/pw\/AP1GczMGFNKKKSPb06rcoZSjZ2tnw7oBS9YRryusxHg3cZw-5Hj71ucuvZIwsG4H5zcNmS0Dt4WZO0uJmuZV2slhWDKzdMXdAAAq2NqyOYCHjr_igl4Usdg=w600-h315-p-k');\">\n                        <div class=\"dg-credit\">Foto: \u0160losberga L\u012bva<\/div>\n                        <div class=\"dg-overlay\">\n                <h3 class=\"dg-title\">Skol\u0113ni vs Skolot\u0101ji 2026<\/h3>\n                                <time class=\"dg-date\">24. mart\u0101 2026<\/time>\n                            <\/div>\n        <\/a>\n                <a class=\"dg-card\"\n           href=\"https:\/\/photos.app.goo.gl\/ar1muqYJAXtYXZwt5\"\n           target=\"_blank\"\n           rel=\"noopener\"\n           title=\"Konference &quot;PAPLA\u0160INI KOMFORTA ZONU&quot;\"\n           style=\"background-image:url('https:\/\/lh3.googleusercontent.com\/pw\/AP1GczNcVrZn5xStKjkujsEhJh8Vu4awk_fEzmzKGBK6cuz9IJYfjbQq-OOLKY6JO2DNNUa7ZEn-xq4T3fvn9z3jtuF0VEtB85EeQRliibmYO8sTcM7oIS4=w600-h315-p-k');\">\n                        <div class=\"dg-overlay\">\n                <h3 class=\"dg-title\">Konference &quot;PAPLA\u0160INI KOMFORTA ZONU&quot;<\/h3>\n                                <time class=\"dg-date\">10. mart\u0101 2026<\/time>\n                            <\/div>\n        <\/a>\n                <a class=\"dg-card\"\n           href=\"https:\/\/photos.app.goo.gl\/f3AzSupE2iJ1rzRr7\"\n           target=\"_blank\"\n           rel=\"noopener\"\n           title=\"Volejbola turn\u012brs 2026\"\n           style=\"background-image:url('https:\/\/lh3.googleusercontent.com\/pw\/AP1GczNmL4ZgplvrM7kLT7PKhI650EqGRn5wjfjr7NE9PA05X-Magn5egxF0BNCR6UgtnGJjjXPPjviDp0u2MkLD2rXVzXpo-FqApe0ZtuzpdSfj5Ie6zSY=w600-h315-p-k');\">\n                        <div class=\"dg-overlay\">\n                <h3 class=\"dg-title\">Volejbola turn\u012brs 2026<\/h3>\n                                <time class=\"dg-date\">4. mart\u0101 2026<\/time>\n                            <\/div>\n        <\/a>\n                <a class=\"dg-card\"\n           href=\"https:\/\/photos.app.goo.gl\/QGR4kS9qtcpuoqkGA\"\n           target=\"_blank\"\n           rel=\"noopener\"\n           title=\"Zemgales re\u0123iona skolu sacens\u012bb\u0101s volejbol\u0101\"\n           style=\"background-image:url('https:\/\/lh3.googleusercontent.com\/pw\/AP1GczMUnIHD2MhMJLx5JIX6BfljvMcFkNW-YyQVcMbqh1KcmysyzFTx0o9RzxPxTYsvGKs_qNkfjiF-SzR_kkm70GD1Wm4Wg-hbUAPeMVKFTdj5tdXQ1Fg=w600-h315-p-k');\">\n                        <div class=\"dg-overlay\">\n                <h3 class=\"dg-title\">Zemgales re\u0123iona skolu sacens\u012bb\u0101s volejbol\u0101<\/h3>\n                                <time class=\"dg-date\">24. febru\u0101r\u012b 2026<\/time>\n                            <\/div>\n        <\/a>\n                <a class=\"dg-card\"\n           href=\"https:\/\/photos.app.goo.gl\/aPp8wfayYbMvLRJcA\"\n           target=\"_blank\"\n           rel=\"noopener\"\n           title=\"Valent\u012bndiena 2026\"\n           style=\"background-image:url('https:\/\/lh3.googleusercontent.com\/pw\/AP1GczM1tg03x-ZXaG1BSU3K-DkR3JyQyFhD0-2OWsYNcAtt1LtaMxUdyXvhYhBlVI7keWraNEZrHt3KjBZrJe_j1OQKiP0i9kjBLGlTZ0j5wWiKPIXQBts=w600-h315-p-k');\">\n                        <div class=\"dg-overlay\">\n                <h3 class=\"dg-title\">Valent\u012bndiena 2026<\/h3>\n                                <time class=\"dg-date\">13. febru\u0101r\u012b 2026<\/time>\n                            <\/div>\n        <\/a>\n                <a class=\"dg-card\"\n           href=\"https:\/\/photos.app.goo.gl\/MJNLuFE2Y1pk2iLi9\"\n           target=\"_blank\"\n           rel=\"noopener\"\n           title=\"SMU TIRDZI\u0145\u0160 2026\"\n           style=\"background-image:url('https:\/\/lh3.googleusercontent.com\/pw\/AP1GczN6VAMFOv-X6tIu5C7-NJN_4Bkhg4tVlBeH0T3pd997QU2f-LUquuH6OzjtBw1dtareCs3K21dEX6n5lmv_ANcIVoaBn5F9ibE5bzrq1msiXFGpYps=w600-h315-p-k');\">\n                        <div class=\"dg-overlay\">\n                <h3 class=\"dg-title\">SMU TIRDZI\u0145\u0160 2026<\/h3>\n                                <time class=\"dg-date\">23. janv\u0101r\u012b 2026<\/time>\n                            <\/div>\n        <\/a>\n                <a class=\"dg-card\"\n           href=\"https:\/\/photos.app.goo.gl\/9yPnpoXRugSoroB98\"\n           target=\"_blank\"\n           rel=\"noopener\"\n           title=\"Ziemassv\u0113tku koncerts 2025\"\n           style=\"background-image:url('https:\/\/lh3.googleusercontent.com\/pw\/AP1GczN3FFdAVqmcPEILCNFb5Tq_4lyuQB3gGF-Kd5PEJtm-Ni44dMoFSoY19k7gfG_0WX66trCexLdBT7E6JlMHd8YxW9VQxxOuVK-YpwDr1YZv440ESto=w600-h315-p-k');\">\n                        <div class=\"dg-overlay\">\n                <h3 class=\"dg-title\">Ziemassv\u0113tku koncerts 2025<\/h3>\n                                <time class=\"dg-date\">15. decembr\u012b 2025<\/time>\n                            <\/div>\n        <\/a>\n                <a class=\"dg-card\"\n           href=\"https:\/\/photos.app.goo.gl\/DtK5TACwAiFsPtmk6\"\n           target=\"_blank\"\n           rel=\"noopener\"\n           title=\"Ziemassv\u0113tku balle 2025\"\n           style=\"background-image:url('https:\/\/lh3.googleusercontent.com\/pw\/AP1GczOog5Ca_PyxcCN1MJyk3izNbsTRKWnliCQbBjeFsjO4brxe7rjQmTJZPLwyj1Tmf-hEiBXOC5k0dhVAqBRR0FsVfTF-YFf1MYd4ZFzGcPgOXqhxeao=w600-h315-p-k');\">\n                        <div class=\"dg-overlay\">\n                <h3 class=\"dg-title\">Ziemassv\u0113tku balle 2025<\/h3>\n                                <time class=\"dg-date\">12. decembr\u012b 2025<\/time>\n                            <\/div>\n        <\/a>\n                <a class=\"dg-card\"\n           href=\"https:\/\/photos.app.goo.gl\/AQqWQHUFiMuGFC7K9\"\n           target=\"_blank\"\n           rel=\"noopener\"\n           title=\"Mazo Ziemassv\u0113tku balle 2025\"\n           style=\"background-image:url('https:\/\/lh3.googleusercontent.com\/pw\/AP1GczM1O7-J_8ECUAQd7E1z4zfFORKIERCAfDP_122Cm7EFBO_k8YVs1o0bFtiuhaAdNuBtUZO8gmBv682Zz5aEXNOTESUzSlaHPua4V2EPXZB5AyyUVGw=w600-h315-p-k');\">\n                        <div class=\"dg-overlay\">\n                <h3 class=\"dg-title\">Mazo Ziemassv\u0113tku balle 2025<\/h3>\n                                <time class=\"dg-date\">10. decembr\u012b 2025<\/time>\n                            <\/div>\n        <\/a>\n                <a class=\"dg-card\"\n           href=\"https:\/\/photos.app.goo.gl\/nt15qVULWcLvjTP47\"\n           target=\"_blank\"\n           rel=\"noopener\"\n           title=\"P\u0101rmai\u0146u procesa &quot;L\u012bderis man\u012b&quot; Latvijas skolu t\u012bkla vad\u012bbas komandu konference\"\n           style=\"background-image:url('https:\/\/lh3.googleusercontent.com\/pw\/AP1GczOE1AJoutCp80atEKJTcyX4MZM4YkN5HI51lfeYReN1h1GGQAg8l92qLX1irUmAfD5SgR1uBygHSoNtUOchHYFVnm3hSUzbQxLVt6_BseNM2eY8uSw=w600-h315-p-k');\">\n                        <div class=\"dg-overlay\">\n                <h3 class=\"dg-title\">P\u0101rmai\u0146u procesa &quot;L\u012bderis man\u012b&quot; Latvijas skolu t\u012bkla vad\u012bbas komandu konference<\/h3>\n                                <time class=\"dg-date\">2. decembr\u012b 2025<\/time>\n                            <\/div>\n        <\/a>\n                <a class=\"dg-card\"\n           href=\"https:\/\/photos.app.goo.gl\/mDBJ3qDfa7bPkjNfA\"\n           target=\"_blank\"\n           rel=\"noopener\"\n           title=\"3x3 basketbols\"\n           style=\"background-image:url('https:\/\/lh3.googleusercontent.com\/pw\/AP1GczOzPVrr-aHtyNAo_g0oR0F6fMWUtO1VkEFmoJc1lPJV-zPvdXlNL1A4aCITI_kyMUfYBXexFf7CRx1h7LdS_9f3lur0R0RldV-3v3k5tGhdo8AAgq4=w600-h315-p-k');\">\n                        <div class=\"dg-overlay\">\n                <h3 class=\"dg-title\">3x3 basketbols<\/h3>\n                                <time class=\"dg-date\">27. novembr\u012b 2025<\/time>\n                            <\/div>\n        <\/a>\n                <a class=\"dg-card\"\n           href=\"https:\/\/photos.app.goo.gl\/EQsgs2xE5u9Zoki8A\"\n           target=\"_blank\"\n           rel=\"noopener\"\n           title=\"18.novembr\u0101 svin\u012bgais pas\u0101kums 2025\"\n           style=\"background-image:url('https:\/\/lh3.googleusercontent.com\/pw\/AP1GczNzPIASpjBkgBMFlRxThQPnlY3scLIH9ZRnx67CvcIC20B6j_zf_NdvIfSHtql-atu-1226F9i_6f6_ACeIfcekxS_qxMD1c8ViG8N08X6fWMO_DBg=w600-h315-p-k');\">\n                        <div class=\"dg-overlay\">\n                <h3 class=\"dg-title\">18.novembr\u0101 svin\u012bgais pas\u0101kums 2025<\/h3>\n                                <time class=\"dg-date\">14. novembr\u012b 2025<\/time>\n                            <\/div>\n        <\/a>\n            <\/div>\n        <\/div>\n    \n","protected":false},"excerpt":{"rendered":"","protected":false},"author":1,"featured_media":0,"parent":0,"menu_order":0,"comment_status":"closed","ping_status":"closed","template":"","meta":{"_monsterinsights_skip_tracking":false,"_monsterinsights_sitenote_active":false,"_monsterinsights_sitenote_note":"","_monsterinsights_sitenote_category":0,"footnotes":""},"class_list":["post-5255","page","type-page","status-publish","hentry","latest_post"],"aioseo_notices":[],"_links":{"self":[{"href":"https:\/\/marupe.edu.lv\/index.php?rest_route=\/wp\/v2\/pages\/5255","targetHints":{"allow":["GET"]}}],"collection":[{"href":"https:\/\/marupe.edu.lv\/index.php?rest_route=\/wp\/v2\/pages"}],"about":[{"href":"https:\/\/marupe.edu.lv\/index.php?rest_route=\/wp\/v2\/types\/page"}],"author":[{"embeddable":true,"href":"https:\/\/marupe.edu.lv\/index.php?rest_route=\/wp\/v2\/users\/1"}],"replies":[{"embeddable":true,"href":"https:\/\/marupe.edu.lv\/index.php?rest_route=%2Fwp%2Fv2%2Fcomments&post=5255"}],"version-history":[{"count":2,"href":"https:\/\/marupe.edu.lv\/index.php?rest_route=\/wp\/v2\/pages\/5255\/revisions"}],"predecessor-version":[{"id":5260,"href":"https:\/\/marupe.edu.lv\/index.php?rest_route=\/wp\/v2\/pages\/5255\/revisions\/5260"}],"wp:attachment":[{"href":"https:\/\/marupe.edu.lv\/index.php?rest_route=%2Fwp%2Fv2%2Fmedia&parent=5255"}],"curies":[{"name":"wp","href":"https:\/\/api.w.org\/{rel}","templated":true}]}}