{"id":5168,"date":"2026-03-27T10:50:59","date_gmt":"2026-03-27T08:50:59","guid":{"rendered":"https:\/\/marupe.edu.lv\/?page_id=5168"},"modified":"2026-04-11T18:01:51","modified_gmt":"2026-04-11T16:01:51","slug":"stem-projekti","status":"publish","type":"page","link":"https:\/\/marupe.edu.lv\/?page_id=5168","title":{"rendered":"STEM projekti"},"content":{"rendered":"\n<p>Lai bag\u0101tin\u0101tu skol\u0113nu m\u0101c\u012bbu pieredzi un veicin\u0101tu interesi par STEM jomu un pilsonisko l\u012bdzdal\u012bbu, M\u0101rupes Valsts \u0123imn\u0101zija akt\u012bvi iesaist\u0101s ESF+ projekt\u0101 Nr. 4.2.2.1\/1\/25\/I\/001 \u201cSTEM un pilsonisk\u0101s l\u012bdzdal\u012bbas norises pla\u0161\u0101kai izgl\u012bt\u012bbas pieredzei un karjeras izv\u0113lei\u201d. Projekta ietvaros skol\u0113niem tiek pied\u0101v\u0101tas daudzveid\u012bgas, praktiskas un m\u016bsdien\u012bgas nodarb\u012bbas, kas pal\u012bdz att\u012bst\u012bt gan teor\u0113tisk\u0101s zin\u0101\u0161anas, gan praktisk\u0101s prasmes.<\/p>\n\n\n    <div class=\"proj-posts-wrap\">\n                    <div class=\"proj-posts\">\n                                    <article class=\"proj-post-card\">\n                        <button type=\"button\" class=\"proj-img-btn\"\n                            data-src=\"https:\/\/marupe.edu.lv\/evide\/projekti\/uploads\/post_69c664e4d37568.26344839.jpg\"\n                            data-title=\"&quot;Elektronika un lod\u0113\u0161ana. Vabol\u012btes&quot;\">\n                            <div class=\"proj-img-wrap\">\n                                <img decoding=\"async\" src=\"https:\/\/marupe.edu.lv\/evide\/projekti\/uploads\/post_69c664e4d37568.26344839.jpg\" alt=\"&quot;Elektronika un lod\u0113\u0161ana. Vabol\u012btes&quot;\" class=\"proj-img\" loading=\"lazy\">\n                            <\/div>\n                        <\/button>\n                        <div class=\"proj-post-body\">\n                            <h2 class=\"proj-post-title\">&quot;Elektronika un lod\u0113\u0161ana. Vabol\u012btes&quot;<\/h2>\n                            <div class=\"proj-post-date\">27.03.2026<\/div>                            <div class=\"proj-post-desc\">Mart\u0101 4., 5. un 6. kla\u0161u skol\u0113ni piedal\u012bj\u0101s &quot;Maz\u0101s br\u012bnumzemes&quot; r\u012bkotaj\u0101 nodarb\u012bb\u0101 &quot;Elektronika un lod\u0113\u0161ana. Vabol\u012btes&quot;. Skol\u0113niem t\u0101 bija lieliska iesp\u0113ja apg\u016bt elektronikas pamatus, praktiski darbojoties ar vienk\u0101r\u0161\u0101m elektriskaj\u0101m sh\u0113m\u0101m. Nodarb\u012bbas laik\u0101 skol\u0113ni analiz\u0113ja, konstru\u0113ja un test\u0113ja savus izveidotos mode\u013cus, iev\u0113rojot dro\u0161\u012bbas noteikumus. Skolot\u0101ji atzin\u012bgi nov\u0113rt\u0113 \u0161o pieredzi k\u0101 j\u0113gpilnu un praktiski v\u0113rt\u012bgu, kas \u013cauj skol\u0113niem ne tikai apg\u016bt jaunas prasmes, bet ar\u012b redz\u0113t sava darba rezult\u0101tu.<\/div>\n                        <\/div>\n                    <\/article>\n                                    <article class=\"proj-post-card\">\n                        <button type=\"button\" class=\"proj-img-btn\"\n                            data-src=\"https:\/\/marupe.edu.lv\/evide\/projekti\/uploads\/post_69c664a4161113.88768563.jpg\"\n                            data-title=\"&quot;Konstru\u0113jam programmvad\u0101mu robotu Bru\u0146urupucis&quot;\">\n                            <div class=\"proj-img-wrap\">\n                                <img decoding=\"async\" src=\"https:\/\/marupe.edu.lv\/evide\/projekti\/uploads\/post_69c664a4161113.88768563.jpg\" alt=\"&quot;Konstru\u0113jam programmvad\u0101mu robotu Bru\u0146urupucis&quot;\" class=\"proj-img\" loading=\"lazy\">\n                            <\/div>\n                        <\/button>\n                        <div class=\"proj-post-body\">\n                            <h2 class=\"proj-post-title\">&quot;Konstru\u0113jam programmvad\u0101mu robotu Bru\u0146urupucis&quot;<\/h2>\n                            <div class=\"proj-post-date\">27.03.2026<\/div>                            <div class=\"proj-post-desc\">17. febru\u0101r\u012b 3. kla\u0161u skol\u0113ni ar lielu aizraut\u012bbu piedal\u012bj\u0101s SIA &quot;Robohub&quot; organiz\u0113taj\u0101 nodarb\u012bb\u0101 &quot;Konstru\u0113jam programmvad\u0101mu robotu Bru\u0146urupucis&quot;. Praktisk\u0101 darb\u0101 skol\u0113ni p\u0113c dot\u0101s sh\u0113mas konstru\u0113ja programm\u0113jamu meh\u0101nisku robotu, att\u012bstot lo\u0123isko dom\u0101\u0161anu, sadarb\u012bbas prasmes un tehnisko izpratni. Nodarb\u012bba atbilda m\u0101c\u012bbu jomas &quot;Dizains un tehnolo\u0123ijas&quot; t\u0113mai par robotikas risin\u0101jumu un programm\u0113jamu ier\u012b\u010du veido\u0161anu, kur skol\u0113ni apguva prasmi veidot modeli p\u0113c instrukcijas, izmantojot meh\u0101niskos konstruktorus.<\/div>\n                        <\/div>\n                    <\/article>\n                                    <article class=\"proj-post-card\">\n                        <button type=\"button\" class=\"proj-img-btn\"\n                            data-src=\"https:\/\/marupe.edu.lv\/evide\/projekti\/uploads\/post_69c66448792ec6.82722623.jpg\"\n                            data-title=\"&quot;Koka dizains: no idejas l\u012bdz modelim&quot;\">\n                            <div class=\"proj-img-wrap\">\n                                <img decoding=\"async\" src=\"https:\/\/marupe.edu.lv\/evide\/projekti\/uploads\/post_69c66448792ec6.82722623.jpg\" alt=\"&quot;Koka dizains: no idejas l\u012bdz modelim&quot;\" class=\"proj-img\" loading=\"lazy\">\n                            <\/div>\n                        <\/button>\n                        <div class=\"proj-post-body\">\n                            <h2 class=\"proj-post-title\">&quot;Koka dizains: no idejas l\u012bdz modelim&quot;<\/h2>\n                            <div class=\"proj-post-date\">27.03.2026<\/div>                            <div class=\"proj-post-desc\">22. janv\u0101r\u012b 12. klases skol\u0113ni piedal\u012bj\u0101s RTU organiz\u0113taj\u0101 nodarb\u012bb\u0101 &quot;Koka dizains: no idejas l\u012bdz modelim&quot;. T\u0101s laik\u0101 jaunie\u0161i apguva dizaina pamatus, \u012bpa\u0161u uzman\u012bbu piev\u0113r\u0161ot ras\u0113\u0161anai un m\u0113roga izpratnei. Skol\u0113ni iepazin\u0101s ar universit\u0101tes vidi, pasniedz\u0113jiem un studiju iesp\u0113j\u0101m. Nodarb\u012bbas m\u0113r\u0137is bija att\u012bst\u012bt prasmi analiz\u0113t inov\u0101ciju un starpdisciplin\u0101ru izgudrojumu piem\u0113rus, k\u0101 ar\u012b izstr\u0101d\u0101t dizaina risin\u0101jumu prototipu ras\u0113jumus, tostarp digit\u0101l\u0101 form\u0101. Skol\u0113ni patst\u0101v\u012bgi pl\u0101noja produktu dizaina risin\u0101jumus, g\u016bstot v\u0113rt\u012bgu ieskatu prototip\u0113\u0161an\u0101 un pl\u0101nveida test\u0113\u0161an\u0101.<\/div>\n                        <\/div>\n                    <\/article>\n                            <\/div>\n            <\/div>\n\n    <div class=\"proj-lightbox\" id=\"projLightbox\" aria-hidden=\"true\">\n        <div class=\"proj-lightbox-inner\">\n            <button type=\"button\" class=\"proj-lb-close\" id=\"projLbClose\" aria-label=\"Aizv\u0113rt\">\u00d7<\/button>\n            <img decoding=\"async\" src=\"\" alt=\"\" class=\"proj-lb-img\" id=\"projLbImg\">\n        <\/div>\n    <\/div>\n    \n\n\n\n<p><\/p>\n","protected":false},"excerpt":{"rendered":"<p>Lai bag\u0101tin\u0101tu skol\u0113nu m\u0101c\u012bbu pieredzi un veicin\u0101tu interesi par STEM jomu un pilsonisko l\u012bdzdal\u012bbu, M\u0101rupes Valsts \u0123imn\u0101zija akt\u012bvi iesaist\u0101s ESF+ &hellip; <\/p>\n","protected":false},"author":1,"featured_media":0,"parent":0,"menu_order":0,"comment_status":"closed","ping_status":"closed","template":"","meta":{"_monsterinsights_skip_tracking":false,"_monsterinsights_sitenote_active":false,"_monsterinsights_sitenote_note":"","_monsterinsights_sitenote_category":0,"footnotes":""},"class_list":["post-5168","page","type-page","status-publish","hentry","latest_post"],"aioseo_notices":[],"_links":{"self":[{"href":"https:\/\/marupe.edu.lv\/index.php?rest_route=\/wp\/v2\/pages\/5168","targetHints":{"allow":["GET"]}}],"collection":[{"href":"https:\/\/marupe.edu.lv\/index.php?rest_route=\/wp\/v2\/pages"}],"about":[{"href":"https:\/\/marupe.edu.lv\/index.php?rest_route=\/wp\/v2\/types\/page"}],"author":[{"embeddable":true,"href":"https:\/\/marupe.edu.lv\/index.php?rest_route=\/wp\/v2\/users\/1"}],"replies":[{"embeddable":true,"href":"https:\/\/marupe.edu.lv\/index.php?rest_route=%2Fwp%2Fv2%2Fcomments&post=5168"}],"version-history":[{"count":12,"href":"https:\/\/marupe.edu.lv\/index.php?rest_route=\/wp\/v2\/pages\/5168\/revisions"}],"predecessor-version":[{"id":5216,"href":"https:\/\/marupe.edu.lv\/index.php?rest_route=\/wp\/v2\/pages\/5168\/revisions\/5216"}],"wp:attachment":[{"href":"https:\/\/marupe.edu.lv\/index.php?rest_route=%2Fwp%2Fv2%2Fmedia&parent=5168"}],"curies":[{"name":"wp","href":"https:\/\/api.w.org\/{rel}","templated":true}]}}