{"id":5131,"date":"2026-03-05T16:25:25","date_gmt":"2026-03-05T14:25:25","guid":{"rendered":"https:\/\/marupe.edu.lv\/?page_id=5131"},"modified":"2026-03-05T16:35:06","modified_gmt":"2026-03-05T14:35:06","slug":"absolventu-biedriba","status":"publish","type":"page","link":"https:\/\/marupe.edu.lv\/?page_id=5131","title":{"rendered":"Absolventu biedr\u012bba"},"content":{"rendered":"\n<p>Absolventi biedr\u012bba ir sabiedrisk\u0101 labuma organiz\u0101cija, kuras m\u0113r\u0137is ir veicin\u0101t un stiprin\u0101t saites starp M\u0101rupes Valsts \u0123imn\u0101zijas absolventiem, skolu un t\u0101s skol\u0113niem. Biedr\u012bba akt\u012bvi darbojas, lai uzlabotu skolas vidi, atbalst\u012btu skol\u0113nu izaugsmi.<\/p>\n\n\n\n<hr class=\"wp-block-separator has-alpha-channel-opacity\"\/>\n\n\n\n<p><strong>Ko m\u0113s dar\u0101m?<\/strong><\/p>\n\n\n\n<ul class=\"wp-block-list\">\n<li><strong>Absolventu salidojuma organiz\u0113\u0161ana<\/strong><\/li>\n\n\n\n<li><strong>Absolventu un skolot\u0101ju datub\u0101zes veido\u0161ana<\/strong><\/li>\n\n\n\n<li><strong>Skolas v\u0113stures un trad\u012bciju saglab\u0101\u0161ana<\/strong><\/li>\n<\/ul>\n\n\n\n<hr class=\"wp-block-separator has-alpha-channel-opacity\"\/>\n\n\n\n<p><strong>Ko pl\u0101nojam t\u0101l\u0101k?<\/strong><\/p>\n\n\n\n<hr class=\"wp-block-separator has-alpha-channel-opacity\"\/>\n\n\n\n<p><strong>Pievienojies mums!<\/strong><\/p>\n\n\n\n<p>Absolventi biedr\u012bba aicina visus absolventus pievienoties, lai kop\u012bgi \u012bstenotu m\u0113r\u0137us un veidotu stipru, atbalsto\u0161u kopienu.<\/p>\n\n\n\n<hr class=\"wp-block-separator has-alpha-channel-opacity\"\/>\n\n\n\n<p><strong>Absolventi biedr\u012bbas valde:<\/strong><\/p>\n\n\n\n<h4 class=\"wp-block-heading\">Kar\u012bna Krauze<\/h4>\n\n\n\n<h4 class=\"wp-block-heading\">D\u0101rta Celma<\/h4>\n\n\n\n<h4 class=\"wp-block-heading\">Edvards Svi\u0137is<\/h4>\n\n\n\n<hr class=\"wp-block-separator has-alpha-channel-opacity\"\/>\n\n\n\n<p><strong>Biedr\u012bbas rekviz\u012bti:<\/strong><\/p>\n\n\n\n<ul class=\"wp-block-list\">\n<li><strong>Nosaukums<\/strong>: Biedr\u012bba \u201cMV\u0122 absolventu biedr\u012bba\u201d<\/li>\n\n\n\n<li><strong>Re\u0123istr\u0101cijas nr.<\/strong>: 40008354860<\/li>\n\n\n\n<li><strong>Konta nr.<\/strong>: LV84HABA0551064089024<\/li>\n\n\n\n<li><strong>Juridisk\u0101 adrese<\/strong>: Kantora iela 97, M\u0101rupe, LV-2167<\/li>\n<\/ul>\n\n\n\n<p><strong>Dokumenti<\/strong><\/p>\n","protected":false},"excerpt":{"rendered":"<p>Absolventi biedr\u012bba ir sabiedrisk\u0101 labuma organiz\u0101cija, kuras m\u0113r\u0137is ir veicin\u0101t un stiprin\u0101t saites starp M\u0101rupes Valsts \u0123imn\u0101zijas absolventiem, skolu un &hellip; <\/p>\n","protected":false},"author":1,"featured_media":0,"parent":0,"menu_order":0,"comment_status":"closed","ping_status":"closed","template":"","meta":{"_monsterinsights_skip_tracking":false,"_monsterinsights_sitenote_active":false,"_monsterinsights_sitenote_note":"","_monsterinsights_sitenote_category":0,"footnotes":""},"class_list":["post-5131","page","type-page","status-publish","hentry","latest_post"],"aioseo_notices":[],"_links":{"self":[{"href":"https:\/\/marupe.edu.lv\/index.php?rest_route=\/wp\/v2\/pages\/5131","targetHints":{"allow":["GET"]}}],"collection":[{"href":"https:\/\/marupe.edu.lv\/index.php?rest_route=\/wp\/v2\/pages"}],"about":[{"href":"https:\/\/marupe.edu.lv\/index.php?rest_route=\/wp\/v2\/types\/page"}],"author":[{"embeddable":true,"href":"https:\/\/marupe.edu.lv\/index.php?rest_route=\/wp\/v2\/users\/1"}],"replies":[{"embeddable":true,"href":"https:\/\/marupe.edu.lv\/index.php?rest_route=%2Fwp%2Fv2%2Fcomments&post=5131"}],"version-history":[{"count":2,"href":"https:\/\/marupe.edu.lv\/index.php?rest_route=\/wp\/v2\/pages\/5131\/revisions"}],"predecessor-version":[{"id":5136,"href":"https:\/\/marupe.edu.lv\/index.php?rest_route=\/wp\/v2\/pages\/5131\/revisions\/5136"}],"wp:attachment":[{"href":"https:\/\/marupe.edu.lv\/index.php?rest_route=%2Fwp%2Fv2%2Fmedia&parent=5131"}],"curies":[{"name":"wp","href":"https:\/\/api.w.org\/{rel}","templated":true}]}}