{"id":5008,"date":"2025-11-24T15:48:01","date_gmt":"2025-11-24T13:48:01","guid":{"rendered":"https:\/\/marupe.edu.lv\/?page_id=5008"},"modified":"2025-11-24T15:59:35","modified_gmt":"2025-11-24T13:59:35","slug":"digi-mind-harmony","status":"publish","type":"page","link":"https:\/\/marupe.edu.lv\/?page_id=5008","title":{"rendered":"Digi Mind harmony"},"content":{"rendered":"\n<p>Projekts \u201cDigi-Mind Harmony\u201d ir Erasmus+ iniciat\u012bva, kur\u0101 jaunie\u0161i no tr\u012bs valst\u012bm &#8211; Latvia, Germany un Slovenia &#8211; apvienoju\u0161ies, lai izstr\u0101d\u0101tu mobilo lietotni ar m\u0113r\u0137i veicin\u0101t vesel\u012bg\u0101ku dz\u012bvesveidu, lab\u0101ku gar\u012bgo pa\u0161saj\u016btu un fizisko aktivit\u0101ti. M\u0101jaslap\u0101 tiek nor\u0101d\u012bts, ka lietotn\u0113 ietilpst saturi par gar\u012bgo vesel\u012bbu, treni\u0146iem, vesel\u012bgiem ieradumiem un ar\u012b tradicion\u0101laj\u0101m recept\u0113m no dal\u012bbvalst\u012bm.<br>Projekts apvieno digit\u0101lo r\u012bku izveidi, kult\u016bru mijiedarb\u012bbu, starpnacion\u0101lu sadarb\u012bbu un jaunie\u0161u l\u012bdzdal\u012bbu &#8211; kop\u012bgi m\u0113r\u0137i ir ne tikai vesel\u012bg\u0101ks dz\u012bvesveids, bet ar\u012b starpkult\u016bru sapratne un rado\u0161a sadarb\u012bba.<\/p>\n\n\n\n<h3 class=\"wp-block-heading\">Galvenie m\u0113r\u0137i<\/h3>\n\n\n\n<ul class=\"wp-block-list\">\n<li>Veicin\u0101t jaunie\u0161u akt\u012bvu un vesel\u012bgu dz\u012bvesveidu (gan fiziski, gan gar\u012bgi) izmantojot digit\u0101lu r\u012bku &#8211; mobilo lietotni.<\/li>\n\n\n\n<li>Att\u012bst\u012bt jaunie\u0161u digit\u0101l\u0101s prasmes, rado\u0161umu un starpkult\u016bru sadarb\u012bbu.<\/li>\n\n\n\n<li>Stiprin\u0101t pieder\u012bbu starptautiskai kopienai un veicin\u0101t pozit\u012bvu ikdienas rut\u012bnu.<\/li>\n\n\n\n<li>Iek\u013caut vesel\u012bgas dz\u012bvesveida ieteikumus, fizisk\u0101s aktivit\u0101tes, relaks\u0101cijas\/pr\u0101ta labsaj\u016btas aktivit\u0101tes un vesel\u012bgas \u0113\u0161anas paradumus (ar recept\u0113m no Latvija, V\u0101cija, Slov\u0113nija).<\/li>\n<\/ul>\n\n\n\n<h3 class=\"wp-block-heading\">Projekta norise<\/h3>\n\n\n\n<ol class=\"wp-block-list\">\n<li>Jaunie\u0161i no vis\u0101m tr\u012bs valst\u012bm tiek iesaist\u012bti ideju veido\u0161an\u0101, satura izstr\u0101d\u0113 un lietotnes izveid\u0113.<\/li>\n\n\n\n<li>Katrai valstij tiek izdal\u012bts uzdevums \u2013 piem\u0113ram, v\u0101cu puse var nodarboties ar fizisko aktivit\u0101\u0161u sada\u013cu, Latvijas puse ar gar\u012bg\u0101s vesel\u012bbas moduli, Slov\u0113nija ar \u0113dienu\/recep\u0161u saturu (vai k\u0101 t\u0101 tiek sadal\u012bts).<\/li>\n\n\n\n<li>Tiek organiz\u0113ti tik\u0161an\u0101s, darbn\u012bcas vai online sesijas, kur jaunie\u0161i kop\u012bgi apsprie\u017e progress, sal\u012bdzina kult\u016bras pieeju un savstarp\u0113ji m\u0101c\u0101s.<\/li>\n\n\n\n<li>Rezult\u0101t\u0101 tiek izveidota mobil\u0101 lietotne ar da\u017e\u0101d\u0101m funkcij\u0101m: relaks\u0101cijas vingrin\u0101jumi, idejas fizisk\u0101m aktivit\u0101t\u0113m, vesel\u012bgu ieradumu veido\u0161ana, kult\u016bras recep\u0161u sada\u013ca.<\/li>\n\n\n\n<li>Lietotne tiek test\u0113ta, uzlabota un palaista publiski (vai pie projekta partneriem).<\/li>\n<\/ol>\n\n\n\n<h3 class=\"wp-block-heading\">Sasniegumi un noz\u012bme<\/h3>\n\n\n\n<ul class=\"wp-block-list\">\n<li>Lietotnes izstr\u0101de ir praktisks un redzams rezult\u0101ts <a href=\"https:\/\/www.digi-mind-harmony.eu\/\" target=\"_blank\" rel=\"noreferrer noopener\">digi-mind-harmony.eu<\/a> &#8211; jaunie\u0161i ne tikai m\u0101c\u012bj\u0101s, bet rad\u012bja taust\u0101mu produktu.<\/li>\n\n\n\n<li>Starpkult\u016bru sadarb\u012bba &#8211; Latvija, V\u0101cija, Slov\u0113nija &#8211; \u013c\u0101va integr\u0113t da\u017e\u0101das pieejas vesel\u012bgam dz\u012bvesveidam, kult\u016bras elementus un jaunie\u0161u viedok\u013cus.<\/li>\n\n\n\n<li>Digit\u0101lo kompeten\u010du att\u012bst\u012bba &#8211; jaunie\u0161i ieguva pieredzi mobil\u0101s lietotnes izstr\u0101d\u0113, satura veido\u0161an\u0101 un starptautisk\u0101 komand\u0101 str\u0101d\u0101\u0161an\u0101.<\/li>\n\n\n\n<li>Soci\u0101la ietekme &#8211; \u013caujot jaunie\u0161iem piek\u013c\u016bt r\u012bkiem, kas pal\u012bdz uztur\u0113t lab\u0101ku fizisko un gar\u012bgo st\u0101vokli ikdien\u0101, projekts veicina ilgtermi\u0146a vesel\u012bbas paradumus.<\/li>\n<\/ul>\n\n\n\n<h3 class=\"wp-block-heading\">Lietotnes \u012bpatn\u012bbas<\/h3>\n\n\n\n<ul class=\"wp-block-list\">\n<li>Lietotn\u0113 ir sada\u013cas par <strong>gar\u012bgo vesel\u012bbu un labsaj\u016btu<\/strong>: relaks\u0101cijas un pr\u0101ta l\u012bdzsvara padomi. <\/li>\n\n\n\n<li>Sada\u013cas par <strong>sportu un fizisk\u0101m aktivit\u0101t\u0113m<\/strong>: idejas k\u0101 palikt akt\u012bvam un motiv\u0113tam. <a href=\"https:\/\/www.digi-mind-harmony.eu\/\" target=\"_blank\" rel=\"noreferrer noopener\">harmony.eu<\/a><\/li>\n\n\n\n<li>Sada\u013cas par <strong>vesel\u012bgu dz\u012bvesveida ieradumiem<\/strong>: rut\u012bnas, ieteikumi pozit\u012bvai ikdienai. <\/li>\n\n\n\n<li>Kult\u016bras\/komunalit\u0101tes sast\u0101vda\u013ca &#8211; tradicion\u0101l\u0101s receptes no katras dal\u012bbvalsts (Latvija, V\u0101cija, Slov\u0113nija) ar m\u0113r\u0137i iepaz\u012bt kult\u016bru un vesel\u012bgu \u0113dienu. <\/li>\n<\/ul>\n\n\n\n<h3 class=\"wp-block-heading\">Nosl\u0113gums<\/h3>\n\n\n\n<p>Projekts \u201cDigi-Mind Harmony\u201d veiksm\u012bgi demonstr\u0113, k\u0101 jaunie\u0161u l\u012bdzdal\u012bba, digit\u0101la inov\u0101cija un starptautiska sadarb\u012bba var tikt apvienota, lai rad\u012btu r\u012bku, kas veicina vesel\u012bg\u0101ku dz\u012bvesveidu. Ir skaidri redzams, ka gan tehniskais rezult\u0101ts (mobila lietotne), gan soci\u0101l\u0101s un kult\u016bras ieguvumi (jaunie\u0161u sadarb\u012bba, kult\u016bru mijiedarb\u012bba) ir sasniegti.<\/p>\n\n\n\n<figure class=\"wp-block-gallery has-nested-images columns-default is-cropped wp-block-gallery-1 is-layout-flex wp-block-gallery-is-layout-flex\">\n<figure class=\"wp-block-image size-large\"><img loading=\"lazy\" decoding=\"async\" width=\"1024\" height=\"576\" data-id=\"5019\" src=\"https:\/\/marupe.edu.lv\/wp-content\/uploads\/2025\/11\/PXL_20251013_093642800-1024x576.jpg\" alt=\"\" class=\"wp-image-5019\" srcset=\"https:\/\/marupe.edu.lv\/wp-content\/uploads\/2025\/11\/PXL_20251013_093642800-1024x576.jpg 1024w, https:\/\/marupe.edu.lv\/wp-content\/uploads\/2025\/11\/PXL_20251013_093642800-300x169.jpg 300w, https:\/\/marupe.edu.lv\/wp-content\/uploads\/2025\/11\/PXL_20251013_093642800-768x432.jpg 768w, https:\/\/marupe.edu.lv\/wp-content\/uploads\/2025\/11\/PXL_20251013_093642800-1536x864.jpg 1536w, https:\/\/marupe.edu.lv\/wp-content\/uploads\/2025\/11\/PXL_20251013_093642800-2048x1152.jpg 2048w\" sizes=\"auto, (max-width: 1024px) 100vw, 1024px\" \/><\/figure>\n\n\n\n<figure class=\"wp-block-image size-large\"><img loading=\"lazy\" decoding=\"async\" width=\"1024\" height=\"576\" data-id=\"5016\" src=\"https:\/\/marupe.edu.lv\/wp-content\/uploads\/2025\/11\/PXL_20251016_131318723-1024x576.jpg\" alt=\"\" class=\"wp-image-5016\" srcset=\"https:\/\/marupe.edu.lv\/wp-content\/uploads\/2025\/11\/PXL_20251016_131318723-1024x576.jpg 1024w, https:\/\/marupe.edu.lv\/wp-content\/uploads\/2025\/11\/PXL_20251016_131318723-300x169.jpg 300w, https:\/\/marupe.edu.lv\/wp-content\/uploads\/2025\/11\/PXL_20251016_131318723-768x432.jpg 768w, https:\/\/marupe.edu.lv\/wp-content\/uploads\/2025\/11\/PXL_20251016_131318723-1536x864.jpg 1536w, https:\/\/marupe.edu.lv\/wp-content\/uploads\/2025\/11\/PXL_20251016_131318723-2048x1152.jpg 2048w\" sizes=\"auto, (max-width: 1024px) 100vw, 1024px\" \/><\/figure>\n\n\n\n<figure class=\"wp-block-image size-large\"><img loading=\"lazy\" decoding=\"async\" width=\"1024\" height=\"576\" data-id=\"5020\" src=\"https:\/\/marupe.edu.lv\/wp-content\/uploads\/2025\/11\/PXL_20251014_132105274-1024x576.jpg\" alt=\"\" class=\"wp-image-5020\" srcset=\"https:\/\/marupe.edu.lv\/wp-content\/uploads\/2025\/11\/PXL_20251014_132105274-1024x576.jpg 1024w, https:\/\/marupe.edu.lv\/wp-content\/uploads\/2025\/11\/PXL_20251014_132105274-300x169.jpg 300w, https:\/\/marupe.edu.lv\/wp-content\/uploads\/2025\/11\/PXL_20251014_132105274-768x432.jpg 768w, https:\/\/marupe.edu.lv\/wp-content\/uploads\/2025\/11\/PXL_20251014_132105274-1536x864.jpg 1536w, https:\/\/marupe.edu.lv\/wp-content\/uploads\/2025\/11\/PXL_20251014_132105274-2048x1152.jpg 2048w\" sizes=\"auto, (max-width: 1024px) 100vw, 1024px\" \/><\/figure>\n\n\n\n<figure class=\"wp-block-image size-large\"><img loading=\"lazy\" decoding=\"async\" width=\"1024\" height=\"576\" data-id=\"5018\" src=\"https:\/\/marupe.edu.lv\/wp-content\/uploads\/2025\/11\/PXL_20251013_102722979-1024x576.jpg\" alt=\"\" class=\"wp-image-5018\" srcset=\"https:\/\/marupe.edu.lv\/wp-content\/uploads\/2025\/11\/PXL_20251013_102722979-1024x576.jpg 1024w, https:\/\/marupe.edu.lv\/wp-content\/uploads\/2025\/11\/PXL_20251013_102722979-300x169.jpg 300w, https:\/\/marupe.edu.lv\/wp-content\/uploads\/2025\/11\/PXL_20251013_102722979-768x432.jpg 768w, https:\/\/marupe.edu.lv\/wp-content\/uploads\/2025\/11\/PXL_20251013_102722979-1536x864.jpg 1536w, https:\/\/marupe.edu.lv\/wp-content\/uploads\/2025\/11\/PXL_20251013_102722979-2048x1152.jpg 2048w\" sizes=\"auto, (max-width: 1024px) 100vw, 1024px\" \/><\/figure>\n\n\n\n<figure class=\"wp-block-image size-large\"><img loading=\"lazy\" decoding=\"async\" width=\"1024\" height=\"576\" data-id=\"5017\" src=\"https:\/\/marupe.edu.lv\/wp-content\/uploads\/2025\/11\/PXL_20251013_093857471-1024x576.jpg\" alt=\"\" class=\"wp-image-5017\" srcset=\"https:\/\/marupe.edu.lv\/wp-content\/uploads\/2025\/11\/PXL_20251013_093857471-1024x576.jpg 1024w, https:\/\/marupe.edu.lv\/wp-content\/uploads\/2025\/11\/PXL_20251013_093857471-300x169.jpg 300w, https:\/\/marupe.edu.lv\/wp-content\/uploads\/2025\/11\/PXL_20251013_093857471-768x432.jpg 768w, https:\/\/marupe.edu.lv\/wp-content\/uploads\/2025\/11\/PXL_20251013_093857471-1536x864.jpg 1536w, https:\/\/marupe.edu.lv\/wp-content\/uploads\/2025\/11\/PXL_20251013_093857471-2048x1152.jpg 2048w\" sizes=\"auto, (max-width: 1024px) 100vw, 1024px\" \/><\/figure>\n\n\n\n<figure class=\"wp-block-image size-large\"><img loading=\"lazy\" decoding=\"async\" width=\"1024\" height=\"576\" data-id=\"5013\" src=\"https:\/\/marupe.edu.lv\/wp-content\/uploads\/2025\/11\/PXL_20250411_083957190-1-1024x576.jpg\" alt=\"\" class=\"wp-image-5013\" srcset=\"https:\/\/marupe.edu.lv\/wp-content\/uploads\/2025\/11\/PXL_20250411_083957190-1-1024x576.jpg 1024w, https:\/\/marupe.edu.lv\/wp-content\/uploads\/2025\/11\/PXL_20250411_083957190-1-300x169.jpg 300w, https:\/\/marupe.edu.lv\/wp-content\/uploads\/2025\/11\/PXL_20250411_083957190-1-768x432.jpg 768w, https:\/\/marupe.edu.lv\/wp-content\/uploads\/2025\/11\/PXL_20250411_083957190-1-1536x864.jpg 1536w, https:\/\/marupe.edu.lv\/wp-content\/uploads\/2025\/11\/PXL_20250411_083957190-1-2048x1152.jpg 2048w\" sizes=\"auto, (max-width: 1024px) 100vw, 1024px\" \/><\/figure>\n\n\n\n<figure class=\"wp-block-image size-large\"><img loading=\"lazy\" decoding=\"async\" width=\"1024\" height=\"576\" data-id=\"5015\" src=\"https:\/\/marupe.edu.lv\/wp-content\/uploads\/2025\/11\/PXL_20250411_083957190-1024x576.jpg\" alt=\"\" class=\"wp-image-5015\" srcset=\"https:\/\/marupe.edu.lv\/wp-content\/uploads\/2025\/11\/PXL_20250411_083957190-1024x576.jpg 1024w, https:\/\/marupe.edu.lv\/wp-content\/uploads\/2025\/11\/PXL_20250411_083957190-300x169.jpg 300w, https:\/\/marupe.edu.lv\/wp-content\/uploads\/2025\/11\/PXL_20250411_083957190-768x432.jpg 768w, https:\/\/marupe.edu.lv\/wp-content\/uploads\/2025\/11\/PXL_20250411_083957190-1536x864.jpg 1536w, https:\/\/marupe.edu.lv\/wp-content\/uploads\/2025\/11\/PXL_20250411_083957190-2048x1152.jpg 2048w\" sizes=\"auto, (max-width: 1024px) 100vw, 1024px\" \/><\/figure>\n\n\n\n<figure class=\"wp-block-image size-large\"><img loading=\"lazy\" decoding=\"async\" width=\"1024\" height=\"576\" data-id=\"5014\" src=\"https:\/\/marupe.edu.lv\/wp-content\/uploads\/2025\/11\/PXL_20250410_200145810-1024x576.jpg\" alt=\"\" class=\"wp-image-5014\" srcset=\"https:\/\/marupe.edu.lv\/wp-content\/uploads\/2025\/11\/PXL_20250410_200145810-1024x576.jpg 1024w, https:\/\/marupe.edu.lv\/wp-content\/uploads\/2025\/11\/PXL_20250410_200145810-300x169.jpg 300w, https:\/\/marupe.edu.lv\/wp-content\/uploads\/2025\/11\/PXL_20250410_200145810-768x432.jpg 768w, https:\/\/marupe.edu.lv\/wp-content\/uploads\/2025\/11\/PXL_20250410_200145810-1536x864.jpg 1536w, https:\/\/marupe.edu.lv\/wp-content\/uploads\/2025\/11\/PXL_20250410_200145810-2048x1152.jpg 2048w\" sizes=\"auto, (max-width: 1024px) 100vw, 1024px\" \/><\/figure>\n\n\n\n<figure class=\"wp-block-image size-large\"><img loading=\"lazy\" decoding=\"async\" width=\"1024\" height=\"684\" data-id=\"5022\" src=\"https:\/\/marupe.edu.lv\/wp-content\/uploads\/2025\/11\/DSC_2983-1024x684.jpg\" alt=\"\" class=\"wp-image-5022\" srcset=\"https:\/\/marupe.edu.lv\/wp-content\/uploads\/2025\/11\/DSC_2983-1024x684.jpg 1024w, https:\/\/marupe.edu.lv\/wp-content\/uploads\/2025\/11\/DSC_2983-300x200.jpg 300w, https:\/\/marupe.edu.lv\/wp-content\/uploads\/2025\/11\/DSC_2983-768x513.jpg 768w, https:\/\/marupe.edu.lv\/wp-content\/uploads\/2025\/11\/DSC_2983-1536x1025.jpg 1536w, https:\/\/marupe.edu.lv\/wp-content\/uploads\/2025\/11\/DSC_2983-2048x1367.jpg 2048w\" sizes=\"auto, (max-width: 1024px) 100vw, 1024px\" \/><\/figure>\n\n\n\n<figure class=\"wp-block-image size-large\"><img loading=\"lazy\" decoding=\"async\" width=\"1024\" height=\"684\" data-id=\"5021\" src=\"https:\/\/marupe.edu.lv\/wp-content\/uploads\/2025\/11\/DSC_2665-1024x684.jpg\" alt=\"\" class=\"wp-image-5021\" srcset=\"https:\/\/marupe.edu.lv\/wp-content\/uploads\/2025\/11\/DSC_2665-1024x684.jpg 1024w, https:\/\/marupe.edu.lv\/wp-content\/uploads\/2025\/11\/DSC_2665-300x200.jpg 300w, https:\/\/marupe.edu.lv\/wp-content\/uploads\/2025\/11\/DSC_2665-768x513.jpg 768w, https:\/\/marupe.edu.lv\/wp-content\/uploads\/2025\/11\/DSC_2665-1536x1025.jpg 1536w, https:\/\/marupe.edu.lv\/wp-content\/uploads\/2025\/11\/DSC_2665-2048x1367.jpg 2048w\" sizes=\"auto, (max-width: 1024px) 100vw, 1024px\" \/><\/figure>\n<\/figure>\n","protected":false},"excerpt":{"rendered":"<p>Projekts \u201cDigi-Mind Harmony\u201d ir Erasmus+ iniciat\u012bva, kur\u0101 jaunie\u0161i no tr\u012bs valst\u012bm &#8211; Latvia, Germany un Slovenia &#8211; apvienoju\u0161ies, lai izstr\u0101d\u0101tu &hellip; <\/p>\n","protected":false},"author":1,"featured_media":0,"parent":0,"menu_order":0,"comment_status":"closed","ping_status":"closed","template":"","meta":{"_monsterinsights_skip_tracking":false,"_monsterinsights_sitenote_active":false,"_monsterinsights_sitenote_note":"","_monsterinsights_sitenote_category":0,"footnotes":""},"class_list":["post-5008","page","type-page","status-publish","hentry","latest_post"],"aioseo_notices":[],"_links":{"self":[{"href":"https:\/\/marupe.edu.lv\/index.php?rest_route=\/wp\/v2\/pages\/5008","targetHints":{"allow":["GET"]}}],"collection":[{"href":"https:\/\/marupe.edu.lv\/index.php?rest_route=\/wp\/v2\/pages"}],"about":[{"href":"https:\/\/marupe.edu.lv\/index.php?rest_route=\/wp\/v2\/types\/page"}],"author":[{"embeddable":true,"href":"https:\/\/marupe.edu.lv\/index.php?rest_route=\/wp\/v2\/users\/1"}],"replies":[{"embeddable":true,"href":"https:\/\/marupe.edu.lv\/index.php?rest_route=%2Fwp%2Fv2%2Fcomments&post=5008"}],"version-history":[{"count":3,"href":"https:\/\/marupe.edu.lv\/index.php?rest_route=\/wp\/v2\/pages\/5008\/revisions"}],"predecessor-version":[{"id":5024,"href":"https:\/\/marupe.edu.lv\/index.php?rest_route=\/wp\/v2\/pages\/5008\/revisions\/5024"}],"wp:attachment":[{"href":"https:\/\/marupe.edu.lv\/index.php?rest_route=%2Fwp%2Fv2%2Fmedia&parent=5008"}],"curies":[{"name":"wp","href":"https:\/\/api.w.org\/{rel}","templated":true}]}}