{"id":4920,"date":"2025-10-24T08:22:36","date_gmt":"2025-10-24T06:22:36","guid":{"rendered":"https:\/\/marupe.edu.lv\/?page_id=4920"},"modified":"2026-01-08T12:06:11","modified_gmt":"2026-01-08T10:06:11","slug":"veselibas-veicinasana","status":"publish","type":"page","link":"https:\/\/marupe.edu.lv\/?page_id=4920","title":{"rendered":"Vesel\u012bbas veicin\u0101\u0161ana"},"content":{"rendered":"\n<p>1.&nbsp;<strong>Realiz\u0113tie&nbsp;<\/strong>pas\u0101kums:<\/p>\n\n\n\n<p>SKPC, NVVST&nbsp; 10-12 kl. &#8221; Esi spo\u017e\u0101k\u0101 spuldz\u012bte telp\u0101&#8221;.<\/p>\n\n\n\n<p>M\u0101rupes novada un ESF &#8211; &#8221; 8-12 kl. nodarb\u012bbas par uzturu ar meistarklasi.<\/p>\n\n\n\n<figure class=\"wp-block-gallery has-nested-images columns-default is-cropped wp-block-gallery-1 is-layout-flex wp-block-gallery-is-layout-flex\">\n<figure class=\"wp-block-image size-large\"><img loading=\"lazy\" decoding=\"async\" width=\"1024\" height=\"768\" data-id=\"5042\" src=\"https:\/\/marupe.edu.lv\/wp-content\/uploads\/2025\/12\/WhatsApp-Image-2025-10-27-at-12.07.17-1024x768.jpeg\" alt=\"\" class=\"wp-image-5042\" srcset=\"https:\/\/marupe.edu.lv\/wp-content\/uploads\/2025\/12\/WhatsApp-Image-2025-10-27-at-12.07.17-1024x768.jpeg 1024w, https:\/\/marupe.edu.lv\/wp-content\/uploads\/2025\/12\/WhatsApp-Image-2025-10-27-at-12.07.17-300x225.jpeg 300w, https:\/\/marupe.edu.lv\/wp-content\/uploads\/2025\/12\/WhatsApp-Image-2025-10-27-at-12.07.17-768x576.jpeg 768w, https:\/\/marupe.edu.lv\/wp-content\/uploads\/2025\/12\/WhatsApp-Image-2025-10-27-at-12.07.17-1536x1152.jpeg 1536w, https:\/\/marupe.edu.lv\/wp-content\/uploads\/2025\/12\/WhatsApp-Image-2025-10-27-at-12.07.17.jpeg 1600w\" sizes=\"auto, (max-width: 1024px) 100vw, 1024px\" \/><\/figure>\n\n\n\n<figure class=\"wp-block-image size-large\"><img loading=\"lazy\" decoding=\"async\" width=\"1024\" height=\"768\" data-id=\"5043\" src=\"https:\/\/marupe.edu.lv\/wp-content\/uploads\/2025\/12\/WhatsApp-Image-2025-10-yyyat-12.07.17-1024x768.jpeg\" alt=\"\" class=\"wp-image-5043\" srcset=\"https:\/\/marupe.edu.lv\/wp-content\/uploads\/2025\/12\/WhatsApp-Image-2025-10-yyyat-12.07.17-1024x768.jpeg 1024w, https:\/\/marupe.edu.lv\/wp-content\/uploads\/2025\/12\/WhatsApp-Image-2025-10-yyyat-12.07.17-300x225.jpeg 300w, https:\/\/marupe.edu.lv\/wp-content\/uploads\/2025\/12\/WhatsApp-Image-2025-10-yyyat-12.07.17-768x576.jpeg 768w, https:\/\/marupe.edu.lv\/wp-content\/uploads\/2025\/12\/WhatsApp-Image-2025-10-yyyat-12.07.17-1536x1152.jpeg 1536w, https:\/\/marupe.edu.lv\/wp-content\/uploads\/2025\/12\/WhatsApp-Image-2025-10-yyyat-12.07.17.jpeg 1600w\" sizes=\"auto, (max-width: 1024px) 100vw, 1024px\" \/><\/figure>\n\n\n\n<figure class=\"wp-block-image size-large\"><img loading=\"lazy\" decoding=\"async\" width=\"1024\" height=\"768\" data-id=\"5044\" src=\"https:\/\/marupe.edu.lv\/wp-content\/uploads\/2025\/12\/WhatsApp-Image-2025-yyy10-27-at-12.07.18-1024x768.jpeg\" alt=\"\" class=\"wp-image-5044\" srcset=\"https:\/\/marupe.edu.lv\/wp-content\/uploads\/2025\/12\/WhatsApp-Image-2025-yyy10-27-at-12.07.18-1024x768.jpeg 1024w, https:\/\/marupe.edu.lv\/wp-content\/uploads\/2025\/12\/WhatsApp-Image-2025-yyy10-27-at-12.07.18-300x225.jpeg 300w, https:\/\/marupe.edu.lv\/wp-content\/uploads\/2025\/12\/WhatsApp-Image-2025-yyy10-27-at-12.07.18-768x576.jpeg 768w, https:\/\/marupe.edu.lv\/wp-content\/uploads\/2025\/12\/WhatsApp-Image-2025-yyy10-27-at-12.07.18-1536x1152.jpeg 1536w, https:\/\/marupe.edu.lv\/wp-content\/uploads\/2025\/12\/WhatsApp-Image-2025-yyy10-27-at-12.07.18.jpeg 1600w\" sizes=\"auto, (max-width: 1024px) 100vw, 1024px\" \/><\/figure>\n<\/figure>\n\n\n\n<p>M\u0101rupes novads, Papardes zieds &#8211; nodarb\u012bba vec\u0101kiem par&nbsp; b\u0113rnu reprodukt\u012bvo un seksu\u0101lo vesel\u012bbu.<\/p>\n\n\n\n<figure class=\"wp-block-gallery has-nested-images columns-default is-cropped wp-block-gallery-2 is-layout-flex wp-block-gallery-is-layout-flex\">\n<figure class=\"wp-block-image size-large\"><img loading=\"lazy\" decoding=\"async\" width=\"1024\" height=\"768\" data-id=\"5045\" src=\"https:\/\/marupe.edu.lv\/wp-content\/uploads\/2025\/12\/WhatsApp-Image-2025-10-30-at-16.32.31-1024x768.jpeg\" alt=\"\" class=\"wp-image-5045\" srcset=\"https:\/\/marupe.edu.lv\/wp-content\/uploads\/2025\/12\/WhatsApp-Image-2025-10-30-at-16.32.31-1024x768.jpeg 1024w, https:\/\/marupe.edu.lv\/wp-content\/uploads\/2025\/12\/WhatsApp-Image-2025-10-30-at-16.32.31-300x225.jpeg 300w, https:\/\/marupe.edu.lv\/wp-content\/uploads\/2025\/12\/WhatsApp-Image-2025-10-30-at-16.32.31-768x576.jpeg 768w, https:\/\/marupe.edu.lv\/wp-content\/uploads\/2025\/12\/WhatsApp-Image-2025-10-30-at-16.32.31-1536x1152.jpeg 1536w, https:\/\/marupe.edu.lv\/wp-content\/uploads\/2025\/12\/WhatsApp-Image-2025-10-30-at-16.32.31.jpeg 2048w\" sizes=\"auto, (max-width: 1024px) 100vw, 1024px\" \/><\/figure>\n\n\n\n<figure class=\"wp-block-image size-large\"><img loading=\"lazy\" decoding=\"async\" width=\"1024\" height=\"768\" data-id=\"5046\" src=\"https:\/\/marupe.edu.lv\/wp-content\/uploads\/2025\/12\/WhatsApp-Image-2025-10-30-dddat-16.32.31-1024x768.jpeg\" alt=\"\" class=\"wp-image-5046\" srcset=\"https:\/\/marupe.edu.lv\/wp-content\/uploads\/2025\/12\/WhatsApp-Image-2025-10-30-dddat-16.32.31-1024x768.jpeg 1024w, https:\/\/marupe.edu.lv\/wp-content\/uploads\/2025\/12\/WhatsApp-Image-2025-10-30-dddat-16.32.31-300x225.jpeg 300w, https:\/\/marupe.edu.lv\/wp-content\/uploads\/2025\/12\/WhatsApp-Image-2025-10-30-dddat-16.32.31-768x576.jpeg 768w, https:\/\/marupe.edu.lv\/wp-content\/uploads\/2025\/12\/WhatsApp-Image-2025-10-30-dddat-16.32.31-1536x1152.jpeg 1536w, https:\/\/marupe.edu.lv\/wp-content\/uploads\/2025\/12\/WhatsApp-Image-2025-10-30-dddat-16.32.31.jpeg 2048w\" sizes=\"auto, (max-width: 1024px) 100vw, 1024px\" \/><\/figure>\n<\/figure>\n\n\n\n<p>SKPC, NVVST&nbsp; 1-2 kl.&nbsp; &#8221; T\u012bras rokas, t\u012brs ir viss prom ir mikrobs aizb\u0113dzis&#8221;.<\/p>\n\n\n\n<figure class=\"wp-block-gallery has-nested-images columns-default is-cropped wp-block-gallery-3 is-layout-flex wp-block-gallery-is-layout-flex\">\n<figure class=\"wp-block-image size-large\"><img loading=\"lazy\" decoding=\"async\" width=\"1024\" height=\"768\" data-id=\"5051\" src=\"https:\/\/marupe.edu.lv\/wp-content\/uploads\/2026\/01\/WhatsApp-Image-2025-12-17-at-17.38.08-1024x768.jpeg\" alt=\"\" class=\"wp-image-5051\" srcset=\"https:\/\/marupe.edu.lv\/wp-content\/uploads\/2026\/01\/WhatsApp-Image-2025-12-17-at-17.38.08-1024x768.jpeg 1024w, https:\/\/marupe.edu.lv\/wp-content\/uploads\/2026\/01\/WhatsApp-Image-2025-12-17-at-17.38.08-300x225.jpeg 300w, https:\/\/marupe.edu.lv\/wp-content\/uploads\/2026\/01\/WhatsApp-Image-2025-12-17-at-17.38.08-768x576.jpeg 768w, https:\/\/marupe.edu.lv\/wp-content\/uploads\/2026\/01\/WhatsApp-Image-2025-12-17-at-17.38.08-1536x1152.jpeg 1536w, https:\/\/marupe.edu.lv\/wp-content\/uploads\/2026\/01\/WhatsApp-Image-2025-12-17-at-17.38.08.jpeg 2048w\" sizes=\"auto, (max-width: 1024px) 100vw, 1024px\" \/><\/figure>\n\n\n\n<figure class=\"wp-block-image size-large\"><img loading=\"lazy\" decoding=\"async\" width=\"1024\" height=\"768\" data-id=\"5049\" src=\"https:\/\/marupe.edu.lv\/wp-content\/uploads\/2026\/01\/WhatsApp-Image-2025-12-17ssss-at-17.38.08-1024x768.jpeg\" alt=\"\" class=\"wp-image-5049\" srcset=\"https:\/\/marupe.edu.lv\/wp-content\/uploads\/2026\/01\/WhatsApp-Image-2025-12-17ssss-at-17.38.08-1024x768.jpeg 1024w, https:\/\/marupe.edu.lv\/wp-content\/uploads\/2026\/01\/WhatsApp-Image-2025-12-17ssss-at-17.38.08-300x225.jpeg 300w, https:\/\/marupe.edu.lv\/wp-content\/uploads\/2026\/01\/WhatsApp-Image-2025-12-17ssss-at-17.38.08-768x576.jpeg 768w, https:\/\/marupe.edu.lv\/wp-content\/uploads\/2026\/01\/WhatsApp-Image-2025-12-17ssss-at-17.38.08-1536x1152.jpeg 1536w, https:\/\/marupe.edu.lv\/wp-content\/uploads\/2026\/01\/WhatsApp-Image-2025-12-17ssss-at-17.38.08.jpeg 2048w\" sizes=\"auto, (max-width: 1024px) 100vw, 1024px\" \/><\/figure>\n\n\n\n<figure class=\"wp-block-image size-large\"><img loading=\"lazy\" decoding=\"async\" width=\"1024\" height=\"768\" data-id=\"5050\" src=\"https:\/\/marupe.edu.lv\/wp-content\/uploads\/2026\/01\/WhatsApp-Image-2025-12-aaaat-17.38.08-1024x768.jpeg\" alt=\"\" class=\"wp-image-5050\" srcset=\"https:\/\/marupe.edu.lv\/wp-content\/uploads\/2026\/01\/WhatsApp-Image-2025-12-aaaat-17.38.08-1024x768.jpeg 1024w, https:\/\/marupe.edu.lv\/wp-content\/uploads\/2026\/01\/WhatsApp-Image-2025-12-aaaat-17.38.08-300x225.jpeg 300w, https:\/\/marupe.edu.lv\/wp-content\/uploads\/2026\/01\/WhatsApp-Image-2025-12-aaaat-17.38.08-768x576.jpeg 768w, https:\/\/marupe.edu.lv\/wp-content\/uploads\/2026\/01\/WhatsApp-Image-2025-12-aaaat-17.38.08-1536x1152.jpeg 1536w, https:\/\/marupe.edu.lv\/wp-content\/uploads\/2026\/01\/WhatsApp-Image-2025-12-aaaat-17.38.08.jpeg 2048w\" sizes=\"auto, (max-width: 1024px) 100vw, 1024px\" \/><\/figure>\n<\/figure>\n","protected":false},"excerpt":{"rendered":"<p>1.&nbsp;Realiz\u0113tie&nbsp;pas\u0101kums: SKPC, NVVST&nbsp; 10-12 kl. &#8221; Esi spo\u017e\u0101k\u0101 spuldz\u012bte telp\u0101&#8221;. M\u0101rupes novada un ESF &#8211; &#8221; 8-12 kl. nodarb\u012bbas par &hellip; <\/p>\n","protected":false},"author":1,"featured_media":0,"parent":0,"menu_order":0,"comment_status":"closed","ping_status":"closed","template":"","meta":{"_monsterinsights_skip_tracking":false,"_monsterinsights_sitenote_active":false,"_monsterinsights_sitenote_note":"","_monsterinsights_sitenote_category":0,"footnotes":""},"class_list":["post-4920","page","type-page","status-publish","hentry","latest_post"],"aioseo_notices":[],"_links":{"self":[{"href":"https:\/\/marupe.edu.lv\/index.php?rest_route=\/wp\/v2\/pages\/4920","targetHints":{"allow":["GET"]}}],"collection":[{"href":"https:\/\/marupe.edu.lv\/index.php?rest_route=\/wp\/v2\/pages"}],"about":[{"href":"https:\/\/marupe.edu.lv\/index.php?rest_route=\/wp\/v2\/types\/page"}],"author":[{"embeddable":true,"href":"https:\/\/marupe.edu.lv\/index.php?rest_route=\/wp\/v2\/users\/1"}],"replies":[{"embeddable":true,"href":"https:\/\/marupe.edu.lv\/index.php?rest_route=%2Fwp%2Fv2%2Fcomments&post=4920"}],"version-history":[{"count":4,"href":"https:\/\/marupe.edu.lv\/index.php?rest_route=\/wp\/v2\/pages\/4920\/revisions"}],"predecessor-version":[{"id":5052,"href":"https:\/\/marupe.edu.lv\/index.php?rest_route=\/wp\/v2\/pages\/4920\/revisions\/5052"}],"wp:attachment":[{"href":"https:\/\/marupe.edu.lv\/index.php?rest_route=%2Fwp%2Fv2%2Fmedia&parent=4920"}],"curies":[{"name":"wp","href":"https:\/\/api.w.org\/{rel}","templated":true}]}}