{"id":4779,"date":"2025-08-25T07:57:35","date_gmt":"2025-08-25T05:57:35","guid":{"rendered":"https:\/\/marupe.edu.lv\/?page_id=4779"},"modified":"2025-10-02T08:12:56","modified_gmt":"2025-10-02T06:12:56","slug":"talrunu-lietosanas-kartiba","status":"publish","type":"page","link":"https:\/\/marupe.edu.lv\/?page_id=4779","title":{"rendered":"T\u0101lru\u0146u lieto\u0161anas k\u0101rt\u012bba"},"content":{"rendered":"\n<h3 class=\"wp-block-heading has-text-align-center\"><a href=\"https:\/\/marupe.edu.lv\/wp-content\/uploads\/2025\/10\/28_AR-GROZIJUMIEM_MVG_Mobilo-talrunu-un-viediericu-lietosanas-kartibas-noteikumi-1.-6.klasu-skoleniem.pdf\" target=\"_blank\" rel=\"noopener\" title=\"\">Mobilo t\u0101lru\u0146u un viedier\u012b\u010du lieto\u0161anas k\u0101rt\u012bbas noteikumi 1.- 6.kla\u0161u skol\u0113niem<\/a><\/h3>\n\n\n\n<figure class=\"wp-block-image size-large is-resized\"><img loading=\"lazy\" decoding=\"async\" width=\"724\" height=\"1024\" src=\"https:\/\/marupe.edu.lv\/wp-content\/uploads\/2025\/10\/instukcija_telefoni-724x1024.jpg\" alt=\"\" class=\"wp-image-4906\" style=\"width:840px;height:auto\" srcset=\"https:\/\/marupe.edu.lv\/wp-content\/uploads\/2025\/10\/instukcija_telefoni-724x1024.jpg 724w, https:\/\/marupe.edu.lv\/wp-content\/uploads\/2025\/10\/instukcija_telefoni-212x300.jpg 212w, https:\/\/marupe.edu.lv\/wp-content\/uploads\/2025\/10\/instukcija_telefoni-768x1086.jpg 768w, https:\/\/marupe.edu.lv\/wp-content\/uploads\/2025\/10\/instukcija_telefoni-1086x1536.jpg 1086w, https:\/\/marupe.edu.lv\/wp-content\/uploads\/2025\/10\/instukcija_telefoni-1448x2048.jpg 1448w, https:\/\/marupe.edu.lv\/wp-content\/uploads\/2025\/10\/instukcija_telefoni-scaled.jpg 1810w\" sizes=\"auto, (max-width: 724px) 100vw, 724px\" \/><\/figure>\n","protected":false},"excerpt":{"rendered":"<p>Mobilo t\u0101lru\u0146u un viedier\u012b\u010du lieto\u0161anas k\u0101rt\u012bbas noteikumi 1.- 6.kla\u0161u skol\u0113niem<\/p>\n","protected":false},"author":1,"featured_media":0,"parent":0,"menu_order":0,"comment_status":"closed","ping_status":"closed","template":"","meta":{"_monsterinsights_skip_tracking":false,"_monsterinsights_sitenote_active":false,"_monsterinsights_sitenote_note":"","_monsterinsights_sitenote_category":0,"footnotes":""},"class_list":["post-4779","page","type-page","status-publish","hentry","latest_post"],"aioseo_notices":[],"_links":{"self":[{"href":"https:\/\/marupe.edu.lv\/index.php?rest_route=\/wp\/v2\/pages\/4779","targetHints":{"allow":["GET"]}}],"collection":[{"href":"https:\/\/marupe.edu.lv\/index.php?rest_route=\/wp\/v2\/pages"}],"about":[{"href":"https:\/\/marupe.edu.lv\/index.php?rest_route=\/wp\/v2\/types\/page"}],"author":[{"embeddable":true,"href":"https:\/\/marupe.edu.lv\/index.php?rest_route=\/wp\/v2\/users\/1"}],"replies":[{"embeddable":true,"href":"https:\/\/marupe.edu.lv\/index.php?rest_route=%2Fwp%2Fv2%2Fcomments&post=4779"}],"version-history":[{"count":7,"href":"https:\/\/marupe.edu.lv\/index.php?rest_route=\/wp\/v2\/pages\/4779\/revisions"}],"predecessor-version":[{"id":4910,"href":"https:\/\/marupe.edu.lv\/index.php?rest_route=\/wp\/v2\/pages\/4779\/revisions\/4910"}],"wp:attachment":[{"href":"https:\/\/marupe.edu.lv\/index.php?rest_route=%2Fwp%2Fv2%2Fmedia&parent=4779"}],"curies":[{"name":"wp","href":"https:\/\/api.w.org\/{rel}","templated":true}]}}