{"id":4217,"date":"2024-09-09T20:23:56","date_gmt":"2024-09-09T18:23:56","guid":{"rendered":"https:\/\/marupe.edu.lv\/?page_id=4217"},"modified":"2024-09-09T20:25:23","modified_gmt":"2024-09-09T18:25:23","slug":"francu-valoda","status":"publish","type":"page","link":"https:\/\/marupe.edu.lv\/?page_id=4217","title":{"rendered":"Fran\u010du valoda"},"content":{"rendered":"\n<p>Fran\u010du valodas kursi b\u0113rniem un jaunie\u0161iem&nbsp;<strong>\u201cBon courage!\u201d<\/strong>&nbsp;&nbsp;M\u0101rupes Valsts \u0123imn\u0101zij\u0101.<\/p>\n\n\n\n<p><strong>N\u0101c un pilnveido sevi \u2013 m\u0101coties fran\u010du valodu!<\/strong><\/p>\n\n\n\n<p>Tiek uz\u0146emti jauni dal\u012bbnieki\u00a0 ar vai bez iepriek\u0161\u0113j\u0101m fran\u010du val. zin\u0101\u0161an\u0101m;<\/p>\n\n\n\n<p>\u00a0Individu\u0101la pieeja katram topo\u0161ajam frankafonam;<\/p>\n\n\n\n<p>Fran\u010du kult\u016bras iepaz\u012b\u0161ana ;<\/p>\n\n\n\n<p>&nbsp;Kursu apm\u0101c\u012bb\u0101 tiek ietverta interakt\u012bva m\u0101c\u012b\u0161an\u0101s, nodro\u0161inot&nbsp; uzticamu m\u0101c\u012bbu vidi un pasniedz\u0113ju atbalstu ;&nbsp;<\/p>\n\n\n\n<p>Ar jauno m\u0101c\u012bbu gadu tiek pied\u0101v\u0101ts apg\u016bt fran\u010du valodu b\u0113rniem un jaunie\u0161iem apmekl\u0113jot&nbsp; nodarb\u012bbas ( 50 min) garum\u0101&nbsp; 2 reizes ned\u0113\u013c\u0101:&nbsp;<strong><em>otrdien\u0101s \/ ceturtdien\u0101s<\/em><\/strong>&nbsp;<strong>plkst.&nbsp; 16:30 \u2013 17:20; 17:30-18:20<\/strong><\/p>\n\n\n\n<p>Pirm\u0101 nodarb\u012bba: 1. oktobr\u012b.<\/p>\n\n\n\n<p><strong>Apg\u016bstam\u0101s aktivit\u0101tes :<\/strong><\/p>\n\n\n\n<p>Nodarb\u012bbu laik\u0101 tiks apg\u016bti fran\u010du valodas pamati \u2013 tiks veicin\u0101ta&nbsp; las\u012btprasmes izpratne, pareizas izrunas izveide , vienk\u0101r\u0161u teikumu st\u0101st\u012b\u0161ana par sevi, interesantu faktu atkl\u0101\u0161ana par Franciju , tautas trad\u012bcij\u0101m, to paradumiem , \u0113dienu kult\u016bru. &nbsp; Jaun\u0101k\u0101 vecuma posma grup\u0101 m\u0113s daudz sp\u0113l\u0113sim, m\u0101c\u012bsimies fran\u010du dziesmas, skait\u0101mpantus,&nbsp; run\u0101sim par kult\u016bru, t\u0101s \u0161armu un gar\u0161u&nbsp; iej\u016btoties franc\u016b\u017eu t\u0113l\u0101. Izmantojamie materi\u0101li &#8211;&nbsp;<a rel=\"noreferrer noopener\" href=\"http:\/\/xn--mc-dla.gr\/\" target=\"_blank\">m\u0101c\u012bbu gr<\/a>\u0101m. \u201cTIP TOP 1;2\u201d, port\u0101ls&nbsp;<a rel=\"noreferrer noopener\" href=\"http:\/\/skolo.lv\/\" target=\"_blank\">Skolo.lv<\/a>&nbsp;u.c.<\/p>\n\n\n\n<p>Vec\u0101ko kla\u0161u posm\u0101 fran\u010du valodas apguvei tiks izmantotas m\u0101c\u012bbu gr\u0101matas \u201cAdosph\u00e8re A1-A2; port\u0101la&nbsp;<a rel=\"noreferrer noopener\" href=\"http:\/\/skolo.lv\/\" target=\"_blank\">Skolo.lv<\/a>&nbsp;u.c. m\u0101c\u012bbu l\u012bdzek\u013ci. M\u0101c\u012bbu materi\u0101li tiks nodro\u0161in\u0101ti.<\/p>\n\n\n\n<p><strong>Dal\u012bbnieku skaits grup\u0101<\/strong>: 15 b\u0113rni<\/p>\n\n\n\n<p><strong>Nodarb\u012bbas izmaksas:&nbsp;&nbsp;<\/strong>m\u0113ne\u0161a maksa 56 eur par 8 nodarb\u012bb\u0101m , sl\u0113dzot l\u012bgumu m\u0101c\u012bbu gada posm\u0101;<\/p>\n\n\n\n<p><strong>Nodarb\u012bbu&nbsp; vad\u012bt\u0101ji<\/strong>: Evija Circene \/ Aleksandrs Popovs&nbsp;\/ Jeg\u0113nija Beznosika<\/p>\n\n\n\n<p><strong>Iesp\u0113ja sazin\u0101ties un uzdot jaut\u0101jumus:<\/strong>\u00a0<\/p>\n\n\n\n<p><a href=\"http:\/\/mailto:evija.circene@gmail.com\/\" target=\"_blank\" rel=\"noreferrer noopener\">evija.circene@gmail.com<\/a>;<\/p>\n\n\n\n<p>+371 26087878<\/p>\n\n\n\n<p>Pieteik\u0161an\u0101s termi\u0146\u0161 l\u012bdz 23.septembrim <a href=\"https:\/\/docs.google.com\/forms\/d\/1CgxLUfdB57tO3frn5woqJ37ODFy75zwhJnJu2pl6zhI\/edit\" target=\"_blank\" rel=\"noopener\" title=\"\u0160EIT\">\u0160EIT<\/a><\/p>\n\n\n\n<p><\/p>\n","protected":false},"excerpt":{"rendered":"<p>Fran\u010du valodas kursi b\u0113rniem un jaunie\u0161iem&nbsp;\u201cBon courage!\u201d&nbsp;&nbsp;M\u0101rupes Valsts \u0123imn\u0101zij\u0101. N\u0101c un pilnveido sevi \u2013 m\u0101coties fran\u010du valodu! Tiek uz\u0146emti jauni &hellip; <\/p>\n","protected":false},"author":1,"featured_media":0,"parent":0,"menu_order":0,"comment_status":"closed","ping_status":"closed","template":"","meta":{"_monsterinsights_skip_tracking":false,"_monsterinsights_sitenote_active":false,"_monsterinsights_sitenote_note":"","_monsterinsights_sitenote_category":0,"footnotes":""},"class_list":["post-4217","page","type-page","status-publish","hentry","latest_post"],"aioseo_notices":[],"_links":{"self":[{"href":"https:\/\/marupe.edu.lv\/index.php?rest_route=\/wp\/v2\/pages\/4217","targetHints":{"allow":["GET"]}}],"collection":[{"href":"https:\/\/marupe.edu.lv\/index.php?rest_route=\/wp\/v2\/pages"}],"about":[{"href":"https:\/\/marupe.edu.lv\/index.php?rest_route=\/wp\/v2\/types\/page"}],"author":[{"embeddable":true,"href":"https:\/\/marupe.edu.lv\/index.php?rest_route=\/wp\/v2\/users\/1"}],"replies":[{"embeddable":true,"href":"https:\/\/marupe.edu.lv\/index.php?rest_route=%2Fwp%2Fv2%2Fcomments&post=4217"}],"version-history":[{"count":2,"href":"https:\/\/marupe.edu.lv\/index.php?rest_route=\/wp\/v2\/pages\/4217\/revisions"}],"predecessor-version":[{"id":4222,"href":"https:\/\/marupe.edu.lv\/index.php?rest_route=\/wp\/v2\/pages\/4217\/revisions\/4222"}],"wp:attachment":[{"href":"https:\/\/marupe.edu.lv\/index.php?rest_route=%2Fwp%2Fv2%2Fmedia&parent=4217"}],"curies":[{"name":"wp","href":"https:\/\/api.w.org\/{rel}","templated":true}]}}