{"id":4211,"date":"2024-09-09T20:20:09","date_gmt":"2024-09-09T18:20:09","guid":{"rendered":"https:\/\/marupe.edu.lv\/?page_id=4211"},"modified":"2024-09-09T20:29:59","modified_gmt":"2024-09-09T18:29:59","slug":"jaunsardze","status":"publish","type":"page","link":"https:\/\/marupe.edu.lv\/?page_id=4211","title":{"rendered":"Jaunsardze"},"content":{"rendered":"\n<p>M\u016bsu skol\u0101 \u0161ogad ir iesp\u0113ja pieteikt jaunieti Jaunsardzei (br\u012bvpr\u0101t\u012bga kust\u012bba b\u0113rniem un jaunie\u0161iem no 10 l\u012bdz 21 gadam.)<\/p>\n\n\n\n<figure class=\"wp-block-embed is-type-video is-provider-youtube wp-block-embed-youtube wp-embed-aspect-16-9 wp-has-aspect-ratio\"><div class=\"wp-block-embed__wrapper\">\n<iframe loading=\"lazy\" title=\"Jaunsardzes centram 30\" width=\"750\" height=\"422\" src=\"https:\/\/www.youtube.com\/embed\/HtN39hiSNGs?feature=oembed\" frameborder=\"0\" allow=\"accelerometer; autoplay; clipboard-write; encrypted-media; gyroscope; picture-in-picture; web-share\" referrerpolicy=\"strict-origin-when-cross-origin\" allowfullscreen><\/iframe>\n<\/div><\/figure>\n\n\n\n<p>Iesp\u0113jas:<\/p>\n\n\n\n<ul class=\"wp-block-list\">\n<li>Ieg\u016bt jaunus draugus un dz\u012bvei noder\u012bgas zin\u0101\u0161anas.<\/li>\n\n\n\n<li>Doties ekskursij\u0101s<\/li>\n\n\n\n<li>Nometn\u0113s<\/li>\n\n\n\n<li>P\u0101rg\u0101jienos<\/li>\n\n\n\n<li>Sporta aktivit\u0101tes<\/li>\n\n\n\n<li>Nometn\u0113s un sacens\u012bb\u0101s \u0101rzem\u0113s<\/li>\n<\/ul>\n\n\n\n<p>Jaunietim tiek nodro\u0161in\u0101ts:<\/p>\n\n\n\n<ul class=\"wp-block-list\">\n<li>Apmaks\u0101ti vesel\u012bbas apr\u016bpes pakalpojumi<\/li>\n\n\n\n<li>Vakcin\u0101cija pret \u0113r\u010du encefal\u012btu un D vitam\u012bna prepar\u0101ti<\/li>\n\n\n\n<li>Formast\u0113rps<\/li>\n\n\n\n<li>Jaunie\u0161iem viss Jaunsardzes pied\u0101v\u0101tais ir<strong>\u00a0bezmaksas<\/strong><\/li>\n<\/ul>\n\n\n\n<p>Nodarb\u012bbas notiek 1x ned\u0113\u013c\u0101 p\u0113c m\u0101c\u012bbu stund\u0101m, skolas telp\u0101s un t\u0101s piegu\u013co\u0161aj\u0101 teritorij\u0101.<\/p>\n\n\n\n<ol class=\"wp-block-list\" start=\"1\">\n<li><strong>Grupa 5-6 klase (10-13 gadi)<\/strong><\/li>\n<\/ol>\n\n\n\n<p>Pirmdien\u0101s no 17:00-18:30<\/p>\n\n\n\n<ol class=\"wp-block-list\" start=\"2\">\n<li><strong>Grupa 7-8 klase (12-15 gadi)<\/strong><\/li>\n<\/ol>\n\n\n\n<p>Tre\u0161dien\u0101s no 17:00-18:30<\/p>\n\n\n\n<p><strong>Pieteik\u0161an\u0101s<\/strong>:<\/p>\n\n\n\n<p>Jaunsargu instruktors M\u0101ris Romanovs<\/p>\n\n\n\n<p><a href=\"mailto:maris.romanovs@jc.gov.lv\" target=\"_blank\" rel=\"noreferrer noopener\">maris.romanovs@jc.gov.lv<\/a><\/p>\n\n\n\n<p>26217944<\/p>\n","protected":false},"excerpt":{"rendered":"<p>M\u016bsu skol\u0101 \u0161ogad ir iesp\u0113ja pieteikt jaunieti Jaunsardzei (br\u012bvpr\u0101t\u012bga kust\u012bba b\u0113rniem un jaunie\u0161iem no 10 l\u012bdz 21 gadam.) Iesp\u0113jas: Jaunietim &hellip; <\/p>\n","protected":false},"author":1,"featured_media":0,"parent":0,"menu_order":0,"comment_status":"closed","ping_status":"closed","template":"","meta":{"_monsterinsights_skip_tracking":false,"_monsterinsights_sitenote_active":false,"_monsterinsights_sitenote_note":"","_monsterinsights_sitenote_category":0,"footnotes":""},"class_list":["post-4211","page","type-page","status-publish","hentry","latest_post"],"aioseo_notices":[],"_links":{"self":[{"href":"https:\/\/marupe.edu.lv\/index.php?rest_route=\/wp\/v2\/pages\/4211","targetHints":{"allow":["GET"]}}],"collection":[{"href":"https:\/\/marupe.edu.lv\/index.php?rest_route=\/wp\/v2\/pages"}],"about":[{"href":"https:\/\/marupe.edu.lv\/index.php?rest_route=\/wp\/v2\/types\/page"}],"author":[{"embeddable":true,"href":"https:\/\/marupe.edu.lv\/index.php?rest_route=\/wp\/v2\/users\/1"}],"replies":[{"embeddable":true,"href":"https:\/\/marupe.edu.lv\/index.php?rest_route=%2Fwp%2Fv2%2Fcomments&post=4211"}],"version-history":[{"count":3,"href":"https:\/\/marupe.edu.lv\/index.php?rest_route=\/wp\/v2\/pages\/4211\/revisions"}],"predecessor-version":[{"id":4230,"href":"https:\/\/marupe.edu.lv\/index.php?rest_route=\/wp\/v2\/pages\/4211\/revisions\/4230"}],"wp:attachment":[{"href":"https:\/\/marupe.edu.lv\/index.php?rest_route=%2Fwp%2Fv2%2Fmedia&parent=4211"}],"curies":[{"name":"wp","href":"https:\/\/api.w.org\/{rel}","templated":true}]}}