{"id":3578,"date":"2024-01-16T15:19:30","date_gmt":"2024-01-16T13:19:30","guid":{"rendered":"https:\/\/marupe.edu.lv\/?page_id=3578"},"modified":"2024-10-31T08:54:21","modified_gmt":"2024-10-31T06:54:21","slug":"labbutibas-diena","status":"publish","type":"page","link":"https:\/\/marupe.edu.lv\/?page_id=3578","title":{"rendered":"Labb\u016bt\u012bbas diena"},"content":{"rendered":"\n<h2 class=\"wp-block-heading has-text-align-center\"><a href=\"https:\/\/marupe.edu.lv\/wp-content\/uploads\/2024\/01\/doc20240116142822.pdf\" target=\"_blank\" rel=\"noreferrer noopener\" title=\"Nolikums\">Nolikums<\/a><\/h2>\n\n\n\n<h2 class=\"wp-block-heading has-text-align-center\"><a href=\"https:\/\/marupe.edu.lv\/wp-content\/uploads\/2024\/01\/Vecaku-informativais-materials-Labbutibas-diena-MVG-.pdf\" target=\"_blank\" rel=\"noreferrer noopener\" title=\"Informat\u012bvais plak\u0101ts vec\u0101kiem\">Informat\u012bvais plak\u0101ts vec\u0101kiem<\/a><\/h2>\n\n\n\n<h2 class=\"wp-block-heading has-text-align-center\"><a href=\"https:\/\/marupe.edu.lv\/wp-content\/uploads\/2024\/01\/Labbutibas-dienu-pieteikuma-veidlapa.pdf\" target=\"_blank\" rel=\"noreferrer noopener\" title=\"Iesnieguma veidlapa\">Iesnieguma veidlapa<\/a><\/h2>\n\n\n\n<h2 class=\"wp-block-heading has-text-align-center\"><a href=\"https:\/\/forms.gle\/8NShwqmyBGiFGAsG9\" target=\"_blank\" rel=\"noopener\" title=\"\">Atgriezenisk\u0101 saite<\/a><\/h2>\n\n\n\n<figure class=\"wp-block-image size-full\"><img loading=\"lazy\" decoding=\"async\" width=\"1024\" height=\"2560\" src=\"https:\/\/marupe.edu.lv\/wp-content\/uploads\/2024\/01\/Ka-lietderigi-izmantot-Labbutibas-dienu-1-1-scaled.jpg\" alt=\"\" class=\"wp-image-3595\" srcset=\"https:\/\/marupe.edu.lv\/wp-content\/uploads\/2024\/01\/Ka-lietderigi-izmantot-Labbutibas-dienu-1-1-scaled.jpg 1024w, https:\/\/marupe.edu.lv\/wp-content\/uploads\/2024\/01\/Ka-lietderigi-izmantot-Labbutibas-dienu-1-1-120x300.jpg 120w, https:\/\/marupe.edu.lv\/wp-content\/uploads\/2024\/01\/Ka-lietderigi-izmantot-Labbutibas-dienu-1-1-410x1024.jpg 410w, https:\/\/marupe.edu.lv\/wp-content\/uploads\/2024\/01\/Ka-lietderigi-izmantot-Labbutibas-dienu-1-1-768x1920.jpg 768w, https:\/\/marupe.edu.lv\/wp-content\/uploads\/2024\/01\/Ka-lietderigi-izmantot-Labbutibas-dienu-1-1-614x1536.jpg 614w, https:\/\/marupe.edu.lv\/wp-content\/uploads\/2024\/01\/Ka-lietderigi-izmantot-Labbutibas-dienu-1-1-819x2048.jpg 819w\" sizes=\"auto, (max-width: 1024px) 100vw, 1024px\" \/><\/figure>\n","protected":false},"excerpt":{"rendered":"<p>Nolikums Informat\u012bvais plak\u0101ts vec\u0101kiem Iesnieguma veidlapa Atgriezenisk\u0101 saite<\/p>\n","protected":false},"author":1,"featured_media":0,"parent":0,"menu_order":0,"comment_status":"closed","ping_status":"closed","template":"","meta":{"_monsterinsights_skip_tracking":false,"_monsterinsights_sitenote_active":false,"_monsterinsights_sitenote_note":"","_monsterinsights_sitenote_category":0,"footnotes":""},"class_list":["post-3578","page","type-page","status-publish","hentry","latest_post"],"aioseo_notices":[],"_links":{"self":[{"href":"https:\/\/marupe.edu.lv\/index.php?rest_route=\/wp\/v2\/pages\/3578","targetHints":{"allow":["GET"]}}],"collection":[{"href":"https:\/\/marupe.edu.lv\/index.php?rest_route=\/wp\/v2\/pages"}],"about":[{"href":"https:\/\/marupe.edu.lv\/index.php?rest_route=\/wp\/v2\/types\/page"}],"author":[{"embeddable":true,"href":"https:\/\/marupe.edu.lv\/index.php?rest_route=\/wp\/v2\/users\/1"}],"replies":[{"embeddable":true,"href":"https:\/\/marupe.edu.lv\/index.php?rest_route=%2Fwp%2Fv2%2Fcomments&post=3578"}],"version-history":[{"count":10,"href":"https:\/\/marupe.edu.lv\/index.php?rest_route=\/wp\/v2\/pages\/3578\/revisions"}],"predecessor-version":[{"id":4317,"href":"https:\/\/marupe.edu.lv\/index.php?rest_route=\/wp\/v2\/pages\/3578\/revisions\/4317"}],"wp:attachment":[{"href":"https:\/\/marupe.edu.lv\/index.php?rest_route=%2Fwp%2Fv2%2Fmedia&parent=3578"}],"curies":[{"name":"wp","href":"https:\/\/api.w.org\/{rel}","templated":true}]}}