{"id":3270,"date":"2023-06-27T06:08:05","date_gmt":"2023-06-27T04:08:05","guid":{"rendered":"https:\/\/marupe.edu.lv\/?page_id=3270"},"modified":"2026-04-30T17:35:25","modified_gmt":"2026-04-30T15:35:25","slug":"uz-parejam-klasem","status":"publish","type":"page","link":"https:\/\/marupe.edu.lv\/?page_id=3270","title":{"rendered":"Uz p\u0101r\u0113j\u0101m klas\u0113m"},"content":{"rendered":"\n<h2 class=\"wp-block-heading\">Uz\u0146em\u0161ana uz br\u012bvaj\u0101m viet\u0101m 2.-6.klas\u0113s.<\/h2>\n\n\n\n<p>Pamatizgl\u012bt\u012bbas pirm\u0101 posma (1.-6.klase) programm\u0101 uz\u0146em\u0161ana uz br\u012bvaj\u0101m viet\u0101m<br>notiek saska\u0146\u0101 ar MK noteikumiem Nr.11 no 2022.gada 11.janv\u0101ra \u201cK\u0101rt\u012bba, k\u0101d\u0101<br>izgl\u012btojamie tiek uz\u0146emti visp\u0101r\u0113j\u0101s izgl\u012bt\u012bbas programm\u0101s, speci\u0101laj\u0101s izgl\u012bt\u012bbas iest\u0101d\u0113s<br>un speci\u0101laj\u0101s pirmsskolas izgl\u012bt\u012bbas grup\u0101s un atskait\u012bti no t\u0101m, k\u0101 ar\u012b p\u0101rcelti uz n\u0101kamo<br>klasi\u201d.<br>Skolas m\u0101jas lap\u0101 tiek public\u0113ta aktu\u0101l\u0101 inform\u0101cija par br\u012bvaj\u0101m viet\u0101m <a data-type=\"link\" data-id=\"https:\/\/docs.google.com\/spreadsheets\/d\/1LmZrfS82B86yaK7LEBbRoeq1N7F85st_w3eWhpv410s\/edit?usp=sharing\" href=\"https:\/\/docs.google.com\/spreadsheets\/d\/1LmZrfS82B86yaK7LEBbRoeq1N7F85st_w3eWhpv410s\/edit?usp=sharing\"><strong>\u0160EIT<\/strong><\/a>.<br>Ja v\u0113laties pieteikt b\u0113rnu uz br\u012bvo vietu aktu\u0101laj\u0101 m\u0101c\u012bbu gad\u0101, b\u0113rna likumiskajam<br>p\u0101rst\u0101vim j\u0101aizpilda <strong><a href=\"https:\/\/marupe.edu.lv\/wp-content\/uploads\/2025\/06\/IESNIEGUMS_par_UZNEMSANU_MVG.doc\" target=\"_blank\" rel=\"noopener\" title=\"IESNIEGUMS\">IESNIEGUMS<\/a><\/strong> un j\u0101nos\u016bta uz skolas e-pastu<br><em><span style=\"text-decoration: underline;\">marupes.gimnazija@marupe.lv<\/span><\/em>. Pirms iesnieguma s\u016bt\u012b\u0161anas aicin\u0101m p\u0101rliecin\u0101ties, ka<br>v\u0113lamaj\u0101 kla\u0161u grup\u0101 ir br\u012bvas vietas, jo rindas netiek veidotas. Ja vietu nav, noteikti tiks<br>s\u016bt\u012bts atteikums.<br>30 dienu laik\u0101 uz iesniegumu sa\u0146emsiet atbildi par pie\u0146emto l\u0113mumu.<\/p>\n\n\n\n<h2 class=\"wp-block-heading\">Uz\u0146em\u0161ana uz br\u012bvaj\u0101m viet\u0101m 8.,9. un 11.klas\u0113<\/h2>\n\n\n\n<p>Pamatizgl\u012bt\u012bbas 2.posma (7.-9.klase) programm\u0101 un visp\u0101r\u0113j\u0101s vid\u0113j\u0101s izgl\u012bt\u012bbas<br>programm\u0101 uz\u0146em\u0161ana notiek uz br\u012bvaj\u0101m viet\u0101m, k\u0101rtojot iest\u0101jp\u0101rbaud\u012bjumu saska\u0146\u0101 ar<br>MK noteikumiem Nr.11 no 2022.gada 11.janv\u0101ra \u201cK\u0101rt\u012bba, k\u0101d\u0101 izgl\u012btojamie tiek uz\u0146emti<br>visp\u0101r\u0113j\u0101s izgl\u012bt\u012bbas programm\u0101s, speci\u0101laj\u0101s izgl\u012bt\u012bbas iest\u0101d\u0113s un speci\u0101laj\u0101s pirmsskolas<br>izgl\u012bt\u012bbas grup\u0101s un atskait\u012bti no t\u0101m, k\u0101 ar\u012b p\u0101rcelti uz n\u0101kamo klasi\u201d.<br><\/p>\n\n\n\n<p><strong>Uz\u0146em\u0161anas iest\u0101jp\u0101rbaud\u012bjums uz 2026.\/2027.m\u0101c\u012bbu gadu notiks 2026.gada 8.j\u016bnij\u0101 no plkst. 9:00.<\/strong><br>Br\u012bvo vietu skaits netiek public\u0113ts.<br>Pieteikties iest\u0101jp\u0101rbaud\u012bjumam var\u0113s no 1.j\u016bnija l\u012bdz 4.j\u016bnijam.<\/p>\n\n\n\n<p><a href=\"https:\/\/marupe.edu.lv\/wp-content\/uploads\/2026\/04\/Iestajparbaudijuma-uz-8.klasi-programma.pdf\" target=\"_blank\" rel=\"noopener\" title=\"Iest\u0101jp\u0101rbaud\u012bjuma programma uz 8.klasi\">Iest\u0101jp\u0101rbaud\u012bjuma programma uz 8.klasi<\/a><\/p>\n\n\n\n<p><a href=\"https:\/\/marupe.edu.lv\/wp-content\/uploads\/2026\/04\/Iestajparbaudijuma-uz-9.klasi-programma.pdf\" target=\"_blank\" rel=\"noopener\" title=\"Iest\u0101jp\u0101rbaud\u012bjuma programma uz 9.klasi\">Iest\u0101jp\u0101rbaud\u012bjuma programma uz 9.klasi<\/a><\/p>\n\n\n\n<p>Iest\u0101jp\u0101rbaud\u012bjuma programma uz 11.klasi tiks public\u0113ta 5.maij\u0101.<\/p>\n\n\n\n<p>Atk\u0101rtota pieteik\u0161an\u0101s un iest\u0101jp\u0101rbaud\u012bjums uz 2026.\/2027. m\u0101c\u012bbu gadu netiks pl\u0101nota.<\/p>\n\n\n\n<p><\/p>\n","protected":false},"excerpt":{"rendered":"<p>Uz\u0146em\u0161ana uz br\u012bvaj\u0101m viet\u0101m 2.-6.klas\u0113s. Pamatizgl\u012bt\u012bbas pirm\u0101 posma (1.-6.klase) programm\u0101 uz\u0146em\u0161ana uz br\u012bvaj\u0101m viet\u0101mnotiek saska\u0146\u0101 ar MK noteikumiem Nr.11 no &hellip; <\/p>\n","protected":false},"author":1,"featured_media":0,"parent":0,"menu_order":0,"comment_status":"closed","ping_status":"closed","template":"","meta":{"_monsterinsights_skip_tracking":false,"_monsterinsights_sitenote_active":false,"_monsterinsights_sitenote_note":"","_monsterinsights_sitenote_category":0,"footnotes":""},"class_list":["post-3270","page","type-page","status-publish","hentry","latest_post"],"aioseo_notices":[],"_links":{"self":[{"href":"https:\/\/marupe.edu.lv\/index.php?rest_route=\/wp\/v2\/pages\/3270","targetHints":{"allow":["GET"]}}],"collection":[{"href":"https:\/\/marupe.edu.lv\/index.php?rest_route=\/wp\/v2\/pages"}],"about":[{"href":"https:\/\/marupe.edu.lv\/index.php?rest_route=\/wp\/v2\/types\/page"}],"author":[{"embeddable":true,"href":"https:\/\/marupe.edu.lv\/index.php?rest_route=\/wp\/v2\/users\/1"}],"replies":[{"embeddable":true,"href":"https:\/\/marupe.edu.lv\/index.php?rest_route=%2Fwp%2Fv2%2Fcomments&post=3270"}],"version-history":[{"count":48,"href":"https:\/\/marupe.edu.lv\/index.php?rest_route=\/wp\/v2\/pages\/3270\/revisions"}],"predecessor-version":[{"id":5298,"href":"https:\/\/marupe.edu.lv\/index.php?rest_route=\/wp\/v2\/pages\/3270\/revisions\/5298"}],"wp:attachment":[{"href":"https:\/\/marupe.edu.lv\/index.php?rest_route=%2Fwp%2Fv2%2Fmedia&parent=3270"}],"curies":[{"name":"wp","href":"https:\/\/api.w.org\/{rel}","templated":true}]}}