{"id":2643,"date":"2022-07-12T19:05:50","date_gmt":"2022-07-12T17:05:50","guid":{"rendered":"https:\/\/marupe.edu.lv\/?page_id=2643"},"modified":"2023-06-14T08:10:30","modified_gmt":"2023-06-14T06:10:30","slug":"ieteicama-literatura","status":"publish","type":"page","link":"https:\/\/marupe.edu.lv\/?page_id=2643","title":{"rendered":"Ieteicam\u0101 literat\u016bra"},"content":{"rendered":"\n<p><em>\u201cDom\u0101\u0161ana s\u0101kas tie\u0161i no br\u012bnuma, izbr\u012bna un br\u012bn\u012b\u0161an\u0101s. Daba k\u0101 br\u012bnums, cilv\u0113ks k\u0101 br\u012bnums, un pats k\u0101 br\u012bnums. Visas maz\u0101s c\u0113lo\u0146sakar\u012bbas ir lieli br\u012bnumi, un br\u012bnumaina ir to mekl\u0113\u0161ana. \u201c <\/em><\/p>\n\n\n\n<p class=\"has-text-align-right\">(I. Ziedonis)<\/p>\n\n\n\n<figure class=\"wp-block-table\"><table><tbody><tr><td><strong>Klase<\/strong><\/td><td><strong>Autori un dai\u013cdarbi<\/strong><\/td><\/tr><tr><td><strong>5.<\/strong><\/td><td><strong>Daina Ozoli\u0146a<\/strong> \u201cIzgl\u0101bt vasaras br\u012bvlaiku\u201d<br><strong>J\u0101nis Jaunsudrabi\u0146\u0161<\/strong> \u201cBalt\u0101 gr\u0101mata\u201d(vismaz 5 t\u0113lojumi)<br><strong>Sudraba Ed\u017eus<\/strong> \u201cDullais Dauka\u201d <br><strong>\u017dakl\u012bna Vilsone<\/strong> \u201cMiskastes b\u0113rns\u201d,<br>+ v\u0113l <strong>2 gr\u0101matas<\/strong> p\u0113c skol\u0113na izv\u0113les<\/td><\/tr><tr><td><strong>6.<\/strong><\/td><td><strong>Andra Neiburga<\/strong> \u201cSt\u0101sts par Tilli un Su\u0146u v\u012bru\u201d, <br><strong>5 latvie\u0161u tautas br\u012bnumpasakas<\/strong><br><strong>Lu\u012bze Pastore<\/strong> \u201cMaska\u010dkas st\u0101sts\u201d<br><strong>2 darbi <\/strong>no B\u0113rnu \u017e\u016brijas 2022. ( lasamkoks.lv) &nbsp;<\/td><\/tr><tr><td><strong>7.<\/strong><\/td><td><strong>J\u0101nis Kl\u012bdz\u0113js<\/strong> \u201cCilv\u0113ka b\u0113rns\u201d<br><strong>Vizma Bel\u0161evica<\/strong> \u201cBille\u201d<br><strong>Aivars K\u013cavis<\/strong> \u201cMelnais akmens\u201d (1.da\u013ca)<br>+ v\u0113l 2 gr\u0101matas p\u0113c skol\u0113na izv\u0113les<\/td><\/tr><tr><td><strong>8.<\/strong><\/td><td><strong>Aidi Vallika<\/strong> \u201cK\u0101 tev kl\u0101jas, Anna?\u201d<br><strong>Anna Sakse<\/strong> \u201cPasakas par ziediem\u201d<br><strong>Agata Kristi<\/strong> detekt\u012bvrom\u0101ns ( p\u0113c izv\u0113les)<br><strong>Lorija Holsa Andersone<\/strong> \u201cRun\u0101t\u201d<br>+ v\u0113l <strong>2 gr\u0101matas<\/strong> p\u0113c skol\u0113na izv\u0113les<\/td><\/tr><tr><td><strong>9.<\/strong><\/td><td><strong>M\u0101rti\u0146\u0161 Freimanis<\/strong> &nbsp;\u201cZ\u0101l\u012bte tru\u0161a dv\u0113selei\u201d<br><strong>And\u017eela Naneti<\/strong> \u201cMans vect\u0113vs bija \u0137ir\u0161u koks\u201d<br><strong>Pauls Bankovskis<\/strong> \u201cKur pazuda saimnieks?\u201d<br><strong>Andrejs Pumpurs<\/strong> \u201cL\u0101\u010dpl\u0113sis\u201d&nbsp;<br>+ v\u0113l <strong>2 gr\u0101matas<\/strong> p\u0113c skol\u0113na izv\u0113les.<\/td><\/tr><tr><td><strong>10.<\/strong><\/td><td><strong>J\u0101nis Ezeri\u0146\u0161<\/strong> 5 noveles p\u0113c izv\u0113les <br><strong>R\u016bta \u0160epetis<\/strong> rom\u0101ns \u201cStarp pel\u0113kiem to\u0146iem\u201d<br><strong>R\u016bdolfs Blaumanis<\/strong> \u201cNoveles\u201d,&nbsp;luga \u201cPazudu\u0161ais d\u0113ls\u201d ,Eirip\u012bds, luga \u201cM\u0113deja\u201d &nbsp;<br><strong>Viljams \u0160eksp\u012brs<\/strong> luga \u201cRomeo un D\u017euljeta\u201d <br><strong>K\u0101rlis Skalbe<\/strong> pasakas \u201cZiemas pasakas\u201d<\/td><\/tr><tr><td><strong>11.<\/strong><\/td><td><strong>Reg\u012bna Ezera <\/strong>rom\u0101ns \u201cAka\u201d<br><strong>Aspazija<\/strong> dzejo\u013cu kr\u0101jums \u201cSarkan\u0101s pu\u0137es\u201d, luga \u201c Sidraba \u0161\u0137idrauts\u201d<br><strong>D\u017eord\u017es Orvels<\/strong> pasaka \u201cDz\u012bvnieku ferma\u201d&nbsp;<br><strong>Molj\u0113rs <\/strong>luga \u201c Skopulis\u201d<br><strong>R\u016bdolfs Blaumanis<\/strong> luga \u201cIndr\u0101ni\u201d <br><strong>Rainis<\/strong> dzejo\u013cu kr\u0101jums \u201cT\u0101las noska\u0146as zil\u0101 vakar\u0101\u201d, luga \u201cUguns un nakts\u201d &nbsp;<br>+ <strong>2 gr\u0101matas<\/strong> no s\u0113rijas \u201cM\u0113s. Latvija, XX gadsimts.\u201d(p\u0113c skol\u0113na izv\u0113les).<\/td><\/tr><tr><td><strong>12.<\/strong><\/td><td>Ieteicam\u0101 literat\u016bra m\u0101c\u012bbu gada laik\u0101 agbilsto\u0161i izv\u0113l\u0113taj\u0101m t\u0113m\u0101m<\/td><\/tr><\/tbody><\/table><\/figure>\n","protected":false},"excerpt":{"rendered":"<p>\u201cDom\u0101\u0161ana s\u0101kas tie\u0161i no br\u012bnuma, izbr\u012bna un br\u012bn\u012b\u0161an\u0101s. Daba k\u0101 br\u012bnums, cilv\u0113ks k\u0101 br\u012bnums, un pats k\u0101 br\u012bnums. Visas maz\u0101s &hellip; <\/p>\n","protected":false},"author":1,"featured_media":0,"parent":0,"menu_order":0,"comment_status":"closed","ping_status":"closed","template":"","meta":{"_monsterinsights_skip_tracking":false,"_monsterinsights_sitenote_active":false,"_monsterinsights_sitenote_note":"","_monsterinsights_sitenote_category":0,"footnotes":""},"class_list":["post-2643","page","type-page","status-publish","hentry","latest_post"],"aioseo_notices":[],"_links":{"self":[{"href":"https:\/\/marupe.edu.lv\/index.php?rest_route=\/wp\/v2\/pages\/2643","targetHints":{"allow":["GET"]}}],"collection":[{"href":"https:\/\/marupe.edu.lv\/index.php?rest_route=\/wp\/v2\/pages"}],"about":[{"href":"https:\/\/marupe.edu.lv\/index.php?rest_route=\/wp\/v2\/types\/page"}],"author":[{"embeddable":true,"href":"https:\/\/marupe.edu.lv\/index.php?rest_route=\/wp\/v2\/users\/1"}],"replies":[{"embeddable":true,"href":"https:\/\/marupe.edu.lv\/index.php?rest_route=%2Fwp%2Fv2%2Fcomments&post=2643"}],"version-history":[{"count":3,"href":"https:\/\/marupe.edu.lv\/index.php?rest_route=\/wp\/v2\/pages\/2643\/revisions"}],"predecessor-version":[{"id":3257,"href":"https:\/\/marupe.edu.lv\/index.php?rest_route=\/wp\/v2\/pages\/2643\/revisions\/3257"}],"wp:attachment":[{"href":"https:\/\/marupe.edu.lv\/index.php?rest_route=%2Fwp%2Fv2%2Fmedia&parent=2643"}],"curies":[{"name":"wp","href":"https:\/\/api.w.org\/{rel}","templated":true}]}}