{"id":2314,"date":"2022-03-29T12:58:29","date_gmt":"2022-03-29T10:58:29","guid":{"rendered":"https:\/\/marupe.edu.lv\/?page_id=2314"},"modified":"2023-04-11T09:21:47","modified_gmt":"2023-04-11T07:21:47","slug":"lets-change-the-world-with-renewable-energy","status":"publish","type":"page","link":"https:\/\/marupe.edu.lv\/?page_id=2314","title":{"rendered":"Let`s Change the world with Renewable Energy"},"content":{"rendered":"\n<div class=\"wp-block-image\"><figure class=\"aligncenter size-large is-resized\"><img loading=\"lazy\" decoding=\"async\" src=\"https:\/\/marupe.edu.lv\/wp-content\/uploads\/2023\/04\/LV-Lidzfinanse-Eiropas-Savieniba_POS-1024x215.jpg\" alt=\"\" class=\"wp-image-3141\" width=\"458\" height=\"96\" srcset=\"https:\/\/marupe.edu.lv\/wp-content\/uploads\/2023\/04\/LV-Lidzfinanse-Eiropas-Savieniba_POS-1024x215.jpg 1024w, https:\/\/marupe.edu.lv\/wp-content\/uploads\/2023\/04\/LV-Lidzfinanse-Eiropas-Savieniba_POS-300x63.jpg 300w, https:\/\/marupe.edu.lv\/wp-content\/uploads\/2023\/04\/LV-Lidzfinanse-Eiropas-Savieniba_POS-768x161.jpg 768w, https:\/\/marupe.edu.lv\/wp-content\/uploads\/2023\/04\/LV-Lidzfinanse-Eiropas-Savieniba_POS-1536x322.jpg 1536w, https:\/\/marupe.edu.lv\/wp-content\/uploads\/2023\/04\/LV-Lidzfinanse-Eiropas-Savieniba_POS-2048x430.jpg 2048w\" sizes=\"auto, (max-width: 458px) 100vw, 458px\" \/><\/figure><\/div>\n\n\n\n<h2 class=\"has-text-align-center wp-block-heading\"><strong>LET\u2019S CHANGE THE WORLD WITH RENEWABLE ENERGY<\/strong><\/h2>\n\n\n\n<p class=\"has-text-align-center\">2020-1-PL01-KA229-081731_3 &nbsp; &nbsp; &nbsp; 01.09.2020.-31.08.2023.<\/p>\n\n\n\n<h3 class=\"has-text-align-center wp-block-heading\">PROJEKTA PARTNERI<\/h3>\n\n\n\n<p><strong>POLIJA: <\/strong>I Liceum Ogolnoksztalcace im. Marii Sklodowskiej-Curie w Ostrzeszowie&nbsp;(koordinators), Ostrzeszow<\/p>\n\n\n\n<p><strong>BE\u013b\u0122IJA: <\/strong>Prizma \u2013 Campus VTI, Izegem<\/p>\n\n\n\n<p><strong>LATVIJA:<\/strong> M\u0101rupes Valsts&nbsp; \u0123imn\u0101zija, M\u0101rupe<\/p>\n\n\n\n<p><strong>SLOV\u0112NIJA: <\/strong>Srednja \u0161ola Slovenska Bistrica, Slovenska Bistrica<\/p>\n\n\n\n<p><strong>TURCIJA:<\/strong> Sesim Sarpkaya Fen Lisesi, Tarsus<strong>ZIEME\u013bMA\u0136EDONIJA:<\/strong> O.S.U. \u201cSv. Kliment Ohridski\u201d, Ohrid<\/p>\n\n\n\n<h3 class=\"has-text-align-center wp-block-heading\">PROJEKTA M\u0112R\u0136IS<\/h3>\n\n\n\n<p>Dal\u012bties pieredz\u0113 un labaj\u0101s praks\u0113s klimata p\u0101rmai\u0146u, ilgtsp\u0113j\u012bg\u0101s ra\u017eo\u0161anas un atjaunojamo energoresursu jom\u0101, caur aktivit\u0101t\u0113m, kuras att\u012bst\u012bs skol\u0113nu sapratni par zin\u0101tniskajiem konceptiem un procesiem ilgtsp\u0113j\u012bg\u0101s ener\u0123ijas ra\u017eo\u0161an\u0101.<\/p>\n\n\n\n<p>Starptautisk\u0101s skol\u0113nu san\u0101ksmes notiks katr\u0101 partnerskol\u0101.<\/p>\n\n\n\n<h3 class=\"has-text-align-center wp-block-heading\">VIET\u0112J\u0100S AKTIVIT\u0100TES<\/h3>\n\n\n\n<p><br><strong>Projekta logo izveide<\/strong><\/p>\n\n\n\n<p><strong>Starptautisk\u0101 san\u0101ksme Latvija:<\/strong><\/p>\n\n\n\n<ul class=\"wp-block-list\"><li>Skol\u0113nu iepaz\u012b\u0161an\u0101s, ekskursija pa skolu un Vecr\u012bgu<\/li><li>Darbn\u012bca par \u016bdens \u012bpa\u0161\u012bb\u0101m un \u016bdens ener\u0123iju<\/li><li>Skol\u0113ni gatavo prezent\u0101cijas par \u201cza\u013co ener\u0123iju\u201d, \u016bdens izmanto\u0161anu elektr\u012bbas ra\u017eo\u0161an\u0101, \u016bde\u0146ra\u017ea dzin\u0113jiem<\/li><\/ul>\n\n\n\n<hr class=\"wp-block-separator\"\/>\n\n\n\n<p>No 29. maija l\u012bdz 4.j\u016bnijam tr\u012bs m\u016bsu skolas jaunie\u0161i &#8211; Madara Marta Kos\u012bte, Kristaps Cirsis un Edgars Puri\u0146\u0161-Raisks &#8211; kop\u0101 ar \u0137\u012bmijas skolot\u0101ju El\u012bnu Spol\u012bti \u2018\u2019Erasmus+\u2019\u2019 projekta ietvaros dev\u0101s uz saulaino Turciju, lai diskut\u0113tu un apmain\u012btos pieredz\u0113m ar citiem Eiropas skol\u0113niem t\u0113m\u0101 \u2018\u2019Let\u2019s change the world with renewable energy\u2019\u2019. M\u016bsu jaunie\u0161i projekt\u0101 piedal\u012bj\u0101s kop\u0101 ar Turcijas, Slov\u0113nijas, Be\u013c\u0123ijas, Zieme\u013cma\u0137edonijas un Polijas skol\u0113niem.&nbsp;<\/p>\n\n\n\n<p>Turcijas komanda bija par\u016bp\u0113jusies par elpu aizraujo\u0161iem skatiem, neaizmirstamiem piedz\u012bvojumiem un citiem interesantiem notikumiem visas ned\u0113\u013cas garum\u0101.&nbsp;<\/p>\n\n\n\n<p>Turcija ir bag\u0101ta ar da\u017e\u0101d\u0101m v\u0113stures liec\u012bb\u0101m, par ko pa\u0161i viet\u0113jie iedz\u012bvot\u0101ji \u013coti lepoj\u0101s. Tie\u0161i t\u0101p\u0113c, apskat\u012bj\u0101m Kapadokijas kr\u0101\u0161\u0146as klintis, kuras var\u0113ja ne tikai fotograf\u0113t, bet ar\u012b izmantot k\u0101 lielisku treni\u0146u, staig\u0101jot pa tak\u0101m. Mo\u0161eja un pils\u0113tas Tarsusas v\u0113stures muzejs ar\u012b bija izcila vieta, kur s\u012bk\u0101k izprast Turcijas v\u0113sturi, notikumu att\u012bst\u012bbu un iemeslus, k\u0101p\u0113c t\u0101 ir izveidojusies par tik daudzpus\u012bgu valsti.&nbsp;<\/p>\n\n\n\n<figure class=\"wp-block-image size-large\"><img loading=\"lazy\" decoding=\"async\" width=\"1024\" height=\"768\" src=\"https:\/\/marupe.edu.lv\/wp-content\/uploads\/2022\/06\/Foto-2-1024x768.jpeg\" alt=\"\" class=\"wp-image-2639\" srcset=\"https:\/\/marupe.edu.lv\/wp-content\/uploads\/2022\/06\/Foto-2-1024x768.jpeg 1024w, https:\/\/marupe.edu.lv\/wp-content\/uploads\/2022\/06\/Foto-2-300x225.jpeg 300w, https:\/\/marupe.edu.lv\/wp-content\/uploads\/2022\/06\/Foto-2-768x576.jpeg 768w, https:\/\/marupe.edu.lv\/wp-content\/uploads\/2022\/06\/Foto-2-1536x1152.jpeg 1536w, https:\/\/marupe.edu.lv\/wp-content\/uploads\/2022\/06\/Foto-2.jpeg 1600w\" sizes=\"auto, (max-width: 1024px) 100vw, 1024px\" \/><\/figure>\n\n\n\n<p>Jaunie\u0161i ne tikai apmekl\u0113ja da\u017e\u0101dus t\u016brisma objektus un izp\u0113t\u012bja pils\u0113tu, bet ar\u012b c\u012bt\u012bgi klaus\u012bj\u0101s un piedal\u012bj\u0101s gan p\u0101r\u0113jo valstu sagatavotaj\u0101s prezent\u0101cij\u0101s par v\u0113ja ener\u0123iju, gan darbn\u012bc\u0101, kur bija iesp\u0113ja izgatavot pa\u0161am savu v\u0113ja turb\u012bnu.&nbsp;<\/p>\n\n\n\n<p>Lai ar\u012b cik \u013coti aizraujo\u0161as un interesantas bija ekskursijas un sagatavot\u0101s darbn\u012bcas, visliel\u0101k\u0101s emocijas un vienlaikus ar\u012b gr\u016bt\u012bbas sag\u0101d\u0101ja dz\u012bvo\u0161ana vies\u0123imen\u0113s. M\u0101rupes Valsts \u0123imn\u0101zijas jaunie\u0161iem \u0161\u012b bija pirm\u0101 pieredze, dz\u012bvojot pie k\u0101das \u0123imenes, t\u0101p\u0113c bija j\u0101iem\u0101c\u0101s komunic\u0113t, sadz\u012bvot un pierast pie kult\u016bras un cilv\u0113kiem, kuriem ang\u013cu valodas zin\u0101\u0161anas ir mazas. \u0160is bija atmi\u0146\u0101 palieko\u0161i, jo neatkar\u012bgi no mazaj\u0101m komunik\u0101cijas probl\u0113m\u0101m, skol\u0113ni un to \u0123imenes bija \u0101rk\u0101rt\u012bgi sirsn\u012bgas un lika ikvienam viesskol\u0113nam justies \u0101rk\u0101rt\u012bgi gaid\u012btam.<\/p>\n\n\n\n<p>\u0160is brauciens lika daudz ko m\u0101c\u012bties, izprast un saprast, cik at\u0161\u0137ir\u012bgi, bet vienlaikus vienoti sp\u0113jam b\u016bt, neatkar\u012bgi no valodu un kult\u016bras zin\u0101\u0161an\u0101m, dz\u012bves uztveres un ikdienas situ\u0101cij\u0101m.&nbsp;<\/p>\n\n\n\n<figure class=\"wp-block-image size-large\"><img loading=\"lazy\" decoding=\"async\" width=\"768\" height=\"1024\" src=\"https:\/\/marupe.edu.lv\/wp-content\/uploads\/2022\/06\/Foto-3-768x1024.jpeg\" alt=\"\" class=\"wp-image-2636\" srcset=\"https:\/\/marupe.edu.lv\/wp-content\/uploads\/2022\/06\/Foto-3-768x1024.jpeg 768w, https:\/\/marupe.edu.lv\/wp-content\/uploads\/2022\/06\/Foto-3-225x300.jpeg 225w, https:\/\/marupe.edu.lv\/wp-content\/uploads\/2022\/06\/Foto-3-1152x1536.jpeg 1152w, https:\/\/marupe.edu.lv\/wp-content\/uploads\/2022\/06\/Foto-3.jpeg 1200w\" sizes=\"auto, (max-width: 768px) 100vw, 768px\" \/><\/figure>\n\n\n\n<figure class=\"wp-block-image size-large\"><img loading=\"lazy\" decoding=\"async\" width=\"768\" height=\"1024\" src=\"https:\/\/marupe.edu.lv\/wp-content\/uploads\/2022\/06\/Foto-4-768x1024.jpeg\" alt=\"\" class=\"wp-image-2640\" srcset=\"https:\/\/marupe.edu.lv\/wp-content\/uploads\/2022\/06\/Foto-4-768x1024.jpeg 768w, https:\/\/marupe.edu.lv\/wp-content\/uploads\/2022\/06\/Foto-4-225x300.jpeg 225w, https:\/\/marupe.edu.lv\/wp-content\/uploads\/2022\/06\/Foto-4-1152x1536.jpeg 1152w, https:\/\/marupe.edu.lv\/wp-content\/uploads\/2022\/06\/Foto-4.jpeg 1200w\" sizes=\"auto, (max-width: 768px) 100vw, 768px\" \/><\/figure>\n","protected":false},"excerpt":{"rendered":"<p>LET\u2019S CHANGE THE WORLD WITH RENEWABLE ENERGY 2020-1-PL01-KA229-081731_3 &nbsp; &nbsp; &nbsp; 01.09.2020.-31.08.2023. PROJEKTA PARTNERI POLIJA: I Liceum Ogolnoksztalcace im. Marii &hellip; <\/p>\n","protected":false},"author":1,"featured_media":0,"parent":0,"menu_order":0,"comment_status":"closed","ping_status":"closed","template":"","meta":{"_monsterinsights_skip_tracking":false,"_monsterinsights_sitenote_active":false,"_monsterinsights_sitenote_note":"","_monsterinsights_sitenote_category":0,"footnotes":""},"class_list":["post-2314","page","type-page","status-publish","hentry","latest_post"],"aioseo_notices":[],"_links":{"self":[{"href":"https:\/\/marupe.edu.lv\/index.php?rest_route=\/wp\/v2\/pages\/2314","targetHints":{"allow":["GET"]}}],"collection":[{"href":"https:\/\/marupe.edu.lv\/index.php?rest_route=\/wp\/v2\/pages"}],"about":[{"href":"https:\/\/marupe.edu.lv\/index.php?rest_route=\/wp\/v2\/types\/page"}],"author":[{"embeddable":true,"href":"https:\/\/marupe.edu.lv\/index.php?rest_route=\/wp\/v2\/users\/1"}],"replies":[{"embeddable":true,"href":"https:\/\/marupe.edu.lv\/index.php?rest_route=%2Fwp%2Fv2%2Fcomments&post=2314"}],"version-history":[{"count":5,"href":"https:\/\/marupe.edu.lv\/index.php?rest_route=\/wp\/v2\/pages\/2314\/revisions"}],"predecessor-version":[{"id":3155,"href":"https:\/\/marupe.edu.lv\/index.php?rest_route=\/wp\/v2\/pages\/2314\/revisions\/3155"}],"wp:attachment":[{"href":"https:\/\/marupe.edu.lv\/index.php?rest_route=%2Fwp%2Fv2%2Fmedia&parent=2314"}],"curies":[{"name":"wp","href":"https:\/\/api.w.org\/{rel}","templated":true}]}}