{"id":2312,"date":"2022-03-29T12:58:29","date_gmt":"2022-03-29T10:58:29","guid":{"rendered":"https:\/\/marupe.edu.lv\/?page_id=2312"},"modified":"2022-03-29T13:05:46","modified_gmt":"2022-03-29T11:05:46","slug":"game-genius-and-mission-in-education","status":"publish","type":"page","link":"https:\/\/marupe.edu.lv\/?page_id=2312","title":{"rendered":"GAME- Genius and Mission in Education"},"content":{"rendered":"\n<p>2015. gada j\u016blij\u0101 Erasmus+ programm\u0101 M\u0101rupes vidusskola koordin\u0113ja Jaunatnes darbinieku mobilit\u0101tes projektu \u201eGaining from Gaming\u201d, kur\u0101 piedal\u012bj\u0101s skolot\u0101ji no asto\u0146\u0101m Eiropas valst\u012bm.<\/p>\n\n\n\n<p>Pateicoties projektam \u201eGaining from Gaming\u201d, dal\u012bbniec\u0113m no It\u0101lijas rad\u0101s doma att\u012bst\u012bt ideju par sp\u0113li k\u0101 efekt\u012bvu m\u0101c\u012bbu metodi t\u0101l\u0101k, k\u0101 rezult\u0101t\u0101 tapa Erasmus+ K2 projekts \u201eGAME &#8211; Genius and Mission in Education\u201d , kas norisin\u0101sies no 2016.gada 1.septembra l\u012bdz 2018.gada 31.augustam. Projekta dal\u012bbnieki b\u016bs M\u0101rupes vidusskola, k\u0101 ar\u012b skolas no It\u0101lijas, kas ir projekta koordinators, Grie\u0137ijas, Rum\u0101nijas un Sp\u0101nijas.<\/p>\n\n\n\n<p>Projekta m\u0113r\u0137is ir, izmantojot neform\u0101l\u0101s izgl\u012bt\u012bbas metodes, stund\u0101s&nbsp; dot skol\u0113niem iesp\u0113ju atkl\u0101t m\u0101c\u012bbu procesu no jauna, \u0146emot v\u0113r\u0101 katra skol\u0113na sp\u0113jas, intereses un person\u012bbas iez\u012bmes, veicinot kritisk\u0101s dom\u0101\u0161anas att\u012bst\u012bbu, sp\u0113ju darboties komand\u0101 un ieciet\u012bbu pret at\u0161\u0137ir\u012bgo.<\/p>\n\n\n\n<p>Projekta laik\u0101 skolot\u0101jiem un skol\u0113niem b\u016bs iesp\u0113ja doties \u012bstermi\u0146a apmai\u0146as braucienos uz Rum\u0101niju, Sp\u0101niju, It\u0101liju un Grie\u0137iju, k\u0101 ar\u012b 2017.gada maij\u0101 uz\u0146emt \u0101rvalstu viesus pie sevis.<\/p>\n\n\n\n<p>Projekt\u0101 piedal\u0101s m\u016bzikas skolot\u0101ja&nbsp;<strong>Evija Milzar\u0101ja<\/strong>, matem\u0101tikas skolot\u0101js&nbsp;<strong>Aleksandrs Vorobjovs<\/strong>&nbsp;un ang\u013cu valodas skolot\u0101jas&nbsp;<strong>Zane K\u0101lberga<\/strong>,&nbsp;<strong>Liene Baltmane<\/strong>,&nbsp;<strong>Ing\u016bna Gr\u012bnerte<\/strong>&nbsp;un&nbsp;<strong>Alla Bautre<\/strong>. Projektu finans\u0113 Eiropas Komisija.<\/p>\n","protected":false},"excerpt":{"rendered":"<p>2015. gada j\u016blij\u0101 Erasmus+ programm\u0101 M\u0101rupes vidusskola koordin\u0113ja Jaunatnes darbinieku mobilit\u0101tes projektu \u201eGaining from Gaming\u201d, kur\u0101 piedal\u012bj\u0101s skolot\u0101ji no asto\u0146\u0101m &hellip; <\/p>\n","protected":false},"author":1,"featured_media":0,"parent":0,"menu_order":0,"comment_status":"closed","ping_status":"closed","template":"","meta":{"_monsterinsights_skip_tracking":false,"_monsterinsights_sitenote_active":false,"_monsterinsights_sitenote_note":"","_monsterinsights_sitenote_category":0,"footnotes":""},"class_list":["post-2312","page","type-page","status-publish","hentry","latest_post"],"aioseo_notices":[],"_links":{"self":[{"href":"https:\/\/marupe.edu.lv\/index.php?rest_route=\/wp\/v2\/pages\/2312","targetHints":{"allow":["GET"]}}],"collection":[{"href":"https:\/\/marupe.edu.lv\/index.php?rest_route=\/wp\/v2\/pages"}],"about":[{"href":"https:\/\/marupe.edu.lv\/index.php?rest_route=\/wp\/v2\/types\/page"}],"author":[{"embeddable":true,"href":"https:\/\/marupe.edu.lv\/index.php?rest_route=\/wp\/v2\/users\/1"}],"replies":[{"embeddable":true,"href":"https:\/\/marupe.edu.lv\/index.php?rest_route=%2Fwp%2Fv2%2Fcomments&post=2312"}],"version-history":[{"count":2,"href":"https:\/\/marupe.edu.lv\/index.php?rest_route=\/wp\/v2\/pages\/2312\/revisions"}],"predecessor-version":[{"id":2338,"href":"https:\/\/marupe.edu.lv\/index.php?rest_route=\/wp\/v2\/pages\/2312\/revisions\/2338"}],"wp:attachment":[{"href":"https:\/\/marupe.edu.lv\/index.php?rest_route=%2Fwp%2Fv2%2Fmedia&parent=2312"}],"curies":[{"name":"wp","href":"https:\/\/api.w.org\/{rel}","templated":true}]}}