{"id":2308,"date":"2022-03-29T12:58:29","date_gmt":"2022-03-29T10:58:29","guid":{"rendered":"https:\/\/marupe.edu.lv\/?page_id=2308"},"modified":"2022-03-29T13:03:15","modified_gmt":"2022-03-29T11:03:15","slug":"gaining-form-gaming","status":"publish","type":"page","link":"https:\/\/marupe.edu.lv\/?page_id=2308","title":{"rendered":"Gaining form Gaming"},"content":{"rendered":"\n<p>\u201eGaining from Gaiming\u201d jeb \u201eG\u016bstot sp\u0113l\u0113jot\u201d ir Erasmus+ Jaunatnes darbinieku mobilit\u0101tes projekts, kur\u0161 norisin\u0101j\u0101s Latvij\u0101 2015. gada j\u016blij\u0101, projekta koordinators ir M\u0101rupes vidusskola. Projekts tika finans\u0113ts ar Eiropas Komisijas atbalstu.<\/p>\n\n\n\n<p>\u0160is ir pirmais \u0161\u0101da veida, Erasmus+ Jaunatnes darbinieku mobilit\u0101tes projekts, kuru realiz\u0113ja M\u0101rupes vidusskola. Projekta dal\u012bbnieki bija no asto\u0146\u0101m valst\u012bm \u2013 Latvijas, Sp\u0101nijas, Ung\u0101rijas, Turcijas, \u010cehijas, V\u0101cijas, It\u0101lijas, Polijas.<\/p>\n\n\n\n<p>Projekta m\u0101c\u012bbas vad\u012bja divi pieredz\u0113ju\u0161i neform\u0101l\u0101s izgl\u012bt\u012bbas treneri jeb vad\u012bt\u0101ji ar vair\u0101ku gadu pieredzi tie\u0161i \u0161aj\u0101 jom\u0101. Abi vad\u012bt\u0101ji viens otru paz\u012bst jau ilgu laiku un ir iepriek\u0161 realiz\u0113ju\u0161i kop\u012bgus projektus \u2013 Ieva Grund\u0161teine no Latvijas un Antonio Benaches Bodi no Sp\u0101nijas.<\/p>\n\n\n\n<p>Projekta m\u0113r\u0137is bija aicin\u0101t kop\u0101 skolot\u0101jus, kuri ir gatavi atv\u0113rt pla\u0161\u0101ku skat\u012bjumu neform\u0101l\u0101s izgl\u012bt\u012bbas iek\u013cau\u0161anai sav\u0101 darb\u0101 ar jaunie\u0161iem, lai dal\u012btos pieredz\u0113 un pilnveidotu prasmes sp\u0113\u013cu izmanto\u0161anai neform\u0101los apst\u0101k\u013cos, ne tikai k\u0101 jautr\u012bbu veicino\u0161u elementu, bet k\u0101 efekt\u012bgu m\u0101c\u012b\u0161an\u0101s iesp\u0113ju, veicinot kvalit\u0101ti darb\u0101 ar jaunie\u0161iem un sekm\u0113jot vi\u0146u prasmju pilnveido\u0161anu.<\/p>\n\n\n\n<p>M\u0101c\u012bbu kursu treneris A. B. Bodi, dom\u0101jot par sp\u0113l\u0113m, cit\u0113 Konf\u016bciju: \u201ePasaki man, un es aizmirs\u012b\u0161u. Par\u0101di man, un es atcer\u0113\u0161os. Iesaisti mani, un es saprat\u012b\u0161u\u201d. A. B. Bodi skaidro, ka \u0161is \u012bsais un pam\u0101co\u0161ais cit\u0101ts skaidri nor\u0101da uz to, ka sp\u0113le ir sp\u0113c\u012bgs r\u012bks, kas var kalpot k\u0101 l\u012bdzeklis m\u0101c\u012bbu proces\u0101. Ja m\u0113s sp\u0113jam savienot zin\u0101\u0161anas \u2013 prasmes \u2013 attieksmi, tad m\u0113s to varam piel\u012bdzin\u0101t sp\u0113lei. M\u0113s varam izveidot \u013coti sp\u0113c\u012bgu m\u0101c\u012b\u0161an\u0101s l\u012bdzekli, lai sasniegtu izvirz\u012btos m\u0113r\u0137us, kas sniegs augstu efektivit\u0101tes l\u012bmeni m\u0101c\u012b\u0161anas un m\u0101c\u012b\u0161an\u0101s proces\u0101. A. B. Bodi uzskata, ka form\u0101l\u0101 un neform\u0101l\u0101 izgl\u012bt\u012bba ir viens otru papildino\u0161i elementi, kas var lieliski str\u0101d\u0101t kop\u0101, un sp\u0113le var b\u016bt k\u0101 to vienojo\u0161ais elements \u2013 tilts. M\u0113s varam atrast da\u017e\u0101das sp\u0113les (iek\u0161telpu, \u0101rtelpu, tradicion\u0101las, galda\u2026), t\u0101p\u0113c ir sare\u017e\u0123\u012bti atrast tie\u0161i to, kura atbilst m\u016bsu vajadz\u012bb\u0101m, ta\u010du m\u0113s vienm\u0113r varam pilnveidot, piel\u0101got sp\u0113li m\u016bsu izvirz\u012bto m\u0113r\u0137u sasnieg\u0161anai.<\/p>\n\n\n\n<p>Projekta nosl\u0113dzo\u0161aj\u0101 aptauj\u0101 tika noskaidrots, ka dal\u012bbnieki savai profesion\u0101lajai darb\u012bbai ir ieguvu\u0161i da\u017e\u0101das neform\u0101l\u0101s izgl\u012bt\u012bbas metodes, kuras izmantos sav\u0101 turpm\u0101kaj\u0101 darb\u0101, lai tas k\u013c\u016btu v\u0113l rado\u0161\u0101ks. Nereti izskan\u0113ja atzi\u0146a, ka sp\u0113les ir tilts, ar kura pal\u012bdz\u012bbu veidot izpratni par m\u0101c\u012bbu saturu da\u017e\u0101d\u0101s zin\u0101tn\u0113s.<\/p>\n\n\n\n<p>Dal\u012bbnieki uzskata, ka \u013coti b\u016btiska ir atgriezenisk\u0101 saite, kura ir neat\u0146emama sast\u0101vda\u013ca tam, lai saprastu skol\u0113nu ieguvumu no katras veikt\u0101s aktivit\u0101tes. Anal\u012bze, atgriezenisk\u0101 saite p\u0113c procesa, kas norisin\u0101jies konkr\u0113taj\u0101 grup\u0101, sp\u0113j atkl\u0101t paties\u012bb\u0101 ieg\u016bto rezult\u0101tu. Atgriezeniskais process, kura laik\u0101 jaunie\u0161i sp\u0113j izpaust savas emocijas, saj\u016btas un ieg\u016bt\u0101s atzi\u0146as.<\/p>\n\n\n\n<p>Atgriezenisk\u0101 saite (refleksija visiem kop\u0101) ir neizsl\u0113dzamas sast\u0101vda\u013cas, k\u0101 veik\u0161anai pamat\u0101 tiek izmantoti jaut\u0101jumi, kas \u013cauj katram iesaist\u012btajam izst\u0101st\u012bt piedz\u012bvoto, rezult\u0101t\u0101 non\u0101kot l\u012bdz sasaistei ar re\u0101lo dz\u012bvi un tam, ko ir iem\u0101c\u012bjies.<\/p>\n\n\n\n<p class=\"has-text-align-right\"><em>projekta numurs 2014-3-LV02-KA105-000504<\/em><\/p>\n","protected":false},"excerpt":{"rendered":"<p>\u201eGaining from Gaiming\u201d jeb \u201eG\u016bstot sp\u0113l\u0113jot\u201d ir Erasmus+ Jaunatnes darbinieku mobilit\u0101tes projekts, kur\u0161 norisin\u0101j\u0101s Latvij\u0101 2015. gada j\u016blij\u0101, projekta koordinators &hellip; <\/p>\n","protected":false},"author":1,"featured_media":0,"parent":0,"menu_order":0,"comment_status":"closed","ping_status":"closed","template":"","meta":{"_monsterinsights_skip_tracking":false,"_monsterinsights_sitenote_active":false,"_monsterinsights_sitenote_note":"","_monsterinsights_sitenote_category":0,"footnotes":""},"class_list":["post-2308","page","type-page","status-publish","hentry","latest_post"],"aioseo_notices":[],"_links":{"self":[{"href":"https:\/\/marupe.edu.lv\/index.php?rest_route=\/wp\/v2\/pages\/2308","targetHints":{"allow":["GET"]}}],"collection":[{"href":"https:\/\/marupe.edu.lv\/index.php?rest_route=\/wp\/v2\/pages"}],"about":[{"href":"https:\/\/marupe.edu.lv\/index.php?rest_route=\/wp\/v2\/types\/page"}],"author":[{"embeddable":true,"href":"https:\/\/marupe.edu.lv\/index.php?rest_route=\/wp\/v2\/users\/1"}],"replies":[{"embeddable":true,"href":"https:\/\/marupe.edu.lv\/index.php?rest_route=%2Fwp%2Fv2%2Fcomments&post=2308"}],"version-history":[{"count":2,"href":"https:\/\/marupe.edu.lv\/index.php?rest_route=\/wp\/v2\/pages\/2308\/revisions"}],"predecessor-version":[{"id":2334,"href":"https:\/\/marupe.edu.lv\/index.php?rest_route=\/wp\/v2\/pages\/2308\/revisions\/2334"}],"wp:attachment":[{"href":"https:\/\/marupe.edu.lv\/index.php?rest_route=%2Fwp%2Fv2%2Fmedia&parent=2308"}],"curies":[{"name":"wp","href":"https:\/\/api.w.org\/{rel}","templated":true}]}}