{"id":1900,"date":"2021-12-01T10:52:47","date_gmt":"2021-12-01T08:52:47","guid":{"rendered":"https:\/\/marupe.edu.lv\/?page_id=1900"},"modified":"2024-11-07T13:45:58","modified_gmt":"2024-11-07T11:45:58","slug":"vecakiem","status":"publish","type":"page","link":"https:\/\/marupe.edu.lv\/?page_id=1900","title":{"rendered":"Vec\u0101kiem"},"content":{"rendered":"\n<h2 class=\"has-text-align-center wp-block-heading\">Karjeras ned\u0113\u013cas diskusija vec\u0101kiem \u2013 \u201cKarjeras l\u0113mums. K\u0101 virz\u012bt? K\u0101 run\u0101t? K\u0101 atbalst\u012bt?\u201d<\/h2>\n\n\n\n<figure class=\"wp-block-embed is-type-video is-provider-youtube wp-block-embed-youtube wp-embed-aspect-16-9 wp-has-aspect-ratio\"><div class=\"wp-block-embed__wrapper\">\n<iframe loading=\"lazy\" title=\"Karjeras ned\u0113\u013cas diskusija vec\u0101kiem. Karjeras l\u0113mums. K\u0101 virz\u012bt? K\u0101 run\u0101t? K\u0101 atbalst\u012bt?\" width=\"750\" height=\"422\" src=\"https:\/\/www.youtube.com\/embed\/SQiLyPrJEiw?start=2&#038;feature=oembed\" frameborder=\"0\" allow=\"accelerometer; autoplay; clipboard-write; encrypted-media; gyroscope; picture-in-picture\" allowfullscreen><\/iframe>\n<\/div><\/figure>\n\n\n\n<h2 class=\"has-text-align-center wp-block-heading\">Tavai Karjerai \u2013 \u201cVec\u0101ki \u2013 b\u0113rna karjeras atbalstam\u201d.<\/h2>\n\n\n\n<figure class=\"wp-block-embed is-type-video is-provider-youtube wp-block-embed-youtube wp-embed-aspect-16-9 wp-has-aspect-ratio\"><div class=\"wp-block-embed__wrapper\">\n<iframe loading=\"lazy\" title=\"Tavai Karjerai - Vec\u0101ki \u2013 b\u0113rna karjeras atbalstam\" width=\"750\" height=\"422\" src=\"https:\/\/www.youtube.com\/embed\/PNu-2bE1XCM?start=1247&#038;feature=oembed\" frameborder=\"0\" allow=\"accelerometer; autoplay; clipboard-write; encrypted-media; gyroscope; picture-in-picture\" allowfullscreen><\/iframe>\n<\/div><\/figure>\n\n\n\n<blockquote class=\"wp-block-quote is-layout-flow wp-block-quote-is-layout-flow\"><p><strong>Latvijas Radio 1, \u201c\u0122imenes studija\u201d<\/strong> \u2013 <a href=\"https:\/\/www.lsm.lv\/raksts\/dzive--stils\/vecaki-un-berni\/karjeras-nedela-vecaku-un-skolas-loma-berna-profesijas-izvele.a378662\/?utm_source=rss&amp;utm_campaign=rss&amp;utm_medium=links\" data-type=\"URL\" data-id=\"https:\/\/www.lsm.lv\/raksts\/dzive--stils\/vecaki-un-berni\/karjeras-nedela-vecaku-un-skolas-loma-berna-profesijas-izvele.a378662\/?utm_source=rss&amp;utm_campaign=rss&amp;utm_medium=links\">K\u0101 pal\u012bdz\u0113t jaunietim izprast savas sp\u0113c\u012bg\u0101s puses, savu person\u012bbu, k\u0101 run\u0101t ar jaunieti par karjeras izv\u0113li, lai vi\u0146\u0161 uzklaus\u012btu?<\/a><\/p><\/blockquote>\n\n\n\n<blockquote class=\"wp-block-quote is-layout-flow wp-block-quote-is-layout-flow\"><p>DELFI.lv sada\u013ca Campus \u2013 \u201c<a href=\"https:\/\/www.delfi.lv\/campus\/raksti\/stem-pieeja-karjera-kas-par-to-jazina-un-ka-pielietot-prakse?id=52641925\" data-type=\"URL\" data-id=\"https:\/\/www.delfi.lv\/campus\/raksti\/stem-pieeja-karjera-kas-par-to-jazina-un-ka-pielietot-prakse?id=52641925\">STEM pieeja karjer\u0101 \u2013 kas par to j\u0101zina un k\u0101 pielietot praks\u0113?<\/a>\u201d<\/p><\/blockquote>\n\n\n\n<blockquote class=\"wp-block-quote is-layout-flow wp-block-quote-is-layout-flow\"><p>Dienas Bizness \u2013 \u201c<a href=\"https:\/\/www.db.lv\/zinas\/kas-sagaida-darba-tirgu-499699\" data-type=\"URL\" data-id=\"https:\/\/www.db.lv\/zinas\/kas-sagaida-darba-tirgu-499699\">Kas sagaida darba tirgu?<\/a>\u201d<\/p><\/blockquote>\n\n\n\n<blockquote class=\"wp-block-quote is-layout-flow wp-block-quote-is-layout-flow\"><p>DELFI.lv sada\u013ca calis.lv \u2013 \u201c<a href=\"https:\/\/www.delfi.lv\/calis\/jaunumi\/nakama-profesija-ka-izveleties-un-ka-saja-procesa-var-palidzet-vecaki.d?id=52595641\" data-type=\"URL\" data-id=\"https:\/\/www.delfi.lv\/calis\/jaunumi\/nakama-profesija-ka-izveleties-un-ka-saja-procesa-var-palidzet-vecaki.d?id=52595641\">N\u0101kam\u0101 profesija \u2013 k\u0101 izv\u0113l\u0113ties un k\u0101 \u0161aj\u0101 proces\u0101 var pal\u012bdz\u0113t vec\u0101ki<\/a>\u201d.<\/p><\/blockquote>\n\n\n\n<blockquote class=\"wp-block-quote is-layout-flow wp-block-quote-is-layout-flow\"><p>DELFI.lv sada\u013ca calis.lv \u2013 \u201c<a href=\"https:\/\/www.delfi.lv\/calis\/jaunumi\/berns-nav-vecaka-pagarinajums-ka-gudri-palidzet-bernam-karjeras-veidosana.d?id=52608401\" data-type=\"URL\" data-id=\"https:\/\/www.delfi.lv\/calis\/jaunumi\/berns-nav-vecaka-pagarinajums-ka-gudri-palidzet-bernam-karjeras-veidosana.d?id=52608401\">B\u0113rns nav vec\u0101ka pagarin\u0101jums. K\u0101 gudri pal\u012bdz\u0113t b\u0113rnam karjeras veido\u0161an\u0101<\/a>\u201d.<\/p><\/blockquote>\n\n\n\n<blockquote class=\"wp-block-quote is-layout-flow wp-block-quote-is-layout-flow\"><p>Maminuklubs.lv \u2013 \u201c<a href=\"https:\/\/maminuklubs.lv\/bebitis\/berna-personibas-tips-karjeras-izvele-kapec-to-svarigi-nemt-vera-298374\/\" data-type=\"URL\" data-id=\"https:\/\/maminuklubs.lv\/bebitis\/berna-personibas-tips-karjeras-izvele-kapec-to-svarigi-nemt-vera-298374\/\">B\u0113rna person\u012bbas tips karjeras izv\u0113l\u0113 \u2013 k\u0101p\u0113c to svar\u012bgi \u0146emt v\u0113r\u0101?<\/a>\u201d<\/p><\/blockquote>\n\n\n\n<blockquote class=\"wp-block-quote is-layout-flow wp-block-quote-is-layout-flow\"><p>TVNET &#8211; Baiba Sipeniece \u2013 Gavare: \u201c<a href=\"https:\/\/www.tvnet.lv\/7102260\/baiba-sipeniece-gavare-nenorociet-berna-sapnus\" data-type=\"URL\" data-id=\"https:\/\/www.tvnet.lv\/7102260\/baiba-sipeniece-gavare-nenorociet-berna-sapnus\">Nenorociet b\u0113rna sap\u0146us!<\/a>\u201d<\/p><\/blockquote>\n\n\n\n<blockquote class=\"wp-block-quote is-layout-flow wp-block-quote-is-layout-flow\"><p>Mammamuntetiem.lv &#8211; <a href=\"https:\/\/www.mammamuntetiem.lv\/berns\/skolens\/50066\/z-paaudze-un-digitalie-mazuli-ka-runat-ar-jaunieti-vinam-saprotama-valoda-par-karjeras-planiem\" data-type=\"URL\" data-id=\"https:\/\/www.mammamuntetiem.lv\/berns\/skolens\/50066\/z-paaudze-un-digitalie-mazuli-ka-runat-ar-jaunieti-vinam-saprotama-valoda-par-karjeras-planiem\">Z paaudze un digit\u0101lie mazu\u013ci\u2026 K\u0101 run\u0101t ar jaunieti vi\u0146am saprotam\u0101 valod\u0101 par karjeras pl\u0101niem<\/a>.<\/p><\/blockquote>\n\n\n\n<blockquote class=\"wp-block-quote is-layout-flow wp-block-quote-is-layout-flow\"><p>Latvijas Radio 1 raid\u012bjums \u201c<a href=\"https:\/\/lr1.lsm.lv\/lv\/raksts\/ka-labak-dziivot\/darbs-nakotne-ir-profesijas-kas-nepazudis-kadas-mainisies-citas-.a136192\/\" data-type=\"URL\" data-id=\"https:\/\/lr1.lsm.lv\/lv\/raksts\/ka-labak-dziivot\/darbs-nakotne-ir-profesijas-kas-nepazudis-kadas-mainisies-citas-.a136192\/\">K\u0101 dz\u012bvot lab\u0101k?\u201d &#8211; K\u0101 pl\u0101not un kam piev\u0113rst uzman\u012bbu karjeras izv\u0113l\u0113 jau tagad, lai uzlabotu savas iesp\u0113jas darba tirg\u016b n\u0101kotn\u0113?<\/a><\/p><\/blockquote>\n\n\n\n<blockquote class=\"wp-block-quote is-layout-flow wp-block-quote-is-layout-flow\"><p>Maminuklubs.lv \u2013 \u201c<a href=\"https:\/\/maminuklubs.lv\/skola\/karjeras-izvele-no-kludam-nav-jabaidas-298434\/\" data-type=\"URL\" data-id=\"https:\/\/maminuklubs.lv\/skola\/karjeras-izvele-no-kludam-nav-jabaidas-298434\/\">Karjeras izv\u0113l\u0113 no k\u013c\u016bd\u0101m nav j\u0101baid\u0101s!<\/a>\u201d<\/p><\/blockquote>\n","protected":false},"excerpt":{"rendered":"<p>Karjeras ned\u0113\u013cas diskusija vec\u0101kiem \u2013 \u201cKarjeras l\u0113mums. K\u0101 virz\u012bt? K\u0101 run\u0101t? K\u0101 atbalst\u012bt?\u201d Tavai Karjerai \u2013 \u201cVec\u0101ki \u2013 b\u0113rna karjeras &hellip; <\/p>\n","protected":false},"author":1,"featured_media":0,"parent":0,"menu_order":0,"comment_status":"closed","ping_status":"closed","template":"","meta":{"_monsterinsights_skip_tracking":false,"_monsterinsights_sitenote_active":false,"_monsterinsights_sitenote_note":"","_monsterinsights_sitenote_category":0,"footnotes":""},"class_list":["post-1900","page","type-page","status-publish","hentry","latest_post"],"aioseo_notices":[],"_links":{"self":[{"href":"https:\/\/marupe.edu.lv\/index.php?rest_route=\/wp\/v2\/pages\/1900","targetHints":{"allow":["GET"]}}],"collection":[{"href":"https:\/\/marupe.edu.lv\/index.php?rest_route=\/wp\/v2\/pages"}],"about":[{"href":"https:\/\/marupe.edu.lv\/index.php?rest_route=\/wp\/v2\/types\/page"}],"author":[{"embeddable":true,"href":"https:\/\/marupe.edu.lv\/index.php?rest_route=\/wp\/v2\/users\/1"}],"replies":[{"embeddable":true,"href":"https:\/\/marupe.edu.lv\/index.php?rest_route=%2Fwp%2Fv2%2Fcomments&post=1900"}],"version-history":[{"count":8,"href":"https:\/\/marupe.edu.lv\/index.php?rest_route=\/wp\/v2\/pages\/1900\/revisions"}],"predecessor-version":[{"id":1998,"href":"https:\/\/marupe.edu.lv\/index.php?rest_route=\/wp\/v2\/pages\/1900\/revisions\/1998"}],"wp:attachment":[{"href":"https:\/\/marupe.edu.lv\/index.php?rest_route=%2Fwp%2Fv2%2Fmedia&parent=1900"}],"curies":[{"name":"wp","href":"https:\/\/api.w.org\/{rel}","templated":true}]}}