{"id":1898,"date":"2021-12-01T10:52:47","date_gmt":"2021-12-01T08:52:47","guid":{"rendered":"https:\/\/marupe.edu.lv\/?page_id=1898"},"modified":"2024-11-07T13:43:48","modified_gmt":"2024-11-07T11:43:48","slug":"brivpratigais-darbs","status":"publish","type":"page","link":"https:\/\/marupe.edu.lv\/?page_id=1898","title":{"rendered":"Br\u012bvpr\u0101t\u012bgais darbs"},"content":{"rendered":"\n<p><strong>Ja v\u0113lies pievienoties augo\u0161ajam to jaunie\u0161u pulkam, kuri Eirop\u0101 un vis\u0101 pasaul\u0113 dara br\u012bvpr\u0101t\u012bgo darbu, internet\u0101 ir daudzas vietas, kur vari izv\u0113l\u0113ties sev vislab\u0101ko variantu!<\/strong><\/p>\n\n\n\n<p>Br\u012bvpr\u0101t\u012bgais var b\u016bt ikviens. Nepiecie\u0161ama tikai motiv\u0101cija, l\u012bdzj\u016bt\u012bba un v\u0113lme str\u0101d\u0101t un m\u0101c\u012bties no citiem. Ir daudzi iemesli, k\u0101d\u0113\u013c cilv\u0113ki izlemj dar\u012bt br\u012bvpr\u0101t\u012bgo darbu. Parasti vi\u0146i v\u0113las dot citiem ko labu un pan\u0101kt izmai\u0146as vi\u0146u dz\u012bv\u0113. Neatkar\u012bgi no t\u0101, kad nolemsi k\u013c\u016bt par br\u012bvpr\u0101t\u012bgo un ko tie\u0161i nolemsi dar\u012bt, tas tev dos neskait\u0101mus ieguvumus. Dar\u012bdams br\u012bvpr\u0101t\u012bgu darbu, pal\u012bdz\u0113si atsevi\u0161\u0137iem cilv\u0113kiem, sabiedr\u012bbai un videi. Tev b\u016bs iesp\u0113ja satikt jaunus cilv\u0113kus un vienlaikus padzi\u013cin\u0101t izpratni par sabiedr\u012bbu.<\/p>\n\n\n\n<p>Br\u012bvpr\u0101t\u012bgo darba pieredze var noder\u0113t ar\u012b tav\u0101 karjer\u0101, jo att\u012bst\u012bsi un ieg\u016bsi jaunas soci\u0101l\u0101s, tehnisk\u0101s, kopdarba un probl\u0113mu risin\u0101\u0161anas iema\u0146as. Br\u012bvpr\u0101t\u012bg\u0101 darba pieredzi var\u0113si ierakst\u012bt sav\u0101 CV.<\/p>\n\n\n\n<ul class=\"wp-block-list\">\n<li><a href=\"http:\/\/ljp.lv\/ljp-aicina-jauniesus-iesaistities-brivpratigaja-darba\/\">ljp.lv<\/a>\u00a0&#8211; aicina jaunie\u0161us iesaist\u012bties Latvijas Jaunatnes padomes (LJP) br\u012bvpr\u0101t\u012bg\u0101 darba grup\u0101 un ieg\u016bt pieredzi nacion\u0101la un starptautiska m\u0113roga pas\u0101kumu organiz\u0113\u0161an\u0101 un koordin\u0113\u0161an\u0101.<\/li>\n\n\n\n<li><a href=\"https:\/\/brivpratigie.lv\/\">https:\/\/brivpratigie.lv\/<\/a> &#8211; inform\u0101cijas apmai\u0146a starp person\u0101m, kuras v\u0113las veikt br\u012bvpr\u0101t\u012bgo darbu un br\u012bvpr\u0101t\u012bg\u0101 darba organiz\u0113t\u0101jiem.<\/li>\n\n\n\n<li><a href=\"https:\/\/samariesi.lv\/lv\/par-mums\/brivpratigajiem\">https:\/\/samariesi.lv\/lv\/par-mums\/brivpratigajiem<\/a> &#8211; br\u012bvpr\u0101t\u012bg\u0101 darba iesp\u0113jas Latvij\u0101.<\/li>\n\n\n\n<li><a href=\"https:\/\/europa.eu\/youth\/go-abroad\/volunteering_lv\">https:\/\/europa.eu\/youth\/go-abroad\/volunteering_lv<\/a> &#8211;<strong> <\/strong>br\u012bvpr\u0101t\u012bg\u0101 darba iesp\u0113jas \u0101rzem\u0113s.<\/li>\n\n\n\n<li><a href=\"http:\/\/chworldwide.org\/\">http:\/\/chworldwide.org\/<\/a> &#8211; br\u012bvpr\u0101t\u012bgo pal\u012bdz\u012bba b\u0113rniem.<\/li>\n\n\n\n<li><a href=\"https:\/\/lapas.lv\/lv\/humana-palidziba\/iespejas-brivpratigajiem\/\">https:\/\/lapas.lv\/lv\/humana-palidziba\/iespejas-brivpratigajiem\/<\/a> &#8211; hum\u0101n\u0101s pal\u012bdz\u012bbas projekti.<\/li>\n\n\n\n<li><a href=\"https:\/\/www.marupe.lv\/lv\/sabiedriba\/jauniesiem\/brivpratigais-darbs\">https:\/\/www.marupe.lv\/lv\/sabiedriba\/jauniesiem\/brivpratigais-darbs<\/a>\u00a0 \u00a0&#8211; br\u012bvpr\u0101t\u012bg\u0101 darba iesp\u0113jas M\u0101rup\u0113<\/li>\n\n\n\n<li><a href=\"https:\/\/likumi.lv\/ta\/id\/275061-brivpratiga-darba-likums\">https:\/\/likumi.lv\/ta\/id\/275061-brivpratiga-darba-likums<\/a> &#8211; br\u012bvpr\u0101t\u012bg\u0101 darba likums.<\/li>\n<\/ul>\n\n\n<div class=\"wp-block-image\">\n<figure class=\"aligncenter size-full\"><img loading=\"lazy\" decoding=\"async\" width=\"561\" height=\"375\" src=\"https:\/\/marupe.edu.lv\/wp-content\/uploads\/2021\/12\/image-2.png\" alt=\"\" class=\"wp-image-1982\" srcset=\"https:\/\/marupe.edu.lv\/wp-content\/uploads\/2021\/12\/image-2.png 561w, https:\/\/marupe.edu.lv\/wp-content\/uploads\/2021\/12\/image-2-300x201.png 300w\" sizes=\"auto, (max-width: 561px) 100vw, 561px\" \/><\/figure>\n<\/div>","protected":false},"excerpt":{"rendered":"<p>Ja v\u0113lies pievienoties augo\u0161ajam to jaunie\u0161u pulkam, kuri Eirop\u0101 un vis\u0101 pasaul\u0113 dara br\u012bvpr\u0101t\u012bgo darbu, internet\u0101 ir daudzas vietas, kur &hellip; <\/p>\n","protected":false},"author":1,"featured_media":0,"parent":0,"menu_order":0,"comment_status":"closed","ping_status":"closed","template":"","meta":{"_monsterinsights_skip_tracking":false,"_monsterinsights_sitenote_active":false,"_monsterinsights_sitenote_note":"","_monsterinsights_sitenote_category":0,"footnotes":""},"class_list":["post-1898","page","type-page","status-publish","hentry","latest_post"],"aioseo_notices":[],"_links":{"self":[{"href":"https:\/\/marupe.edu.lv\/index.php?rest_route=\/wp\/v2\/pages\/1898","targetHints":{"allow":["GET"]}}],"collection":[{"href":"https:\/\/marupe.edu.lv\/index.php?rest_route=\/wp\/v2\/pages"}],"about":[{"href":"https:\/\/marupe.edu.lv\/index.php?rest_route=\/wp\/v2\/types\/page"}],"author":[{"embeddable":true,"href":"https:\/\/marupe.edu.lv\/index.php?rest_route=\/wp\/v2\/users\/1"}],"replies":[{"embeddable":true,"href":"https:\/\/marupe.edu.lv\/index.php?rest_route=%2Fwp%2Fv2%2Fcomments&post=1898"}],"version-history":[{"count":5,"href":"https:\/\/marupe.edu.lv\/index.php?rest_route=\/wp\/v2\/pages\/1898\/revisions"}],"predecessor-version":[{"id":4348,"href":"https:\/\/marupe.edu.lv\/index.php?rest_route=\/wp\/v2\/pages\/1898\/revisions\/4348"}],"wp:attachment":[{"href":"https:\/\/marupe.edu.lv\/index.php?rest_route=%2Fwp%2Fv2%2Fmedia&parent=1898"}],"curies":[{"name":"wp","href":"https:\/\/api.w.org\/{rel}","templated":true}]}}