{"id":1897,"date":"2021-12-01T10:52:47","date_gmt":"2021-12-01T08:52:47","guid":{"rendered":"https:\/\/marupe.edu.lv\/?page_id=1897"},"modified":"2021-12-01T12:08:16","modified_gmt":"2021-12-01T10:08:16","slug":"absolventu-talakizglitiba","status":"publish","type":"page","link":"https:\/\/marupe.edu.lv\/?page_id=1897","title":{"rendered":"Absolventu t\u0101l\u0101kizgl\u012bt\u012bba"},"content":{"rendered":"<div class=\"infogram-embed\" data-id=\"5b9075b5-92ca-4924-a1e5-a1a6369ebe62\" data-type=\"interactive\" data-title=\"Pictoral Chart\"><\/div>\n<p><script>!function(e,i,n,s){var t=\"InfogramEmbeds\",d=e.getElementsByTagName(\"script\")[0];if(window[t]&&window[t].initialized)window[t].process&&window[t].process();else if(!e.getElementById(n)){var o=e.createElement(\"script\");o.async=1,o.id=n,o.src=\"https:\/\/e.infogram.com\/js\/dist\/embed-loader-min.js\",d.parentNode.insertBefore(o,d)}}(document,0,\"infogram-async\");<\/script><\/p>\n<div style=\"padding:8px 0;font-family:Arial!important;font-size:13px!important;line-height:15px!important;text-align:center;border-top:1px solid #dadada;margin:0 30px\"><a href=\"https:\/\/infogram.com\/5b9075b5-92ca-4924-a1e5-a1a6369ebe62\" style=\"color:#989898!important;text-decoration:none!important;\" target=\"_blank\" rel=\"noopener\">Pictoral Chart<\/a><br \/>\n<a href=\"https:\/\/infogram.com\" style=\"color:#989898!important;text-decoration:none!important;\" target=\"_blank\" rel=\"nofollow noopener\">Infogram<\/a><\/div>\n<div class=\"infogram-embed\" data-id=\"56db3661-3696-491f-a12b-8a6f1df8ef17\" data-type=\"interactive\" data-title=\"Copy: Pictoral Chart\"><\/div>\n<p><script>!function(e,i,n,s){var t=\"InfogramEmbeds\",d=e.getElementsByTagName(\"script\")[0];if(window[t]&&window[t].initialized)window[t].process&&window[t].process();else if(!e.getElementById(n)){var o=e.createElement(\"script\");o.async=1,o.id=n,o.src=\"https:\/\/e.infogram.com\/js\/dist\/embed-loader-min.js\",d.parentNode.insertBefore(o,d)}}(document,0,\"infogram-async\");<\/script><\/p>\n<div style=\"padding:8px 0;font-family:Arial!important;font-size:13px!important;line-height:15px!important;text-align:center;border-top:1px solid #dadada;margin:0 30px\"><a href=\"https:\/\/infogram.com\/56db3661-3696-491f-a12b-8a6f1df8ef17\" style=\"color:#989898!important;text-decoration:none!important;\" target=\"_blank\" rel=\"noopener\">Copy: Pictoral Chart<\/a><br \/>\n<a href=\"https:\/\/infogram.com\" style=\"color:#989898!important;text-decoration:none!important;\" target=\"_blank\" rel=\"nofollow noopener\">Infogram<\/a><\/div>\n","protected":false},"excerpt":{"rendered":"<p>Pictoral Chart Infogram Copy: Pictoral Chart Infogram<\/p>\n","protected":false},"author":1,"featured_media":0,"parent":0,"menu_order":0,"comment_status":"closed","ping_status":"closed","template":"","meta":{"_monsterinsights_skip_tracking":false,"_monsterinsights_sitenote_active":false,"_monsterinsights_sitenote_note":"","_monsterinsights_sitenote_category":0,"footnotes":""},"class_list":["post-1897","page","type-page","status-publish","hentry","latest_post"],"aioseo_notices":[],"_links":{"self":[{"href":"https:\/\/marupe.edu.lv\/index.php?rest_route=\/wp\/v2\/pages\/1897","targetHints":{"allow":["GET"]}}],"collection":[{"href":"https:\/\/marupe.edu.lv\/index.php?rest_route=\/wp\/v2\/pages"}],"about":[{"href":"https:\/\/marupe.edu.lv\/index.php?rest_route=\/wp\/v2\/types\/page"}],"author":[{"embeddable":true,"href":"https:\/\/marupe.edu.lv\/index.php?rest_route=\/wp\/v2\/users\/1"}],"replies":[{"embeddable":true,"href":"https:\/\/marupe.edu.lv\/index.php?rest_route=%2Fwp%2Fv2%2Fcomments&post=1897"}],"version-history":[{"count":8,"href":"https:\/\/marupe.edu.lv\/index.php?rest_route=\/wp\/v2\/pages\/1897\/revisions"}],"predecessor-version":[{"id":1978,"href":"https:\/\/marupe.edu.lv\/index.php?rest_route=\/wp\/v2\/pages\/1897\/revisions\/1978"}],"wp:attachment":[{"href":"https:\/\/marupe.edu.lv\/index.php?rest_route=%2Fwp%2Fv2%2Fmedia&parent=1897"}],"curies":[{"name":"wp","href":"https:\/\/api.w.org\/{rel}","templated":true}]}}