{"id":1896,"date":"2021-12-01T10:52:47","date_gmt":"2021-12-01T08:52:47","guid":{"rendered":"https:\/\/marupe.edu.lv\/?page_id=1896"},"modified":"2024-11-07T13:42:42","modified_gmt":"2024-11-07T11:42:42","slug":"studijas-arzemes","status":"publish","type":"page","link":"https:\/\/marupe.edu.lv\/?page_id=1896","title":{"rendered":"Studijas \u0101rzem\u0113s"},"content":{"rendered":"\n<p><strong>Pla\u0161a augstskolu un studiju programmu izv\u0113le \/ at\u0161\u0137ir\u012bgas m\u0101c\u012bbu metodes&nbsp; pasaules l\u012bme\u0146a izgl\u012bt\u012bba un m\u0101c\u012bbsp\u0113ki \/ lab\u0101kas karjeras iesp\u0113jas n\u0101kotn\u0113 &nbsp;jaunas valodas un kult\u016bra \/ draugi no visas pasaules \/ jauns izaicin\u0101jums \/ lieliska pieredze<\/strong><\/p>\n\n\n\n<ul class=\"wp-block-list\">\n<li><a href=\"https:\/\/europa.eu\/europass\/lv\">https:\/\/europa.eu\/europass\/lv<\/a>\u00a0&#8211; izgl\u012bt\u012bbas iesp\u0113jas ES, inform\u0101cija par diploma atz\u012b\u0161anu un apmai\u0146as programm\u0101m.<\/li>\n\n\n\n<li><a href=\"https:\/\/europa.eu\/youreurope\/citizens\/education\/university\/fees-and-financial-help\/index_lv.htm\">https:\/\/europa.eu\/youreurope\/citizens\/education\/university\/fees-and-financial-help\/index_lv.htm<\/a> &#8211; Augstskolu m\u0101c\u012bbu maksa un finansi\u0101l\u0101 pal\u012bdz\u012bba<\/li>\n\n\n\n<li><a href=\"https:\/\/dreamfoundation.eu\/\">https:\/\/dreamfoundation.eu\/<\/a> &#8211; <strong>Dream Foundation sniedz iesp\u0113ju pieteikties vair\u0101k k\u0101 60 augstskol\u0101m Eirop\u0101, kas pied\u0101v\u0101 aptuveni 7000 pilna laika studiju programmas ang\u013cu valod\u0101.<\/strong><\/li>\n\n\n\n<li><a href=\"https:\/\/www.kalba.lv\/lv\/studijas-arzemes\/\">https:\/\/www.kalba.lv\/lv\/studijas-arzemes\/<\/a> &#8211; augst\u0101k\u0101 izgl\u012bt\u012bba \u0101rzem\u0113s.<\/li>\n\n\n\n<li><a href=\"https:\/\/www.balticcouncil.lv\/lv\/sakums\/\">https:\/\/www.balticcouncil.lv\/lv\/sakums\/<\/a> \u0101rzemju izgl\u012bt\u012bbas a\u0123ent\u016bra Baltijas valst\u012bs<\/li>\n\n\n\n<li><a href=\"https:\/\/eurodesk.eu\/about\/\">https:\/\/eurodesk.eu\/about\/<\/a> &#8211; izgl\u012bt\u012bbas, dz\u012bvo\u0161anas, ce\u013co\u0161anas iesp\u0113jas ES.<\/li>\n\n\n\n<li><a href=\"https:\/\/www.viaa.gov.lv\/lv\/studiju-celvedis-eiropa\">https:\/\/www.viaa.gov.lv\/lv\/studiju-celvedis-eiropa<\/a> &#8211; \u00a0Studiju ce\u013cvedis Eirop\u0101<\/li>\n\n\n\n<li><a href=\"http:\/\/www.durbe.edu.lv\/lv\">http:\/\/www.durbe.edu.lv\/lv<\/a> \u00a0&#8211; Education Centre Durbe inform\u0113 par izgl\u012bt\u012bbas iesp\u0113j\u0101m \u0101rzem\u0113s.<\/li>\n\n\n\n<li><a href=\"https:\/\/educationusa.state.gov\/\" target=\"_blank\" rel=\"noreferrer noopener\">educationusa.state.gov<\/a>\u00a0pied\u0101v\u0101 inform\u0101ciju par akredit\u0113taj\u0101m ASV augstskol\u0101m.<\/li>\n\n\n\n<li><a href=\"https:\/\/meridian.lv\/macibas-arzemes\">https:\/\/meridian.lv\/macibas-arzemes<\/a> izgl\u012bt\u012bbas programmas \u0101rzem\u0113s.<\/li>\n\n\n\n<li><a href=\"http:\/\/infousa.lcb.lv\/\">http:\/\/infousa.lcb.lv\/<\/a> konsult\u0101cijas par izgl\u012bt\u012bbu Amerik\u0101.<\/li>\n\n\n\n<li><a href=\"https:\/\/lcc.lt\/\">https:\/\/lcc.lt\/<\/a> studiju iesp\u0113jas Lietuv\u0101.<\/li>\n\n\n\n<li><a href=\"https:\/\/europass.lv\/\">https:\/\/europass.lv\/<\/a> \u00a0Eiropas standarti CV izveide.<\/li>\n\n\n\n<li><a href=\"https:\/\/linkturs.lv\">https:\/\/linkturs.lv<\/a> studijas \u0101rzem\u0113s jebkur\u0101 vecum\u0101.<\/li>\n<\/ul>\n\n\n\n<figure class=\"wp-block-image size-full is-resized\"><img loading=\"lazy\" decoding=\"async\" width=\"455\" height=\"335\" src=\"https:\/\/marupe.edu.lv\/wp-content\/uploads\/2024\/11\/image-1.png\" alt=\"\" class=\"wp-image-4345\" style=\"width:212px;height:auto\" srcset=\"https:\/\/marupe.edu.lv\/wp-content\/uploads\/2024\/11\/image-1.png 455w, https:\/\/marupe.edu.lv\/wp-content\/uploads\/2024\/11\/image-1-300x221.png 300w\" sizes=\"auto, (max-width: 455px) 100vw, 455px\" \/><\/figure>\n","protected":false},"excerpt":{"rendered":"<p>Pla\u0161a augstskolu un studiju programmu izv\u0113le \/ at\u0161\u0137ir\u012bgas m\u0101c\u012bbu metodes&nbsp; pasaules l\u012bme\u0146a izgl\u012bt\u012bba un m\u0101c\u012bbsp\u0113ki \/ lab\u0101kas karjeras iesp\u0113jas n\u0101kotn\u0113 &hellip; <\/p>\n","protected":false},"author":1,"featured_media":0,"parent":0,"menu_order":0,"comment_status":"closed","ping_status":"closed","template":"","meta":{"_monsterinsights_skip_tracking":false,"_monsterinsights_sitenote_active":false,"_monsterinsights_sitenote_note":"","_monsterinsights_sitenote_category":0,"footnotes":""},"class_list":["post-1896","page","type-page","status-publish","hentry","latest_post"],"aioseo_notices":[],"_links":{"self":[{"href":"https:\/\/marupe.edu.lv\/index.php?rest_route=\/wp\/v2\/pages\/1896","targetHints":{"allow":["GET"]}}],"collection":[{"href":"https:\/\/marupe.edu.lv\/index.php?rest_route=\/wp\/v2\/pages"}],"about":[{"href":"https:\/\/marupe.edu.lv\/index.php?rest_route=\/wp\/v2\/types\/page"}],"author":[{"embeddable":true,"href":"https:\/\/marupe.edu.lv\/index.php?rest_route=\/wp\/v2\/users\/1"}],"replies":[{"embeddable":true,"href":"https:\/\/marupe.edu.lv\/index.php?rest_route=%2Fwp%2Fv2%2Fcomments&post=1896"}],"version-history":[{"count":7,"href":"https:\/\/marupe.edu.lv\/index.php?rest_route=\/wp\/v2\/pages\/1896\/revisions"}],"predecessor-version":[{"id":4347,"href":"https:\/\/marupe.edu.lv\/index.php?rest_route=\/wp\/v2\/pages\/1896\/revisions\/4347"}],"wp:attachment":[{"href":"https:\/\/marupe.edu.lv\/index.php?rest_route=%2Fwp%2Fv2%2Fmedia&parent=1896"}],"curies":[{"name":"wp","href":"https:\/\/api.w.org\/{rel}","templated":true}]}}