{"id":1895,"date":"2021-12-01T10:52:47","date_gmt":"2021-12-01T08:52:47","guid":{"rendered":"https:\/\/marupe.edu.lv\/?page_id=1895"},"modified":"2024-11-07T13:40:05","modified_gmt":"2024-11-07T11:40:05","slug":"izglitibas-iespejas-latvija","status":"publish","type":"page","link":"https:\/\/marupe.edu.lv\/?page_id=1895","title":{"rendered":"Izgl\u012bt\u012bbas iesp\u0113jas Latvij\u0101"},"content":{"rendered":"\n<p>Izgl\u012bt\u012bbas sist\u0113ma Latvij\u0101&nbsp;&nbsp;<a href=\"https:\/\/www.niid.lv\/izlgsist\">https:\/\/www.niid.lv\/izlgsist<\/a><\/p>\n\n\n\n<p>Latvijas izgl\u012bt\u012bbas sist\u0113ma sast\u0101v no:<\/p>\n\n\n\n<ul class=\"wp-block-list\">\n<li>pirmskolas izgl\u012bt\u012bbas<\/li>\n\n\n\n<li>pamatizgl\u012bt\u012bbas<\/li>\n\n\n\n<li>vid\u0113j\u0101s izgl\u012bt\u012bbas<\/li>\n\n\n\n<li>augst\u0101k\u0101s izgl\u012bt\u012bbas<\/li>\n<\/ul>\n\n\n\n<p>Visp\u0101r\u0113j\u0101 izgl\u012bt\u012bba pavisam ilgst 12 gadus, ietverot oblig\u0101to 9-gad\u012bgo pamatizgl\u012bt\u012bbu un 3-gad\u012bgo vid\u0113jo izgl\u012bt\u012bbu.<\/p>\n\n\n\n<p>Papildus Latvij\u0101 ir oblig\u0101ta pirmsskolas izgl\u012bt\u012bba 5-6 gadu vecum\u0101.<\/p>\n\n\n\n<p>Pamatizgl\u012bt\u012bbas pak\u0101pe ietver visp\u0101r\u0113jo pamatizgl\u012bt\u012bbu (1.-9. klases) un profesion\u0101lo pamatizgl\u012bt\u012bbu. :<\/p>\n\n\n\n<p>Vid\u0113j\u0101s izgl\u012bt\u012bbas pak\u0101pe ietver:<\/p>\n\n\n\n<ul class=\"wp-block-list\">\n<li>visp\u0101r\u0113jo vid\u0113jo izgl\u012bt\u012bbu,<\/li>\n\n\n\n<li>profesion\u0101lo vid\u0113jo izgl\u012bt\u012bbu<\/li>\n\n\n\n<li>arodizgl\u012bt\u012bbu.<\/li>\n<\/ul>\n\n\n\n<p>Augst\u0101k\u0101s izgl\u012bt\u012bbas pak\u0101pe ietver gan akad\u0113misk\u0101s, gan profesion\u0101l\u0101s studiju programmas.<\/p>\n\n\n\n<p><a href=\"http:\/\/www.niid.lv\">www.niid.lv<\/a>&nbsp; Nacion\u0101l\u0101 izgl\u012bt\u012bbas iesp\u0113ju datub\u0101ze (NIID.LV)&nbsp;<\/p>\n\n\n\n<p><a href=\"https:\/\/www.prakse.lv\/edu\/list\">https:\/\/www.prakse.lv\/edu\/list<\/a> &#8211;&nbsp;pied\u0101v\u0101 inform\u0101ciju par 1739 izgl\u012bt\u012bbas iest\u0101d\u0113m<\/p>\n\n\n\n<p><a href=\"http:\/\/www.aiknc.lv\/lv\/about.php\">http:\/\/www.aiknc.lv\/lv\/about.php<\/a> &#8211; nodibin\u0101jums &#8220;Augst\u0101k\u0101s izgl\u012bt\u012bbas kvalit\u0101tes nov\u0113rt\u0113\u0161anas centrs&#8221; (AIKNC) pied\u0101v\u0101 akredit\u0113to m\u0101c\u012bbu iest\u0101\u017eu sarakstu<\/p>\n\n\n\n<p>Augst\u0101k\u0101s izgl\u012bt\u012bbas iest\u0101des&nbsp;<\/p>\n\n\n\n<p><strong>Valsts universit\u0101tes<\/strong><\/p>\n\n\n\n<p><strong>Latvijas Universit\u0101te<\/strong><strong>&nbsp;<\/strong><strong>(LU)&nbsp;&nbsp;<\/strong><a href=\"https:\/\/www.lu.lv\/\">https:\/\/www.lu.lv\/<\/a><strong><\/strong><\/p>\n\n\n\n<p><strong>R\u012bgas Stradi\u0146a universit\u0101te<\/strong><strong>&nbsp;<\/strong><strong>(RSU<\/strong>)&nbsp;<a href=\"https:\/\/www.rsu.lv\/\">https:\/\/www.rsu.lv\/<\/a><\/p>\n\n\n\n<p><strong>R\u012bgas Tehnisk\u0101 universit\u0101te<\/strong><strong>&nbsp;<\/strong><strong>(RTU)<\/strong><strong>&nbsp;&nbsp;<\/strong>&nbsp; <a href=\"https:\/\/www.rtu.lv\/\">https:\/\/www.rtu.lv\/<\/a><\/p>\n\n\n\n<p><strong>Latvijas Biozin\u0101t\u0146u un tehnolo\u0123iju universit\u0101te<\/strong><strong>&nbsp;<\/strong><strong>(LBTU)<\/strong><strong>&nbsp;&nbsp;&nbsp;<\/strong><strong>&nbsp;<\/strong> <a href=\"https:\/\/www.lbtu.lv\/lv\">https:\/\/www.lbtu.lv\/lv<\/a><\/p>\n\n\n\n<p><strong>Daugavpils universit\u0101te<\/strong><strong>&nbsp;<\/strong><strong>(DU)<\/strong><strong>&nbsp;<\/strong><strong>&nbsp;<\/strong> <a href=\"https:\/\/du.lv\/\">https:\/\/du.lv\/<\/a><\/p>\n\n\n\n<p><strong>Liep\u0101jas Universit\u0101te (LiepU)<\/strong>&nbsp; &nbsp;&nbsp;&nbsp;&nbsp;<a href=\"https:\/\/www.liepu.lv\/lv\">https:\/\/www.liepu.lv\/lv<\/a> &nbsp;<\/p>\n\n\n\n<hr class=\"wp-block-separator has-alpha-channel-opacity\"\/>\n\n\n\n<p><strong>Valsts augstskolas<\/strong><\/p>\n\n\n\n<p><strong>Banku augstskola (BA)<\/strong><strong>&nbsp;&nbsp;<\/strong><strong>&nbsp;<\/strong><a href=\"https:\/\/www.ba.lv\/lv\/\">https:\/\/www.ba.lv\/lv\/<\/a><\/p>\n\n\n\n<p><strong>J\u0101zepa V\u012btola Latvijas M\u016bzikas akad\u0113mija (JVLMA)&nbsp;<\/strong><strong>&nbsp;&nbsp;<\/strong>&nbsp;<a href=\"https:\/\/www.jvlma.lv\/\">https:\/\/www.jvlma.lv\/<\/a><strong><\/strong><\/p>\n\n\n\n<p><strong>Latvijas J\u016bras akad\u0113mija (LJA)<\/strong><strong>&nbsp;&nbsp;<\/strong><strong>&nbsp;<\/strong><a href=\"http:\/\/www.latja.lv\/\">http:\/\/www.latja.lv\/<\/a><\/p>\n\n\n\n<p><strong>Latvijas Kult\u016bras akad\u0113mija (LKA)<\/strong><strong>&nbsp;&nbsp;<\/strong><a href=\"https:\/\/www.lka.edu.lv\/lv\/\">https:\/\/www.lka.edu.lv\/lv\/<\/a><strong><\/strong><\/p>\n\n\n\n<p><strong>Latvijas M\u0101kslas akad\u0113mija (LMA)<\/strong><strong>&nbsp;&nbsp;<\/strong><a href=\"https:\/\/www.lma.lv\/\">https:\/\/www.lma.lv\/<\/a><strong> &nbsp;<\/strong><strong>&nbsp;<\/strong><\/p>\n\n\n\n<p><strong>Latvijas Nacion\u0101l\u0101 aizsardz\u012bbas akad\u0113mija (LNAA)<\/strong><strong>&nbsp;&nbsp;&nbsp;<\/strong><strong>&nbsp;<\/strong><a href=\"https:\/\/www.naa.mil.lv\/\">https:\/\/www.naa.mil.lv\/<\/a><strong><\/strong><\/p>\n\n\n\n<p><strong>R\u012bgas Juridisk\u0101 augstskola (RJA)<\/strong><strong>&nbsp;&nbsp;&nbsp;<\/strong><strong>&nbsp;<\/strong><a href=\"https:\/\/www.rgsl.edu.lv\/\">https:\/\/www.rgsl.edu.lv\/<\/a><\/p>\n\n\n\n<p><strong>R\u012bgas Ekonomikas augstskola (REA)<\/strong><strong>&nbsp;&nbsp;&nbsp;<\/strong><strong>&nbsp;<\/strong><a href=\"https:\/\/www.sseriga.edu\/\">https:\/\/www.sseriga.edu\/<\/a><\/p>\n\n\n\n<p><strong>R\u0113zeknes Tehnolo\u0123iju Akad\u0113mija (RTA)<\/strong><strong>&nbsp;&nbsp;&nbsp;<\/strong><strong>&nbsp;<\/strong> <a href=\"https:\/\/www.rta.lv\/\">https:\/\/www.rta.lv\/<\/a><\/p>\n\n\n\n<p><strong>Ventspils Augstskola (VeA)<\/strong><strong>&nbsp;&nbsp;&nbsp;<\/strong><strong>&nbsp;<\/strong><a href=\"https:\/\/www.venta.lv\/\">https:\/\/www.venta.lv\/<\/a><\/p>\n\n\n\n<p><strong>Vidzemes Augstskola (ViA)<\/strong><strong>&nbsp;&nbsp;&nbsp;<\/strong><strong>&nbsp;<\/strong><a href=\"https:\/\/va.lv\/lv\">https:\/\/va.lv\/lv<\/a><\/p>\n\n\n\n<p>RSU Latvijas Sporta pedago\u0123ijas akad\u0113mija (LSPA) <a href=\"https:\/\/www.lspa.lv\/\">https:\/\/www.lspa.lv\/<\/a><\/p>\n\n\n\n<hr class=\"wp-block-separator has-alpha-channel-opacity\"\/>\n\n\n\n<p><strong>Juridisko personu dibin\u0101t\u0101s augstskolas Latvij\u0101<\/strong><\/p>\n\n\n\n<p><strong>Baltijas Starptautisk\u0101 akad\u0113mija (BSA)<\/strong><strong>&nbsp;<\/strong><strong>&nbsp;&nbsp;<\/strong><a href=\"https:\/\/bsa.edu.lv\/\">https:\/\/bsa.edu.lv\/<\/a><strong><\/strong><\/p>\n\n\n\n<p><strong>Biznesa augstskola &#8220;Tur\u012bba&#8221;<\/strong><strong>&nbsp;<\/strong><strong>&nbsp; &nbsp;&nbsp;<\/strong><a href=\"https:\/\/www.turiba.lv\/lv\">https:\/\/www.turiba.lv\/lv<\/a><strong><\/strong><\/p>\n\n\n\n<p><strong>Ekonomikas un kult\u016bras augstskola (EKA)<\/strong><strong>&nbsp;&nbsp;&nbsp;<\/strong><strong>&nbsp;&nbsp;<\/strong><a href=\"https:\/\/www.augstskola.lv\/?lng=eng\">https:\/\/www.augstskola.lv\/?lng=eng<\/a><\/p>\n\n\n\n<p><strong>Inform\u0101cijas sist\u0113mu mened\u017ementa augstskola (ISMA)<\/strong><strong>&nbsp;&nbsp;&nbsp;<\/strong><strong>&nbsp;<\/strong><a href=\"https:\/\/www.isma.lv\/\">https:\/\/www.isma.lv\/<\/a><strong><\/strong><\/p>\n\n\n\n<p><strong>Latvijas Krist\u012bg\u0101 akad\u0113mija (LKA)<\/strong><strong>&nbsp;&nbsp;&nbsp;<\/strong><strong>&nbsp;<\/strong><a href=\"https:\/\/kra.lv\/\">https:\/\/kra.lv\/<\/a><strong><\/strong><\/p>\n\n\n\n<p><strong>R\u012bgas Aeronavig\u0101cijas instit\u016bts (RAI)<\/strong><strong>&nbsp;&nbsp;&nbsp;<\/strong><strong>&nbsp;<\/strong><a href=\"http:\/\/www.rai.lv\/\">http:\/\/www.rai.lv\/<\/a><strong><\/strong><\/p>\n\n\n\n<p><strong>R\u012bgas Starptautisk\u0101 ekonomikas un biznesa administr\u0101cijas augstskola<\/strong><\/p>\n\n\n\n<p><strong>(RISEBA)<\/strong><strong>&nbsp;&nbsp;&nbsp;&nbsp;&nbsp;&nbsp;&nbsp; <\/strong><a href=\"https:\/\/www.riseba.lv\/\">https:\/\/www.riseba.lv\/<\/a><strong><\/strong><\/p>\n\n\n\n<p><strong>Transporta un sakaru instit\u016bts (TSI)<\/strong><strong>&nbsp;&nbsp;&nbsp;<\/strong><strong>&nbsp;<\/strong><a href=\"https:\/\/tsi.lv\/\">https:\/\/tsi.lv\/<\/a><\/p>\n\n\n\n<p>Lutera Akad\u0113mija (LA) <a href=\"http:\/\/www.luteraakademija.lv\/\">http:\/\/www.luteraakademija.lv\/<\/a><\/p>\n","protected":false},"excerpt":{"rendered":"<p>Izgl\u012bt\u012bbas sist\u0113ma Latvij\u0101&nbsp;&nbsp;https:\/\/www.niid.lv\/izlgsist Latvijas izgl\u012bt\u012bbas sist\u0113ma sast\u0101v no: Visp\u0101r\u0113j\u0101 izgl\u012bt\u012bba pavisam ilgst 12 gadus, ietverot oblig\u0101to 9-gad\u012bgo pamatizgl\u012bt\u012bbu un 3-gad\u012bgo &hellip; <\/p>\n","protected":false},"author":1,"featured_media":0,"parent":0,"menu_order":0,"comment_status":"closed","ping_status":"closed","template":"","meta":{"_monsterinsights_skip_tracking":false,"_monsterinsights_sitenote_active":false,"_monsterinsights_sitenote_note":"","_monsterinsights_sitenote_category":0,"footnotes":""},"class_list":["post-1895","page","type-page","status-publish","hentry","latest_post"],"aioseo_notices":[],"_links":{"self":[{"href":"https:\/\/marupe.edu.lv\/index.php?rest_route=\/wp\/v2\/pages\/1895","targetHints":{"allow":["GET"]}}],"collection":[{"href":"https:\/\/marupe.edu.lv\/index.php?rest_route=\/wp\/v2\/pages"}],"about":[{"href":"https:\/\/marupe.edu.lv\/index.php?rest_route=\/wp\/v2\/types\/page"}],"author":[{"embeddable":true,"href":"https:\/\/marupe.edu.lv\/index.php?rest_route=\/wp\/v2\/users\/1"}],"replies":[{"embeddable":true,"href":"https:\/\/marupe.edu.lv\/index.php?rest_route=%2Fwp%2Fv2%2Fcomments&post=1895"}],"version-history":[{"count":7,"href":"https:\/\/marupe.edu.lv\/index.php?rest_route=\/wp\/v2\/pages\/1895\/revisions"}],"predecessor-version":[{"id":4344,"href":"https:\/\/marupe.edu.lv\/index.php?rest_route=\/wp\/v2\/pages\/1895\/revisions\/4344"}],"wp:attachment":[{"href":"https:\/\/marupe.edu.lv\/index.php?rest_route=%2Fwp%2Fv2%2Fmedia&parent=1895"}],"curies":[{"name":"wp","href":"https:\/\/api.w.org\/{rel}","templated":true}]}}