{"id":1894,"date":"2021-12-01T10:52:47","date_gmt":"2021-12-01T08:52:47","guid":{"rendered":"https:\/\/marupe.edu.lv\/?page_id=1894"},"modified":"2024-11-07T13:39:21","modified_gmt":"2024-11-07T11:39:21","slug":"profesiju-dazadiba","status":"publish","type":"page","link":"https:\/\/marupe.edu.lv\/?page_id=1894","title":{"rendered":"Profesiju da\u017e\u0101d\u012bba"},"content":{"rendered":"\n<p>PROFESIJU APRAKSTI:<\/p>\n\n\n\n<ul class=\"wp-block-list\">\n<li><a href=\"https:\/\/www.profesijupasaule.lv\/\">https:\/\/www.profesijupasaule.lv\/<\/a> &#8211;\u00a0 veidota k\u0101 virtu\u0101la pils\u0113ta, kas sast\u0101v no objektiem &#8211; uz\u0146\u0113mumiem, kuros atrodamas uz\u0146\u0113mumam tipisk\u0101k\u0101s profesijas. Par katru no t\u0101m ir pieejams apraksts, intervija ar \u0161aj\u0101 profesij\u0101 str\u0101d\u0101jo\u0161o, fotogr\u0101fiju galerija un inform\u0101cija, kur m\u0101c\u012bties, lai apg\u016btu \u0161o profesiju.<\/li>\n\n\n\n<li><a href=\"https:\/\/www.prakse.lv\/profession\/list\">https:\/\/www.prakse.lv\/profession\/list<\/a> &#8211;\u00a0profesiju apraksti, kas apvienoti ar virtu\u0101lo inform\u0101ciju.\u00a0<\/li>\n\n\n\n<li><a href=\"https:\/\/www.lm.gov.lv\/lv\/profesiju-klasifikators-5\">https:\/\/www.lm.gov.lv\/lv\/profesiju-klasifikators-5<\/a> \u00a0&#8211; profesiju klasifikators &#8211; sistematiz\u0113ts profesiju (arodu, amatu, specialit\u0101\u0161u) saraksts.<\/li>\n\n\n\n<li><a href=\"https:\/\/www.eurobrussels.com\/\">https:\/\/www.eurobrussels.com\/<\/a> &#8211; profesiju apraksti un pied\u0101v\u0101jums Eirop\u0101.<\/li>\n<\/ul>\n\n\n\n<p>PAR N\u0100KOTNES PROFESIJ\u0100M:<\/p>\n\n\n\n<ul class=\"wp-block-list\">\n<li><a href=\"https:\/\/lv.root-nation.com\/ua\/articles-ua\/analitika\/ua-10-professions-of-future\/?amp\">https:\/\/lv.root-nation.com\/ua\/articles-ua\/analitika\/ua-10-professions-of-future\/?amp<\/a> &#8211; 10 n\u0101kotnes profesijas, kuras jums vajadz\u0113tu izv\u0113l\u0113ties jau \u0161odien<\/li>\n\n\n\n<li><a href=\"https:\/\/blog.swedbank.lv\/karjera\/nakotnes-darbs-196\">https:\/\/blog.swedbank.lv\/karjera\/nakotnes-darbs-196<\/a> &#8211; k\u0101das prasmes un kompetences b\u016bs nepiecie\u0161amas\u00a0n\u0101kotnes\u00a0darba tirg\u016b?<\/li>\n\n\n\n<li><a href=\"https:\/\/www.prakse.lv\/article\/207\/gudra-nakotne-kuras-profesijas-izzud-un-kuras-klust-popularakas\">https:\/\/www.prakse.lv\/article\/207\/gudra-nakotne-kuras-profesijas-izzud-un-kuras-klust-popularakas<\/a>\u00a0 &#8211; gudr\u0101 n\u0101kotne: kuras profesijas izz\u016bd un kuras k\u013c\u016bst popul\u0101r\u0101kas?<\/li>\n\n\n\n<li><a href=\"https:\/\/epale.ec.europa.eu\/lv\/blog\/izmainas-darba-tirgu-profesijas-ar-un-bez-nakotnes\">https:\/\/epale.ec.europa.eu\/lv\/blog\/izmainas-darba-tirgu-profesijas-ar-un-bez-nakotnes<\/a> &#8211; izmai\u0146as darba tirg\u016b: profesijas ar un bez n\u0101kotnes<\/li>\n\n\n\n<li><a href=\"https:\/\/m.travelnews.lv\/?pid=94639\">https:\/\/m.travelnews.lv\/?pid=94639<\/a> &#8211; EC Durbe: K\u0101das var\u0113tu b\u016bt n\u0101kotnes profesijas?<\/li>\n\n\n\n<li><a href=\"https:\/\/www.la.lv\/lielaka-dala-nakotnes-profesiju-vel-neeksiste-kur-stradasim-nakotne\">https:\/\/www.la.lv\/lielaka-dala-nakotnes-profesiju-vel-neeksiste-kur-stradasim-nakotne<\/a> &#8211; liel\u0101k\u0101 da\u013ca n\u0101kotnes profesiju v\u0113l neeksist\u0113. Kur str\u0101d\u0101sim n\u0101kotn\u0113?<\/li>\n\n\n\n<li><a href=\"http:\/\/www.eiropersonals.lv\/aktualitates\/2020\/10\/29\/vai-velies-darbu-ari-2030-gada-jauni-amati-tuva-nakotne\">http:\/\/www.eiropersonals.lv\/aktualitates\/2020\/10\/29\/vai-velies-darbu-ari-2030-gada-jauni-amati-tuva-nakotne<\/a> &#8211; Vai v\u0113lies darbu ar\u012b 2030. gad\u0101? Jauni amati tuv\u0101 n\u0101kotn\u0113<\/li>\n<\/ul>\n\n\n\n<p>Praktiski padomi veiksm\u012bgas karjeras veido\u0161anai:<\/p>\n\n\n\n<p>Za\u013cais pipars 1 (<a href=\"https:\/\/www.youtube.com\/watch?v=RyxQPre5pQI\">https:\/\/www.youtube.com\/watch?v=RyxQPre5pQI<\/a>)<\/p>\n\n\n\n<p>Za\u013cais pipars 2 (<a href=\"https:\/\/www.youtube.com\/watch?v=OpvCOOzVQnU\">https:\/\/www.youtube.com\/watch?v=OpvCOOzVQnU<\/a>)<\/p>\n\n\n\n<p>Za\u013cais pipars 3 (<a href=\"https:\/\/www.youtube.com\/watch?v=LVqC0FvyvU4\">https:\/\/www.youtube.com\/watch?v=LVqC0FvyvU4<\/a>)<\/p>\n\n\n\n<p>Za\u013cais pipars 4 (<a href=\"https:\/\/www.youtube.com\/watch?v=h6yh82XxKDw\">https:\/\/www.youtube.com\/watch?v=h6yh82XxKDw<\/a>)<\/p>\n\n\n\n<p>Za\u013cais pipars 5 (<a href=\"https:\/\/www.youtube.com\/watch?v=OMTW5ABZku0\">https:\/\/www.youtube.com\/watch?v=OMTW5ABZku0<\/a>)<\/p>\n\n\n\n<h3 class=\"wp-block-heading\">Praktiski padomi veiksm\u012bgas karjeras veido\u0161anai:<\/h3>\n\n\n\n<figure class=\"wp-block-embed is-type-video is-provider-youtube wp-block-embed-youtube wp-embed-aspect-16-9 wp-has-aspect-ratio\"><div class=\"wp-block-embed__wrapper\">\n<iframe loading=\"lazy\" title=\"Filma par karjeras veido\u0161anu \u00abZa\u013cais Pipars\u00bb\" width=\"750\" height=\"422\" src=\"https:\/\/www.youtube.com\/embed\/RyxQPre5pQI?feature=oembed\" frameborder=\"0\" allow=\"accelerometer; autoplay; clipboard-write; encrypted-media; gyroscope; picture-in-picture\" allowfullscreen><\/iframe>\n<\/div><\/figure>\n\n\n\n<figure class=\"wp-block-embed is-type-video is-provider-youtube wp-block-embed-youtube wp-embed-aspect-16-9 wp-has-aspect-ratio\"><div class=\"wp-block-embed__wrapper\">\n<iframe loading=\"lazy\" title=\"Filma \u00abZa\u013cais pipars\u00bb 2\" width=\"750\" height=\"422\" src=\"https:\/\/www.youtube.com\/embed\/OpvCOOzVQnU?feature=oembed\" frameborder=\"0\" allow=\"accelerometer; autoplay; clipboard-write; encrypted-media; gyroscope; picture-in-picture\" allowfullscreen><\/iframe>\n<\/div><\/figure>\n\n\n\n<figure class=\"wp-block-embed is-type-video is-provider-youtube wp-block-embed-youtube wp-embed-aspect-16-9 wp-has-aspect-ratio\"><div class=\"wp-block-embed__wrapper\">\n<iframe loading=\"lazy\" title=\"Filma par karjeras izv\u0113li \u00abZa\u013cais pipars 3\u00bb\" width=\"750\" height=\"422\" src=\"https:\/\/www.youtube.com\/embed\/LVqC0FvyvU4?feature=oembed\" frameborder=\"0\" allow=\"accelerometer; autoplay; clipboard-write; encrypted-media; gyroscope; picture-in-picture\" allowfullscreen><\/iframe>\n<\/div><\/figure>\n\n\n\n<figure class=\"wp-block-embed is-type-video is-provider-youtube wp-block-embed-youtube wp-embed-aspect-16-9 wp-has-aspect-ratio\"><div class=\"wp-block-embed__wrapper\">\n<iframe loading=\"lazy\" title=\"Za\u013cais pipars 4\" width=\"750\" height=\"422\" src=\"https:\/\/www.youtube.com\/embed\/h6yh82XxKDw?feature=oembed\" frameborder=\"0\" allow=\"accelerometer; autoplay; clipboard-write; encrypted-media; gyroscope; picture-in-picture\" allowfullscreen><\/iframe>\n<\/div><\/figure>\n\n\n\n<figure class=\"wp-block-embed is-type-video is-provider-youtube wp-block-embed-youtube wp-embed-aspect-16-9 wp-has-aspect-ratio\"><div class=\"wp-block-embed__wrapper\">\n<iframe loading=\"lazy\" title=\"\u00abZa\u013cais pipars 5\u00bb\" width=\"750\" height=\"422\" src=\"https:\/\/www.youtube.com\/embed\/OMTW5ABZku0?feature=oembed\" frameborder=\"0\" allow=\"accelerometer; autoplay; clipboard-write; encrypted-media; gyroscope; picture-in-picture\" allowfullscreen><\/iframe>\n<\/div><\/figure>\n","protected":false},"excerpt":{"rendered":"<p>PROFESIJU APRAKSTI: PAR N\u0100KOTNES PROFESIJ\u0100M: Praktiski padomi veiksm\u012bgas karjeras veido\u0161anai: Za\u013cais pipars 1 (https:\/\/www.youtube.com\/watch?v=RyxQPre5pQI) Za\u013cais pipars 2 (https:\/\/www.youtube.com\/watch?v=OpvCOOzVQnU) Za\u013cais pipars &hellip; <\/p>\n","protected":false},"author":1,"featured_media":0,"parent":0,"menu_order":0,"comment_status":"closed","ping_status":"closed","template":"","meta":{"_monsterinsights_skip_tracking":false,"_monsterinsights_sitenote_active":false,"_monsterinsights_sitenote_note":"","_monsterinsights_sitenote_category":0,"footnotes":""},"class_list":["post-1894","page","type-page","status-publish","hentry","latest_post"],"aioseo_notices":[],"_links":{"self":[{"href":"https:\/\/marupe.edu.lv\/index.php?rest_route=\/wp\/v2\/pages\/1894","targetHints":{"allow":["GET"]}}],"collection":[{"href":"https:\/\/marupe.edu.lv\/index.php?rest_route=\/wp\/v2\/pages"}],"about":[{"href":"https:\/\/marupe.edu.lv\/index.php?rest_route=\/wp\/v2\/types\/page"}],"author":[{"embeddable":true,"href":"https:\/\/marupe.edu.lv\/index.php?rest_route=\/wp\/v2\/users\/1"}],"replies":[{"embeddable":true,"href":"https:\/\/marupe.edu.lv\/index.php?rest_route=%2Fwp%2Fv2%2Fcomments&post=1894"}],"version-history":[{"count":7,"href":"https:\/\/marupe.edu.lv\/index.php?rest_route=\/wp\/v2\/pages\/1894\/revisions"}],"predecessor-version":[{"id":4343,"href":"https:\/\/marupe.edu.lv\/index.php?rest_route=\/wp\/v2\/pages\/1894\/revisions\/4343"}],"wp:attachment":[{"href":"https:\/\/marupe.edu.lv\/index.php?rest_route=%2Fwp%2Fv2%2Fmedia&parent=1894"}],"curies":[{"name":"wp","href":"https:\/\/api.w.org\/{rel}","templated":true}]}}