{"id":1893,"date":"2021-12-01T10:52:47","date_gmt":"2021-12-01T08:52:47","guid":{"rendered":"https:\/\/marupe.edu.lv\/?page_id=1893"},"modified":"2024-11-07T13:37:50","modified_gmt":"2024-11-07T11:37:50","slug":"izzini-sevi","status":"publish","type":"page","link":"https:\/\/marupe.edu.lv\/?page_id=1893","title":{"rendered":"Izzini sevi"},"content":{"rendered":"\n<p>Lai var\u0113tu pie\u0146emt noz\u012bm\u012bgus l\u0113mumus par karjeras izv\u0113li, s\u0101kum\u0101 b\u016btiski ir izzin\u0101t sevi: izprast savas intereses, zin\u0101\u0161anas, v\u0113rt\u012bbas, prasmes, sp\u0113jas, motiv\u0101ciju, \u012bpa\u0161\u012bbas un stipr\u0101s puses. Izzinot sevi, b\u016bs ar\u012b viegl\u0101k atlas\u012bt ar karjeru saist\u012btu inform\u0101ciju, izv\u0113rt\u0113jot to, kas der tie\u0161i tev.<\/p>\n\n\n\n<p><strong>KARJERAS IZV\u0112LES TESTI<\/strong><\/p>\n\n\n\n<ul class=\"wp-block-list\">\n<li><a href=\"https:\/\/karjerasmateriali.lv\/testi-par-karjeras-izveli-personibu-interesem-2\/\">https:\/\/karjerasmateriali.lv\/testi-par-karjeras-izveli-personibu-interesem-2\/<\/a> &#8211; da\u017e\u0101di noder\u012bgi karjeras testi.<\/li>\n\n\n\n<li><a href=\"https:\/\/karjerastests.rsu.lv\/\">https:\/\/karjerastests.rsu.lv\/<\/a> &#8211; uzzini savu person\u012bbas tipu un atbilsto\u0161\u0101k\u0101s profesijas.<\/li>\n\n\n\n<li><a href=\"https:\/\/www.alberta-koledza.lv\/?parent=10000&amp;lng=lva\">Tests, kas pal\u012bdz lab\u0101k izprast pa\u0161iem sevi un savu person\u012bbu, kas prec\u012bz\u0101k \u013cauj izv\u0113l\u0113ties turpm\u0101ko izgl\u012bt\u012bbu un\u00a0karjeru.<\/a><\/li>\n\n\n\n<li><a href=\"https:\/\/testi.niid.lv\/\">https:\/\/testi.niid.lv\/<\/a> Noskaidro savas intereses, sp\u0113jas un v\u0113rt\u012bbas<\/li>\n<\/ul>\n\n\n\n<p>Online testi aizpild\u012b\u0161anai ang\u013cu valod\u0101:<\/p>\n\n\n\n<ul class=\"wp-block-list\">\n<li><a href=\"http:\/\/www.assessment.com\/\">http:\/\/www.assessment.com<\/a>\u00a0<\/li>\n\n\n\n<li><a href=\"http:\/\/www.self-directed-search.com\/\">http:\/\/www.self-directed-search.com\/<\/a><\/li>\n\n\n\n<li><a href=\"https:\/\/www.practicereasoningtests.com\/practice-aptitude-tests\/\">https:\/\/www.practicereasoningtests.com\/practice-aptitude-tests\/<\/a><\/li>\n\n\n\n<li><a href=\"https:\/\/lovingyourcareer.org\/career-test-free-aptitude-test-and-quiz\">https:\/\/lovingyourcareer.org\/career-test-free-aptitude-test-and-quiz<\/a><\/li>\n\n\n\n<li><a href=\"https:\/\/www.fintest.io\/tests\/\">https:\/\/www.fintest.io\/tests\/<\/a><\/li>\n\n\n\n<li><a href=\"https:\/\/www.truity.com\/test\/holland-code-career-test\">https:\/\/www.truity.com\/test\/holland-code-career-test<\/a><\/li>\n<\/ul>\n","protected":false},"excerpt":{"rendered":"<p>Lai var\u0113tu pie\u0146emt noz\u012bm\u012bgus l\u0113mumus par karjeras izv\u0113li, s\u0101kum\u0101 b\u016btiski ir izzin\u0101t sevi: izprast savas intereses, zin\u0101\u0161anas, v\u0113rt\u012bbas, prasmes, sp\u0113jas, &hellip; <\/p>\n","protected":false},"author":1,"featured_media":0,"parent":0,"menu_order":0,"comment_status":"closed","ping_status":"closed","template":"","meta":{"_monsterinsights_skip_tracking":false,"_monsterinsights_sitenote_active":false,"_monsterinsights_sitenote_note":"","_monsterinsights_sitenote_category":0,"footnotes":""},"class_list":["post-1893","page","type-page","status-publish","hentry","latest_post"],"aioseo_notices":[],"_links":{"self":[{"href":"https:\/\/marupe.edu.lv\/index.php?rest_route=\/wp\/v2\/pages\/1893","targetHints":{"allow":["GET"]}}],"collection":[{"href":"https:\/\/marupe.edu.lv\/index.php?rest_route=\/wp\/v2\/pages"}],"about":[{"href":"https:\/\/marupe.edu.lv\/index.php?rest_route=\/wp\/v2\/types\/page"}],"author":[{"embeddable":true,"href":"https:\/\/marupe.edu.lv\/index.php?rest_route=\/wp\/v2\/users\/1"}],"replies":[{"embeddable":true,"href":"https:\/\/marupe.edu.lv\/index.php?rest_route=%2Fwp%2Fv2%2Fcomments&post=1893"}],"version-history":[{"count":11,"href":"https:\/\/marupe.edu.lv\/index.php?rest_route=\/wp\/v2\/pages\/1893\/revisions"}],"predecessor-version":[{"id":4342,"href":"https:\/\/marupe.edu.lv\/index.php?rest_route=\/wp\/v2\/pages\/1893\/revisions\/4342"}],"wp:attachment":[{"href":"https:\/\/marupe.edu.lv\/index.php?rest_route=%2Fwp%2Fv2%2Fmedia&parent=1893"}],"curies":[{"name":"wp","href":"https:\/\/api.w.org\/{rel}","templated":true}]}}