{"id":1892,"date":"2021-12-01T10:52:47","date_gmt":"2021-12-01T08:52:47","guid":{"rendered":"https:\/\/marupe.edu.lv\/?page_id=1892"},"modified":"2024-11-07T13:36:36","modified_gmt":"2024-11-07T11:36:36","slug":"konsultacijas","status":"publish","type":"page","link":"https:\/\/marupe.edu.lv\/?page_id=1892","title":{"rendered":"Konsult\u0101cijas"},"content":{"rendered":"\n<p>KARJERAS KONSULT\u0100CIJAS<\/p>\n\n\n\n<p>Ko var ieg\u016bt skol\u0113ns no individu\u0101laj\u0101m konsult\u0101cij\u0101m ar karjeras konsultantu?&nbsp;&nbsp;&nbsp;&nbsp;<\/p>\n\n\n\n<ul class=\"wp-block-list\">\n<li>lab\u0101k izzin\u0101t un apzin\u0101ties savas prasmes, sp\u0113jas, intereses un v\u0113rt\u012bbas,<\/li>\n\n\n\n<li>izv\u0113rt\u0113t savu pieredzi un sasniegumus,<\/li>\n\n\n\n<li>sa\u0146emt atbalstu savas karjeras pl\u0101no\u0161an\u0101,<\/li>\n\n\n\n<li>uzzin\u0101t, kur un k\u0101 mekl\u0113t inform\u0101ciju par izgl\u012bt\u012bbas iesp\u0113j\u0101m Latvij\u0101 un \u0101rvalst\u012bs,<\/li>\n\n\n\n<li>sa\u0146emt atbalstu un ieteikumus piem\u0113rot\u0101k\u0101s profesijas un studiju programmas izv\u0113l\u0113,<\/li>\n\n\n\n<li>sa\u0146emt inform\u0101ciju par profesij\u0101m un darba pasauli,<\/li>\n\n\n\n<li>sagatavot kvalitat\u012bvu CV un motiv\u0101cijas v\u0113stuli,<\/li>\n\n\n\n<li>sagatavoties darba vai prakses intervijai.<\/li>\n<\/ul>\n\n\n\n<figure class=\"wp-block-image size-full is-resized\"><img loading=\"lazy\" decoding=\"async\" width=\"160\" height=\"212\" src=\"https:\/\/marupe.edu.lv\/wp-content\/uploads\/2024\/11\/image.png\" alt=\"\" class=\"wp-image-4339\" style=\"width:145px;height:auto\"\/><\/figure>\n\n\n\n<p>Mg.paed., Mg.sc.educ. ILZE R\u016aTENBERGA<\/p>\n\n\n\n<p>Pieteik\u0161an\u0101s konsult\u0101cijai pa t\u0101lr. 29882143, e-klas\u0113,<\/p>\n\n\n\n<p>e-past\u0101: <a href=\"mailto:ilze.rutenberga@marupe.edu.lv\">ilze.rutenberga@marupe.edu.lv<\/a> &nbsp;vai kl\u0101tien\u0113 1-09.B kab. &nbsp;&nbsp;&nbsp;&nbsp;&nbsp;&nbsp;&nbsp;&nbsp;&nbsp;&nbsp;&nbsp;&nbsp;&nbsp;&nbsp;&nbsp;&nbsp;&nbsp;&nbsp;<\/p>\n\n\n\n<p>Konsult\u0101ciju norise iesp\u0113jama gan kl\u0101tien\u0113, gan att\u0101lin\u0101ti.<\/p>\n\n\n\n<p>Kvalific\u0113tas individu\u0101las konsult\u0101cijas par karjeras izv\u0113les jaut\u0101jumiem skol\u0113niem, studentiem, absolventiem un citiem interesentiem ir iesp\u0113ja sa\u0146emt ar\u012b augstskolu karjeras centros:<\/p>\n\n\n\n<ul class=\"wp-block-list\">\n<li>R\u012bgas Tehnisk\u0101s\u00a0universit\u0101tes (RTU)\u00a0<a href=\"https:\/\/www.rtu.lv\/lv\/studentuserviss\/karjeras-centrs-ssc\" target=\"_blank\" rel=\"noreferrer noopener\">Karjeras centr\u0101<\/a>;<\/li>\n\n\n\n<li>Latvijas Universit\u0101tes (LU)\u00a0<a href=\"https:\/\/www.lu.lv\/studijas\/karjeras-centrs\/\" target=\"_blank\" rel=\"noreferrer noopener\">Karjeras centr\u0101<\/a>;<\/li>\n\n\n\n<li>R\u012bgas Stradi\u0146a universit\u0101tes(RSU)\u00a0<a href=\"https:\/\/www.rsu.lv\/karjeras-centrs\" target=\"_blank\" rel=\"noreferrer noopener\">Karjeras centr\u0101<\/a>;<\/li>\n\n\n\n<li>Daugavpils Universit\u0101tes (DU)\u00a0 <a href=\"https:\/\/du.lv\/par-mums\/struktura\/studejoso-servisa-centrs\/\" target=\"_blank\" rel=\"noreferrer noopener\">Stud\u0113jo\u0161o servisa centr\u0101<\/a><\/li>\n<\/ul>\n","protected":false},"excerpt":{"rendered":"<p>KARJERAS KONSULT\u0100CIJAS Ko var ieg\u016bt skol\u0113ns no individu\u0101laj\u0101m konsult\u0101cij\u0101m ar karjeras konsultantu?&nbsp;&nbsp;&nbsp;&nbsp; Mg.paed., Mg.sc.educ. ILZE R\u016aTENBERGA Pieteik\u0161an\u0101s konsult\u0101cijai pa t\u0101lr. &hellip; <\/p>\n","protected":false},"author":1,"featured_media":0,"parent":0,"menu_order":0,"comment_status":"closed","ping_status":"closed","template":"","meta":{"_monsterinsights_skip_tracking":false,"_monsterinsights_sitenote_active":false,"_monsterinsights_sitenote_note":"","_monsterinsights_sitenote_category":0,"footnotes":""},"class_list":["post-1892","page","type-page","status-publish","hentry","latest_post"],"aioseo_notices":[],"_links":{"self":[{"href":"https:\/\/marupe.edu.lv\/index.php?rest_route=\/wp\/v2\/pages\/1892","targetHints":{"allow":["GET"]}}],"collection":[{"href":"https:\/\/marupe.edu.lv\/index.php?rest_route=\/wp\/v2\/pages"}],"about":[{"href":"https:\/\/marupe.edu.lv\/index.php?rest_route=\/wp\/v2\/types\/page"}],"author":[{"embeddable":true,"href":"https:\/\/marupe.edu.lv\/index.php?rest_route=\/wp\/v2\/users\/1"}],"replies":[{"embeddable":true,"href":"https:\/\/marupe.edu.lv\/index.php?rest_route=%2Fwp%2Fv2%2Fcomments&post=1892"}],"version-history":[{"count":12,"href":"https:\/\/marupe.edu.lv\/index.php?rest_route=\/wp\/v2\/pages\/1892\/revisions"}],"predecessor-version":[{"id":4341,"href":"https:\/\/marupe.edu.lv\/index.php?rest_route=\/wp\/v2\/pages\/1892\/revisions\/4341"}],"wp:attachment":[{"href":"https:\/\/marupe.edu.lv\/index.php?rest_route=%2Fwp%2Fv2%2Fmedia&parent=1892"}],"curies":[{"name":"wp","href":"https:\/\/api.w.org\/{rel}","templated":true}]}}