{"id":1890,"date":"2021-12-01T10:52:47","date_gmt":"2021-12-01T08:52:47","guid":{"rendered":"https:\/\/marupe.edu.lv\/?page_id=1890"},"modified":"2024-11-07T13:34:19","modified_gmt":"2024-11-07T11:34:19","slug":"aktualitates","status":"publish","type":"page","link":"https:\/\/marupe.edu.lv\/?page_id=1890","title":{"rendered":"Aktualit\u0101tes"},"content":{"rendered":"\n<p class=\"has-text-align-center\"><strong>ATV\u0112RTO DURVJU DIENAS IZGL\u012aT\u012aBAS\u00a0 IEST\u0100D\u0112S 2024.\/2025. M\u0100C\u012aBU GAD\u0100<\/strong><\/p>\n\n\n\n<p><\/p>\n\n\n\n<p><strong><em><a href=\"https:\/\/www.niid.lv\/infodienas\" title=\"NIID.LV\">NIID.LV<\/a> apkopot\u0101 inform\u0101cija tiek regul\u0101ri papildin\u0101ta!<\/em><\/strong><\/p>\n\n\n\n<p>Izgl\u012bt\u012bbas iest\u0101des aicina ikvienu apmekl\u0113t atv\u0113rto durvju un inform\u0101cijas dienas, k\u0101 ar\u012b citus izgl\u012bt\u012bbas un karjeras tematikai velt\u012btus pas\u0101kumus. Ja epidemiolo\u0123isko ierobe\u017eojumu d\u0113\u013c nav iesp\u0113jams pas\u0101kumus apmekl\u0113t kl\u0101tien\u0113, tad ikvienam ir iesp\u0113ja piedal\u012bties pas\u0101kumu tie\u0161raid\u0113s vai noskat\u012bties\u00a0\u00a0tie\u0161rai\u017eu ierakstus un virtu\u0101l\u0101s t\u016bres.<\/p>\n\n\n\n<p>Lai iepaz\u012bstin\u0101tu topo\u0161os studentus ar m\u0101c\u012bbu iesp\u0113j\u0101m, programm\u0101m, pasniedz\u0113jiem, m\u0101c\u012bbu procesu un vidi, k\u0101 ar\u012b sporta un atp\u016btas iesp\u0113j\u0101m, dienesta viesn\u012bc\u0101m, bibliot\u0113k\u0101m, augstskolas, koled\u017eas un profesion\u0101l\u0101s izgl\u012bt\u012bbas iest\u0101des pied\u0101v\u0101 apmekl\u0113t atv\u0113rto durvju dienu&nbsp;pas\u0101kumus tie\u0161saistes&nbsp;re\u017e\u012bm\u0101. T\u0101pat ikvienam interesentam ir iesp\u0113ja pieteikties daudzveid\u012bgiem izgl\u012bt\u012bbai un karjerai velt\u012btiem tie\u0161saistes pas\u0101kumiem, kas var pal\u012bdz\u0113t turpm\u0101k\u0101s karjeras izv\u0113l\u0113.<\/p>\n","protected":false},"excerpt":{"rendered":"<p>ATV\u0112RTO DURVJU DIENAS IZGL\u012aT\u012aBAS\u00a0 IEST\u0100D\u0112S 2024.\/2025. M\u0100C\u012aBU GAD\u0100 NIID.LV apkopot\u0101 inform\u0101cija tiek regul\u0101ri papildin\u0101ta! Izgl\u012bt\u012bbas iest\u0101des aicina ikvienu apmekl\u0113t atv\u0113rto &hellip; <\/p>\n","protected":false},"author":1,"featured_media":0,"parent":0,"menu_order":0,"comment_status":"closed","ping_status":"closed","template":"","meta":{"_monsterinsights_skip_tracking":false,"_monsterinsights_sitenote_active":false,"_monsterinsights_sitenote_note":"","_monsterinsights_sitenote_category":0,"footnotes":""},"class_list":["post-1890","page","type-page","status-publish","hentry","latest_post"],"aioseo_notices":[],"_links":{"self":[{"href":"https:\/\/marupe.edu.lv\/index.php?rest_route=\/wp\/v2\/pages\/1890","targetHints":{"allow":["GET"]}}],"collection":[{"href":"https:\/\/marupe.edu.lv\/index.php?rest_route=\/wp\/v2\/pages"}],"about":[{"href":"https:\/\/marupe.edu.lv\/index.php?rest_route=\/wp\/v2\/types\/page"}],"author":[{"embeddable":true,"href":"https:\/\/marupe.edu.lv\/index.php?rest_route=\/wp\/v2\/users\/1"}],"replies":[{"embeddable":true,"href":"https:\/\/marupe.edu.lv\/index.php?rest_route=%2Fwp%2Fv2%2Fcomments&post=1890"}],"version-history":[{"count":16,"href":"https:\/\/marupe.edu.lv\/index.php?rest_route=\/wp\/v2\/pages\/1890\/revisions"}],"predecessor-version":[{"id":4338,"href":"https:\/\/marupe.edu.lv\/index.php?rest_route=\/wp\/v2\/pages\/1890\/revisions\/4338"}],"wp:attachment":[{"href":"https:\/\/marupe.edu.lv\/index.php?rest_route=%2Fwp%2Fv2%2Fmedia&parent=1890"}],"curies":[{"name":"wp","href":"https:\/\/api.w.org\/{rel}","templated":true}]}}