{"id":1881,"date":"2021-11-30T20:29:45","date_gmt":"2021-11-30T18:29:45","guid":{"rendered":"https:\/\/marupe.edu.lv\/?page_id=1881"},"modified":"2022-09-21T08:41:44","modified_gmt":"2022-09-21T06:41:44","slug":"esf-projekti","status":"publish","type":"page","link":"https:\/\/marupe.edu.lv\/?page_id=1881","title":{"rendered":"ESF Projekti"},"content":{"rendered":"\n<h2 class=\"has-text-align-center wp-block-heading\">Atbalsts izgl\u012btojamo individu\u0101lo kompeten\u010du att\u012bst\u012bbai<\/h2>\n\n\n\n<h3 class=\"wp-block-heading\">Projekta numurs: <\/h3>\n\n\n\n<p>8.3.2.2\/16\/I\/001<\/p>\n\n\n\n<h3 class=\"wp-block-heading\">Projekta \u012bsteno\u0161anas termi\u0146\u0161: <\/h3>\n\n\n\n<p>2017.gada 20. marts \u2013 2022. gada 31. maijs. <\/p>\n\n\n\n<h3 class=\"wp-block-heading\">Projekta m\u0113r\u0137is: <\/h3>\n\n\n\n<p>Nodro\u0161in\u0101t Latvijas izgl\u012bt\u012bbas pakalpojumu daudzveid\u012bbu, kas balst\u012bti uz individu\u0101l\u0101s m\u0101c\u012bbu pieejas att\u012bst\u012bbu un inodro\u0161in\u0101t Latvijas izgl\u012bt\u012bbas pakalpojumu daudzveid\u012bbu, kas balst\u012bti uz individu\u0101l\u0101s m\u0101c\u012bbu pieejas att\u012bst\u012bbu un ievie\u0161anu visp\u0101r\u0113j\u0101s izgl\u012bt\u012bbas iest\u0101d\u0113s, t\u0101d\u0113j\u0101di uzlabojot izgl\u012btojamo kompetences un m\u0101c\u012bbu sasniegumus. Projekta \u012bsteno\u0161anas rezult\u0101t\u0101 vis\u0101 Latvijas teritorij\u0101 vismaz 253 visp\u0101r\u0113j\u0101s izgl\u012bt\u012bbas iest\u0101des b\u016bs izstr\u0101d\u0101ju\u0161as un ieviesu\u0161as to izgl\u012btojamo vajadz\u012bb\u0101m atbilsto\u0161as individu\u0101l\u0101s pieejas m\u0101c\u012bbu sasniegumu veicin\u0101\u0161anai &#8211; ieviesu\u0161as jaunas m\u0101c\u012bbu pieejas formas m\u0101c\u012bbu satura apguvei (individualiz\u0113t\u0101s nodarb\u012bbas, nodarb\u012bbu cikli, m\u0101c\u012bbu viz\u012btes, u.c.), k\u0101 ar\u012b nodro\u0161in\u0101ju\u0161as alternat\u012bvu neform\u0101l\u0101s izgl\u012bt\u012bbas pas\u0101kumu kopu (tematisk\u0101s nometnes, konkursus, inovat\u012bvas intere\u0161u izgl\u012bt\u012bbas programmas (t.sk. STEM jom\u0101), u.c.) un t\u0101m b\u016bs pieejama visaptvero\u0161a atbalsta sist\u0113ma (\u0101rvalstu metodikas un datu kr\u0101tuves), k\u0101 ar\u012b pedagogu profesion\u0101l\u0101s pilnveides pas\u0101kumus.<\/p>\n\n\n\n<figure class=\"wp-block-image size-full\"><img loading=\"lazy\" decoding=\"async\" width=\"964\" height=\"229\" src=\"https:\/\/marupe.edu.lv\/wp-content\/uploads\/2022\/09\/Screenshot_1.png\" alt=\"\" class=\"wp-image-2749\" srcset=\"https:\/\/marupe.edu.lv\/wp-content\/uploads\/2022\/09\/Screenshot_1.png 964w, https:\/\/marupe.edu.lv\/wp-content\/uploads\/2022\/09\/Screenshot_1-300x71.png 300w, https:\/\/marupe.edu.lv\/wp-content\/uploads\/2022\/09\/Screenshot_1-768x182.png 768w\" sizes=\"auto, (max-width: 964px) 100vw, 964px\" \/><\/figure>\n\n\n\n<h2 class=\"has-text-align-center wp-block-heading\">Karjeras atbalsts visp\u0101r\u0113j\u0101s un profesion\u0101l\u0101s izgl\u012bt\u012bbas iest\u0101d\u0113s<\/h2>\n\n\n\n<h3 class=\"wp-block-heading\">Projekta numurs:  <\/h3>\n\n\n\n<p>8.3.5.0\/16\/I\/001<\/p>\n\n\n\n<h3 class=\"wp-block-heading\">Projekta \u012bsteno\u0161anas termi\u0146\u0161: <\/h3>\n\n\n\n<p>2017.gada 20. marts \u2013 2022. gada 31. maijs. <\/p>\n\n\n\n<h3 class=\"wp-block-heading\">Projekta m\u0113r\u0137is:<\/h3>\n\n\n\n<p>Uzlabot pieeju karjeras atbalstam izgl\u012btojamiem visp\u0101r\u0113j\u0101s un profesion\u0101l\u0101s izgl\u012bt\u012bbas iest\u0101d\u0113s:<\/p>\n\n\n\n<ul class=\"wp-block-list\"><li>nodro\u0161in\u0101t karjeras vad\u012bbas prasmju apguvi skol\u0101s;<\/li><li>celt izpratni un inform\u0113t\u012bbu par t\u0101l\u0101k\u0101s izgl\u012bt\u012bbas ce\u013ciem un izv\u0113l\u0113m;<\/li><li>motiv\u0113t profesijas un nodarbin\u0101t\u012bbas izv\u0113lei atbilsto\u0161i sav\u0101m interes\u0113m,&nbsp;&nbsp; sp\u0113jam, sabiedr\u012bbas un darba tirgus pied\u0101v\u0101jumam un vajadz\u012bb\u0101m.<\/li><\/ul>\n\n\n\n<p><br>2021.\/2022.m.g. projekta ietvaros str\u0101d\u0101 divi pedagogi-karjeras konsultanti Ilze R\u016btenberga un Viktorija Ziedi\u0146a.&nbsp;<strong>&nbsp;<\/strong><\/p>\n\n\n\n<figure class=\"wp-block-image\"><img loading=\"lazy\" decoding=\"async\" width=\"836\" height=\"142\" src=\"https:\/\/marupe.edu.lv\/wp-content\/uploads\/2021\/11\/image.png\" alt=\"\" class=\"wp-image-1879\" srcset=\"https:\/\/marupe.edu.lv\/wp-content\/uploads\/2021\/11\/image.png 836w, https:\/\/marupe.edu.lv\/wp-content\/uploads\/2021\/11\/image-300x51.png 300w, https:\/\/marupe.edu.lv\/wp-content\/uploads\/2021\/11\/image-768x130.png 768w\" sizes=\"auto, (max-width: 836px) 100vw, 836px\" \/><\/figure>\n","protected":false},"excerpt":{"rendered":"<p>Atbalsts izgl\u012btojamo individu\u0101lo kompeten\u010du att\u012bst\u012bbai Projekta numurs: 8.3.2.2\/16\/I\/001 Projekta \u012bsteno\u0161anas termi\u0146\u0161: 2017.gada 20. marts \u2013 2022. gada 31. maijs. Projekta &hellip; <\/p>\n","protected":false},"author":1,"featured_media":0,"parent":0,"menu_order":0,"comment_status":"closed","ping_status":"closed","template":"","meta":{"_monsterinsights_skip_tracking":false,"_monsterinsights_sitenote_active":false,"_monsterinsights_sitenote_note":"","_monsterinsights_sitenote_category":0,"footnotes":""},"class_list":["post-1881","page","type-page","status-publish","hentry","latest_post"],"aioseo_notices":[],"_links":{"self":[{"href":"https:\/\/marupe.edu.lv\/index.php?rest_route=\/wp\/v2\/pages\/1881","targetHints":{"allow":["GET"]}}],"collection":[{"href":"https:\/\/marupe.edu.lv\/index.php?rest_route=\/wp\/v2\/pages"}],"about":[{"href":"https:\/\/marupe.edu.lv\/index.php?rest_route=\/wp\/v2\/types\/page"}],"author":[{"embeddable":true,"href":"https:\/\/marupe.edu.lv\/index.php?rest_route=\/wp\/v2\/users\/1"}],"replies":[{"embeddable":true,"href":"https:\/\/marupe.edu.lv\/index.php?rest_route=%2Fwp%2Fv2%2Fcomments&post=1881"}],"version-history":[{"count":4,"href":"https:\/\/marupe.edu.lv\/index.php?rest_route=\/wp\/v2\/pages\/1881\/revisions"}],"predecessor-version":[{"id":2752,"href":"https:\/\/marupe.edu.lv\/index.php?rest_route=\/wp\/v2\/pages\/1881\/revisions\/2752"}],"wp:attachment":[{"href":"https:\/\/marupe.edu.lv\/index.php?rest_route=%2Fwp%2Fv2%2Fmedia&parent=1881"}],"curies":[{"name":"wp","href":"https:\/\/api.w.org\/{rel}","templated":true}]}}