{"id":1632,"date":"2021-09-09T19:27:04","date_gmt":"2021-09-09T17:27:04","guid":{"rendered":"https:\/\/marupe.edu.lv\/?page_id=1632"},"modified":"2025-08-25T15:29:52","modified_gmt":"2025-08-25T13:29:52","slug":"simbolika","status":"publish","type":"page","link":"https:\/\/marupe.edu.lv\/?page_id=1632","title":{"rendered":"Simbolika"},"content":{"rendered":"\n<h1 class=\"wp-block-heading has-text-align-center\">Skolas logo<\/h1>\n\n\n<div class=\"wp-block-image\">\n<figure class=\"aligncenter size-large is-resized\"><img loading=\"lazy\" decoding=\"async\" width=\"980\" height=\"1024\" src=\"https:\/\/marupe.edu.lv\/wp-content\/uploads\/2025\/08\/melns-ar-teksta-980x1024.png\" alt=\"\" class=\"wp-image-4804\" style=\"width:188px;height:auto\" srcset=\"https:\/\/marupe.edu.lv\/wp-content\/uploads\/2025\/08\/melns-ar-teksta-980x1024.png 980w, https:\/\/marupe.edu.lv\/wp-content\/uploads\/2025\/08\/melns-ar-teksta-287x300.png 287w, https:\/\/marupe.edu.lv\/wp-content\/uploads\/2025\/08\/melns-ar-teksta-768x802.png 768w, https:\/\/marupe.edu.lv\/wp-content\/uploads\/2025\/08\/melns-ar-teksta.png 1181w\" sizes=\"auto, (max-width: 980px) 100vw, 980px\" \/><\/figure>\n<\/div>\n\n\n<p><\/p>\n\n\n\n<h2 class=\"wp-block-heading has-text-align-center\">M\u0101rupes Valsts \u0123imn\u0101zijas himna<\/h2>\n\n\n\n<p class=\"has-text-align-center\">M\u0101rup\u012bte, M\u0101rup\u012bte,<br>Tavos krastos lazdas zied.<br>M\u0101rup\u012btes baltie b\u0113rzi<br>L\u012bdz pat j\u016brai aug.<br>T\u0101 k\u0101 balto b\u0113rzu \u0161alkas<br>\u0160\u016bpo valsis m\u016bs.<\/p>\n\n\n\n<p class=\"has-text-align-center\">M\u0101rup\u012bte, M\u0101rup\u012bte,<br>Tev ir zemes sp\u0113ka daudz.<br>M\u0101rup\u012btes smil\u0161u zem\u0113<br>Vir\u0161i rude\u0146os zied.<br>T\u0101 k\u0101 rudens vir\u0161u dziesma<br>\u0160\u016bpo valsis m\u016bs.<\/p>\n\n\n\n<p class=\"has-text-align-center\">M\u0101rup\u012bte, M\u0101rup\u012bte,<br>Tev ir gai\u0161a prieka daudz.<br>Tavos krastos m\u016bsu skolas<br>Darba dienas skan.<br>Maz\u0101s k\u0101jas, biklie so\u013ci<br>Vals\u012b \u0161\u016bpo m\u016bs. <\/p>\n\n\n\n<p class=\"has-text-align-center\">M\u0101rup\u012bte, M\u0101rup\u012bte,<br>Lieli izaugsim visi m\u0113s,<br>Un pa balto skolas ce\u013cu<br>Dz\u012bv\u0113 aiziesim.<br>Atmi\u0146as un skolas zvani<br>Vals\u012b \u0161\u016bpo m\u016bs.<\/p>\n\n\n\n<p class=\"has-text-align-right\"><em>M\u0101rup\u012btes valsis<br>A.Liepa, A.Androvica, J.Sildegs<\/em><\/p>\n\n\n\n<p><\/p>\n\n\n\n<p><\/p>\n\n\n\n<p><br><\/p>\n","protected":false},"excerpt":{"rendered":"<p>Skolas logo M\u0101rupes Valsts \u0123imn\u0101zijas himna M\u0101rup\u012bte, M\u0101rup\u012bte,Tavos krastos lazdas zied.M\u0101rup\u012btes baltie b\u0113rziL\u012bdz pat j\u016brai aug.T\u0101 k\u0101 balto b\u0113rzu \u0161alkas\u0160\u016bpo &hellip; <\/p>\n","protected":false},"author":1,"featured_media":0,"parent":0,"menu_order":0,"comment_status":"closed","ping_status":"closed","template":"","meta":{"_monsterinsights_skip_tracking":false,"_monsterinsights_sitenote_active":false,"_monsterinsights_sitenote_note":"","_monsterinsights_sitenote_category":0,"footnotes":""},"class_list":["post-1632","page","type-page","status-publish","hentry","latest_post"],"aioseo_notices":[],"_links":{"self":[{"href":"https:\/\/marupe.edu.lv\/index.php?rest_route=\/wp\/v2\/pages\/1632","targetHints":{"allow":["GET"]}}],"collection":[{"href":"https:\/\/marupe.edu.lv\/index.php?rest_route=\/wp\/v2\/pages"}],"about":[{"href":"https:\/\/marupe.edu.lv\/index.php?rest_route=\/wp\/v2\/types\/page"}],"author":[{"embeddable":true,"href":"https:\/\/marupe.edu.lv\/index.php?rest_route=\/wp\/v2\/users\/1"}],"replies":[{"embeddable":true,"href":"https:\/\/marupe.edu.lv\/index.php?rest_route=%2Fwp%2Fv2%2Fcomments&post=1632"}],"version-history":[{"count":12,"href":"https:\/\/marupe.edu.lv\/index.php?rest_route=\/wp\/v2\/pages\/1632\/revisions"}],"predecessor-version":[{"id":4808,"href":"https:\/\/marupe.edu.lv\/index.php?rest_route=\/wp\/v2\/pages\/1632\/revisions\/4808"}],"wp:attachment":[{"href":"https:\/\/marupe.edu.lv\/index.php?rest_route=%2Fwp%2Fv2%2Fmedia&parent=1632"}],"curies":[{"name":"wp","href":"https:\/\/api.w.org\/{rel}","templated":true}]}}