{"id":1623,"date":"2021-09-09T19:25:38","date_gmt":"2021-09-09T17:25:38","guid":{"rendered":"https:\/\/marupe.edu.lv\/?page_id=1623"},"modified":"2024-07-02T13:15:14","modified_gmt":"2024-07-02T11:15:14","slug":"par-skolu","status":"publish","type":"page","link":"https:\/\/marupe.edu.lv\/?page_id=1623","title":{"rendered":"Par skolu"},"content":{"rendered":"\n<h2 class=\"wp-block-heading has-text-color\" style=\"color:#0048a3\">MISIJA<\/h2>\n\n\n\n<p>M\u0101rupes Valsts \u0123imn\u0101zija nodro\u0161ina kvalitat\u012bvu, vispus\u012bgu un pieejamu izgl\u012bt\u012bbu, kas atbalsta katra cilv\u0113ka individu\u0101lo att\u012bst\u012bbu.<\/p>\n\n\n\n<h2 class=\"wp-block-heading has-text-color\" style=\"color:#0048a3\">V\u012aZIJA<\/h2>\n\n\n\n<p>M\u0101rupes Valsts \u0123imn\u0101zija ir starptautiski atpaz\u012bstama skola &#8211; metodiskais centrs, kur\u0161 ievie\u0161 inov\u0101cijas izgl\u012bt\u012bbas proces\u0101 un rada iesp\u0113ju visiem iesaist\u012btajiem sasniegt un realiz\u0113t savu augst\u0101ko potenci\u0101lu dinamiskaj\u0101 vid\u0113.&nbsp;<\/p>\n\n\n\n<h2 class=\"wp-block-heading has-text-color\" style=\"color:#0048a3\">V\u012aZIJA PAR IZGL\u012aTOJAMO<\/h2>\n\n\n\n<p>Skol\u0113ns* pa\u0161vad\u012bti m\u0101c\u0101s, izv\u0113las piem\u0113rot\u0101ko m\u0101c\u012b\u0161an\u0101s strat\u0113\u0123iju un maksim\u0101li izmanto savu potenci\u0101lu.<\/p>\n\n\n\n<h2 class=\"wp-block-heading has-text-color\" style=\"color:#0048a3\">M\u0112R\u0136IS<\/h2>\n\n\n\n<p>Izveidot sist\u0113mu, kur skol\u0113ns*pa\u0161vad\u012bti m\u0101c\u0101s, izmanto atbilsto\u0161as strat\u0113\u0123ijas un maksim\u0101li izmanto savu potenci\u0101lu.<\/p>\n\n\n\n<p><\/p>\n\n\n\n<p class=\"has-text-align-right has-small-font-size\">*S\u0101kumskol\u0101 \u2013 ar skolot\u0101ja pal\u012bdz\u012bbu, pamatskol\u0101 \u2013 konsult\u0113joties ar skolot\u0101ju, vidusskol\u0101 \u2013 patst\u0101v\u012bgi<\/p>\n","protected":false},"excerpt":{"rendered":"<p>MISIJA M\u0101rupes Valsts \u0123imn\u0101zija nodro\u0161ina kvalitat\u012bvu, vispus\u012bgu un pieejamu izgl\u012bt\u012bbu, kas atbalsta katra cilv\u0113ka individu\u0101lo att\u012bst\u012bbu. V\u012aZIJA M\u0101rupes Valsts \u0123imn\u0101zija &hellip; <\/p>\n","protected":false},"author":1,"featured_media":0,"parent":0,"menu_order":0,"comment_status":"closed","ping_status":"closed","template":"","meta":{"_monsterinsights_skip_tracking":false,"_monsterinsights_sitenote_active":false,"_monsterinsights_sitenote_note":"","_monsterinsights_sitenote_category":0,"footnotes":""},"class_list":["post-1623","page","type-page","status-publish","hentry","latest_post"],"aioseo_notices":[],"_links":{"self":[{"href":"https:\/\/marupe.edu.lv\/index.php?rest_route=\/wp\/v2\/pages\/1623","targetHints":{"allow":["GET"]}}],"collection":[{"href":"https:\/\/marupe.edu.lv\/index.php?rest_route=\/wp\/v2\/pages"}],"about":[{"href":"https:\/\/marupe.edu.lv\/index.php?rest_route=\/wp\/v2\/types\/page"}],"author":[{"embeddable":true,"href":"https:\/\/marupe.edu.lv\/index.php?rest_route=\/wp\/v2\/users\/1"}],"replies":[{"embeddable":true,"href":"https:\/\/marupe.edu.lv\/index.php?rest_route=%2Fwp%2Fv2%2Fcomments&post=1623"}],"version-history":[{"count":7,"href":"https:\/\/marupe.edu.lv\/index.php?rest_route=\/wp\/v2\/pages\/1623\/revisions"}],"predecessor-version":[{"id":4084,"href":"https:\/\/marupe.edu.lv\/index.php?rest_route=\/wp\/v2\/pages\/1623\/revisions\/4084"}],"wp:attachment":[{"href":"https:\/\/marupe.edu.lv\/index.php?rest_route=%2Fwp%2Fv2%2Fmedia&parent=1623"}],"curies":[{"name":"wp","href":"https:\/\/api.w.org\/{rel}","templated":true}]}}