{"id":1326,"date":"2021-08-17T07:02:15","date_gmt":"2021-08-17T05:02:15","guid":{"rendered":"https:\/\/marupe.edu.lv\/?page_id=1326"},"modified":"2026-02-23T16:53:24","modified_gmt":"2026-02-23T14:53:24","slug":"edinasana","status":"publish","type":"page","link":"https:\/\/marupe.edu.lv\/?page_id=1326","title":{"rendered":"\u0112din\u0101\u0161ana"},"content":{"rendered":"\n<p>S\u0101kot ar 28.10.2024 ir main\u012bjusies \u0113dienkar\u0161u izstr\u0101des sist\u0113ma, turpm\u0101k b\u016bs 4. ned\u0113\u013cu \u0113dienkartes kuras main\u012bsies sozon\u0101li.<\/p>\n\n\n\n<figure class=\"wp-block-table\"><table><tbody><tr><td><strong>Ned\u0113\u013ca<\/strong><\/td><td><strong>\u0112dienkarte<\/strong><\/td><\/tr><tr><td>01.12 &#8211; 05.12<\/td><td><a href=\"https:\/\/drive.google.com\/drive\/folders\/1-wtlfrjSiS1QpJooEgHk7-GRpD5j_3v5?usp=drive_link\" target=\"_blank\" rel=\"noopener\" title=\".ned\u0113\u013ca\">4.ned\u0113\u013ca<\/a><\/td><\/tr><tr><td>02.03 &#8211; 06.03<\/td><td><a href=\"https:\/\/drive.google.com\/drive\/folders\/1-wtlfrjSiS1QpJooEgHk7-GRpD5j_3v5?usp=drive_link\" target=\"_blank\" rel=\"noopener\" title=\".ned\u0113\u013ca\">1.ned\u0113\u013ca<\/a><\/td><\/tr><tr><td>16.03 &#8211; 20.03<\/td><td><a href=\"https:\/\/drive.google.com\/drive\/folders\/1-xky034jYj7gBpQsLtjSPVF_Uk6JWbI8?usp=drive_link\" target=\"_blank\" rel=\"noopener\" title=\"3.ned\u0113\u013ca\">3.ned\u0113\u013ca<\/a><\/td><\/tr><tr><td>23.03 &#8211; 27.03<\/td><td><a href=\"https:\/\/drive.google.com\/drive\/folders\/1-xky034jYj7gBpQsLtjSPVF_Uk6JWbI8?usp=drive_link\" target=\"_blank\" rel=\"noopener\" title=\"3.ned\u0113\u013ca\">4.ned\u0113\u013ca<\/a><\/td><\/tr><tr><td>30.03 &#8211; 02.03<\/td><td><a href=\"https:\/\/drive.google.com\/drive\/folders\/1-wtlfrjSiS1QpJooEgHk7-GRpD5j_3v5?usp=drive_link\" target=\"_blank\" rel=\"noopener\" title=\".ned\u0113\u013ca\">1.ned\u0113\u013ca<\/a><\/td><\/tr><tr><td>07.04 &#8211; 10.04<\/td><td><a href=\"https:\/\/drive.google.com\/drive\/folders\/1-x3YlzyVY_xM-jVSC_SEOwOJelSWzPvu?usp=sharing\" target=\"_blank\" rel=\"noopener\" title=\"2.ned\u0113\u013ca\">2.ned\u0113\u013ca<\/a><\/td><\/tr><tr><td>13.04 &#8211; 17.04<\/td><td><a href=\"https:\/\/drive.google.com\/drive\/folders\/1-xky034jYj7gBpQsLtjSPVF_Uk6JWbI8?usp=drive_link\" target=\"_blank\" rel=\"noopener\" title=\"3.ned\u0113\u013ca\">3.ned\u0113\u013ca<\/a><\/td><\/tr><tr><td>20.04 &#8211; 24.04<\/td><td><a href=\"https:\/\/drive.google.com\/drive\/folders\/1A9ikzQG3e3q9Yn57z_z4n8n_oSHRM0MU?usp=drive_link\" target=\"_blank\" rel=\"noopener\" title=\"4.ned\u0113\u013ca\">4.ned\u0113\u013ca<\/a><\/td><\/tr><tr><td>27.04 &#8211; 30.04<\/td><td><a href=\"https:\/\/drive.google.com\/drive\/folders\/1-wtlfrjSiS1QpJooEgHk7-GRpD5j_3v5?usp=drive_link\" target=\"_blank\" rel=\"noopener\" title=\".ned\u0113\u013ca\">1.ned\u0113\u013ca<\/a><\/td><\/tr><tr><td>05.05 &#8211; 08.08<\/td><td><a href=\"https:\/\/drive.google.com\/drive\/folders\/1-x3YlzyVY_xM-jVSC_SEOwOJelSWzPvu?usp=sharing\" target=\"_blank\" rel=\"noopener\" title=\"2.ned\u0113\u013ca\">2.ned\u0113\u013ca<\/a><\/td><\/tr><tr><td>11.05 &#8211; 15.05<\/td><td><a href=\"https:\/\/drive.google.com\/drive\/folders\/1-xky034jYj7gBpQsLtjSPVF_Uk6JWbI8?usp=drive_link\" target=\"_blank\" rel=\"noopener\" title=\"3.ned\u0113\u013ca\">3.ned\u0113\u013ca<\/a><\/td><\/tr><tr><td>18.05 &#8211; 22.05<\/td><td><a href=\"https:\/\/drive.google.com\/drive\/folders\/1A9ikzQG3e3q9Yn57z_z4n8n_oSHRM0MU?usp=drive_link\" target=\"_blank\" rel=\"noopener\" title=\"4.ned\u0113\u013ca\">4.ned\u0113\u013ca<\/a><\/td><\/tr><tr><td>25.05 &#8211; 29.05<\/td><td><a href=\"https:\/\/drive.google.com\/drive\/folders\/1-wtlfrjSiS1QpJooEgHk7-GRpD5j_3v5?usp=drive_link\" target=\"_blank\" rel=\"noopener\" title=\".ned\u0113\u013ca\">1.ned\u0113\u013ca<\/a><\/td><\/tr><\/tbody><\/table><\/figure>\n\n\n\n<h2 class=\"wp-block-heading has-text-align-center\"><strong>Nor\u0113\u0137ini par skol\u0113nu \u0113din\u0101\u0161anu<\/strong><\/h2>\n\n\n\n<p class=\"has-medium-font-size\"><strong>1.-4.klasei<\/strong>:<\/p>\n\n\n\n<p class=\"has-text-align-left has-normal-font-size\">Pusdienas tiek apmaks\u0101tas no valsts un pa\u0161vald\u012bbas l\u012bdzek\u013ciem.<br>Apmaksu par launagu 1,50 \u20ac (viena reize) * 5 dienas = 7.50\u20ac veic vec\u0101ki l\u012bdz ceturtdienas vakaram. To var izdar\u012bt &#8211; ar<br>p\u0101rskait\u012bjumu uz <strong>SIA \u201cAniva\u201d nor\u0113\u0137inu kontu:<\/strong><br>   &nbsp;SIA Aniva konts<br>    LV50003115551<br>    A\/S Citadele banka<br>    LV58PARX0001301100010<br>    PARXLV22<br><strong>Maks\u0101juma m\u0113r\u0137i nor\u0101d\u012bt \u0113d\u0101ja v\u0101rdu, uzv\u0101rdu un klasi.<br>J<\/strong>a gad\u012bjum\u0101 b\u0113rns nav skol\u0101 (da\u017e\u0101du apst\u0101k\u013cu d\u0113\u013c), vec\u0101ki veic ar\u012b launaga atteik\u0161anu \u0113din\u0101t\u0101jam mob.tel. <strong>28 343 200<\/strong><\/p>\n\n\n\n<p class=\"has-medium-font-size\"><strong>5.-12. klas\u0113m:<\/strong><\/p>\n\n\n\n<p>Pusdienu apmaksu veic skol\u0113ni vai vi\u0146u vec\u0101ki.<br>Apmaksas veidi:<\/p>\n\n\n\n<ol class=\"wp-block-list has-normal-font-size\">\n<li>Ar bankas maks\u0101\u0161anas karti, kuru var \u201cnop\u012bkstin\u0101t\u201d, ieg\u0101d\u0101joties pusdienas.<br>vai<\/li>\n\n\n\n<li>Nor\u0113\u0137in\u0101ties ar skaidru naudu pie kases (v\u0113lams \u0161o nor\u0113\u0137ina veidu izmanto\u0161anu mazin\u0101t).<\/li>\n<\/ol>\n","protected":false},"excerpt":{"rendered":"<p>S\u0101kot ar 28.10.2024 ir main\u012bjusies \u0113dienkar\u0161u izstr\u0101des sist\u0113ma, turpm\u0101k b\u016bs 4. ned\u0113\u013cu \u0113dienkartes kuras main\u012bsies sozon\u0101li. Ned\u0113\u013ca \u0112dienkarte 01.12 &#8211; &hellip; <\/p>\n","protected":false},"author":1,"featured_media":0,"parent":0,"menu_order":0,"comment_status":"closed","ping_status":"closed","template":"","meta":{"_monsterinsights_skip_tracking":false,"_monsterinsights_sitenote_active":false,"_monsterinsights_sitenote_note":"","_monsterinsights_sitenote_category":0,"footnotes":""},"class_list":["post-1326","page","type-page","status-publish","hentry","latest_post"],"aioseo_notices":[],"_links":{"self":[{"href":"https:\/\/marupe.edu.lv\/index.php?rest_route=\/wp\/v2\/pages\/1326","targetHints":{"allow":["GET"]}}],"collection":[{"href":"https:\/\/marupe.edu.lv\/index.php?rest_route=\/wp\/v2\/pages"}],"about":[{"href":"https:\/\/marupe.edu.lv\/index.php?rest_route=\/wp\/v2\/types\/page"}],"author":[{"embeddable":true,"href":"https:\/\/marupe.edu.lv\/index.php?rest_route=\/wp\/v2\/users\/1"}],"replies":[{"embeddable":true,"href":"https:\/\/marupe.edu.lv\/index.php?rest_route=%2Fwp%2Fv2%2Fcomments&post=1326"}],"version-history":[{"count":129,"href":"https:\/\/marupe.edu.lv\/index.php?rest_route=\/wp\/v2\/pages\/1326\/revisions"}],"predecessor-version":[{"id":5096,"href":"https:\/\/marupe.edu.lv\/index.php?rest_route=\/wp\/v2\/pages\/1326\/revisions\/5096"}],"wp:attachment":[{"href":"https:\/\/marupe.edu.lv\/index.php?rest_route=%2Fwp%2Fv2%2Fmedia&parent=1326"}],"curies":[{"name":"wp","href":"https:\/\/api.w.org\/{rel}","templated":true}]}}