{"id":1322,"date":"2021-08-17T07:01:01","date_gmt":"2021-08-17T05:01:01","guid":{"rendered":"https:\/\/marupe.edu.lv\/?page_id=1322"},"modified":"2025-09-11T10:22:15","modified_gmt":"2025-09-11T08:22:15","slug":"atbalsta-personals","status":"publish","type":"page","link":"https:\/\/marupe.edu.lv\/?page_id=1322","title":{"rendered":"Atbalsta person\u0101ls"},"content":{"rendered":"\n<h2 class=\"wp-block-heading\">&nbsp;<strong>Skolas psiholo\u0123es<\/strong>:<\/h2>\n\n\n\n<ul class=\"wp-block-list\">\n<li>Pal\u012bdz skol\u0113niem, vec\u0101kiem un skolot\u0101jiem nov\u0113rst psiholo\u0123iskas probl\u0113mas, kas rada trauc\u0113jumus m\u0101c\u012bbu&nbsp;proces\u0101, str\u0101d\u0101 ar b\u0113rnu un \u0123imeni individu\u0101li.<\/li>\n\n\n\n<li>Veicina skolot\u0101ju, skol\u0113nu un vec\u0101ku savstarp\u0113ju sadarb\u012bbu.<\/li>\n\n\n\n<li>Pal\u012bdz skol\u0113niem iejusties skolas vid\u0113.<\/li>\n\n\n\n<li>Iev\u0113ro konfidencialit\u0101ti.<\/li>\n<\/ul>\n\n\n\n<div class=\"wp-block-group\"><div class=\"wp-block-group__inner-container is-layout-flow wp-block-group-is-layout-flow\">\n<div class=\"wp-block-group\"><div class=\"wp-block-group__inner-container is-layout-flow wp-block-group-is-layout-flow\">\n<figure class=\"wp-block-gallery has-nested-images columns-default is-cropped wp-block-gallery-1 is-layout-flex wp-block-gallery-is-layout-flex\">\n<figure class=\"wp-block-image size-large\"><img loading=\"lazy\" decoding=\"async\" width=\"683\" height=\"1024\" data-id=\"2892\" src=\"https:\/\/marupe.edu.lv\/wp-content\/uploads\/2022\/11\/Zemite_D_sk_1510b-683x1024.jpg\" alt=\"\" class=\"wp-image-2892\" srcset=\"https:\/\/marupe.edu.lv\/wp-content\/uploads\/2022\/11\/Zemite_D_sk_1510b-683x1024.jpg 683w, https:\/\/marupe.edu.lv\/wp-content\/uploads\/2022\/11\/Zemite_D_sk_1510b-200x300.jpg 200w, https:\/\/marupe.edu.lv\/wp-content\/uploads\/2022\/11\/Zemite_D_sk_1510b-768x1152.jpg 768w, https:\/\/marupe.edu.lv\/wp-content\/uploads\/2022\/11\/Zemite_D_sk_1510b-1024x1536.jpg 1024w, https:\/\/marupe.edu.lv\/wp-content\/uploads\/2022\/11\/Zemite_D_sk_1510b-1365x2048.jpg 1365w, https:\/\/marupe.edu.lv\/wp-content\/uploads\/2022\/11\/Zemite_D_sk_1510b-scaled.jpg 1707w\" sizes=\"auto, (max-width: 683px) 100vw, 683px\" \/><\/figure>\n\n\n\n<figure class=\"wp-block-image size-large\"><img loading=\"lazy\" decoding=\"async\" width=\"683\" height=\"1024\" data-id=\"2891\" src=\"https:\/\/marupe.edu.lv\/wp-content\/uploads\/2022\/11\/Torcinava_J_sk_1519b-683x1024.jpg\" alt=\"\" class=\"wp-image-2891\" srcset=\"https:\/\/marupe.edu.lv\/wp-content\/uploads\/2022\/11\/Torcinava_J_sk_1519b-683x1024.jpg 683w, https:\/\/marupe.edu.lv\/wp-content\/uploads\/2022\/11\/Torcinava_J_sk_1519b-200x300.jpg 200w, https:\/\/marupe.edu.lv\/wp-content\/uploads\/2022\/11\/Torcinava_J_sk_1519b-768x1152.jpg 768w, https:\/\/marupe.edu.lv\/wp-content\/uploads\/2022\/11\/Torcinava_J_sk_1519b-1024x1536.jpg 1024w, https:\/\/marupe.edu.lv\/wp-content\/uploads\/2022\/11\/Torcinava_J_sk_1519b-1365x2048.jpg 1365w, https:\/\/marupe.edu.lv\/wp-content\/uploads\/2022\/11\/Torcinava_J_sk_1519b-scaled.jpg 1707w\" sizes=\"auto, (max-width: 683px) 100vw, 683px\" \/><\/figure>\n\n\n\n<figure class=\"wp-block-image size-large\"><img loading=\"lazy\" decoding=\"async\" width=\"683\" height=\"1024\" data-id=\"2947\" src=\"https:\/\/marupe.edu.lv\/wp-content\/uploads\/2022\/12\/bilde-683x1024.jpg\" alt=\"Gita Lodzi\u0146a\" class=\"wp-image-2947\" srcset=\"https:\/\/marupe.edu.lv\/wp-content\/uploads\/2022\/12\/bilde-683x1024.jpg 683w, https:\/\/marupe.edu.lv\/wp-content\/uploads\/2022\/12\/bilde-200x300.jpg 200w, https:\/\/marupe.edu.lv\/wp-content\/uploads\/2022\/12\/bilde-768x1152.jpg 768w, https:\/\/marupe.edu.lv\/wp-content\/uploads\/2022\/12\/bilde-1024x1536.jpg 1024w, https:\/\/marupe.edu.lv\/wp-content\/uploads\/2022\/12\/bilde.jpg 1365w\" sizes=\"auto, (max-width: 683px) 100vw, 683px\" \/><\/figure>\n<\/figure>\n<\/div><\/div>\n<\/div><\/div>\n\n\n\n<figure class=\"wp-block-table is-style-stripes\"><table><tbody><tr><td class=\"has-text-align-center\" data-align=\"center\"> <strong>Di\u0101na Zem\u012bte<\/strong> <\/td><td class=\"has-text-align-center\" data-align=\"center\"> <strong>Je\u013cena Tor\u010dinava<\/strong> <\/td><td class=\"has-text-align-center\" data-align=\"center\"> <strong>Gita Lodzi\u0146a<\/strong> <\/td><\/tr><tr><td class=\"has-text-align-center\" data-align=\"center\"> Psiholo\u0123ijas ma\u0123istre <\/td><td class=\"has-text-align-center\" data-align=\"center\"> Psiholo\u0123ijas ma\u0123istre<\/td><td class=\"has-text-align-center\" data-align=\"center\">Psihoterapijas speci\u0101liste <\/td><\/tr><tr><td class=\"has-text-align-center\" data-align=\"center\"> 26177795 <\/td><td class=\"has-text-align-center\" data-align=\"center\"> 26497999 <\/td><td class=\"has-text-align-center\" data-align=\"center\">26606161 <\/td><\/tr><tr><td class=\"has-text-align-center\" data-align=\"center\">Kabinets: <em>1-14B<\/em><\/td><td class=\"has-text-align-center\" data-align=\"center\">Kabinets:  <em>1-13B<\/em><\/td><td class=\"has-text-align-center\" data-align=\"center\">Kabinets: <em>1-12B<\/em><\/td><\/tr><\/tbody><\/table><\/figure>\n\n\n\n<h2 class=\"wp-block-heading has-text-align-center\"><strong>Psihologu sadal\u012bjums pa klas\u0113m<\/strong><\/h2>\n\n\n<div class=\"infogram-embed\" data-id=\"a11d9ce6-93e3-4259-b11e-5e19cb6e024f\" data-type=\"interactive\" data-title=\"Psihologu sadal\u012bjums\"><\/div>\n<p><script>!function(e,n,i,s){var d=\"InfogramEmbeds\";var o=e.getElementsByTagName(n)[0];if(window[d]&&window[d].initialized)window[d].process&&window[d].process();else if(!e.getElementById(i)){var r=e.createElement(n);r.async=1,r.id=i,r.src=s,o.parentNode.insertBefore(r,o)}}(document,\"script\",\"infogram-async\",\"https:\/\/e.infogram.com\/js\/dist\/embed-loader-min.js\");<\/script><\/p>\n<div style=\"padding:8px 0;font-family:Arial!important;font-size:13px!important;line-height:15px!important;text-align:center;border-top:1px solid #dadada;margin:0 30px\"><a href=\"https:\/\/infogram.com\/a11d9ce6-93e3-4259-b11e-5e19cb6e024f\" style=\"color:#989898!important;text-decoration:none!important;\" target=\"_blank\" rel=\"noopener\">Psihologu sadal\u012bjums<\/a><br \/><a href=\"https:\/\/infogram.com\" style=\"color:#989898!important;text-decoration:none!important;\" target=\"_blank\" rel=\"nofollow noopener\">Infogram<\/a><\/div>\n\n\n<h2 class=\"wp-block-heading\"><strong>Skolas logop\u0113des pal\u012bdz\u0113s<\/strong>:&nbsp;&nbsp;<\/h2>\n\n\n\n<ul class=\"wp-block-list\">\n<li>Nov\u0113rst las\u012b\u0161anas un rakst\u012b\u0161anas gr\u016bt\u012bbas.<\/li>\n\n\n\n<li>Papla\u0161in\u0101t v\u0101rdu kr\u0101jumu.<\/li>\n\n\n\n<li>Saklaus\u012bt un pareizi lietot garumz\u012bmes.<\/li>\n\n\n\n<li>Att\u012bst\u012bt fonem\u0101tisko uztveri.<\/li>\n\n\n\n<li>At\u0161\u0137irt bals\u012bgos un nebals\u012bgos l\u012bdzska\u0146us.&nbsp;&nbsp;<\/li>\n<\/ul>\n\n\n\n<h4 class=\"wp-block-heading\"><strong>Pedago\u0123ijas ma\u0123istre&nbsp;Jolanta Hanzovska<\/strong><\/h4>\n\n\n\n<figure class=\"wp-block-image size-full\"><img loading=\"lazy\" decoding=\"async\" width=\"360\" height=\"455\" src=\"https:\/\/marupe.edu.lv\/wp-content\/uploads\/2021\/09\/SK_0021b_J.Hanzovska.jpg\" alt=\"\" class=\"wp-image-1662\" srcset=\"https:\/\/marupe.edu.lv\/wp-content\/uploads\/2021\/09\/SK_0021b_J.Hanzovska.jpg 360w, https:\/\/marupe.edu.lv\/wp-content\/uploads\/2021\/09\/SK_0021b_J.Hanzovska-237x300.jpg 237w\" sizes=\"auto, (max-width: 360px) 100vw, 360px\" \/><\/figure>\n\n\n\n<p>26417752<br><a href=\"jolanta.hanzovska@marupe.edu.lv\" data-type=\"mailto\">jolanta.hanzovska@marupe.edu.lv<\/a><\/p>\n\n\n\n<h4 class=\"wp-block-heading\"><strong>Pedago\u0123ijas ma\u0123istre&nbsp;Linda Meiersone<\/strong><\/h4>\n\n\n\n<figure class=\"wp-block-image size-full\"><img loading=\"lazy\" decoding=\"async\" width=\"360\" height=\"540\" src=\"https:\/\/marupe.edu.lv\/wp-content\/uploads\/2021\/09\/SK_7686b_L.Meiersone.jpg\" alt=\"\" class=\"wp-image-1673\" srcset=\"https:\/\/marupe.edu.lv\/wp-content\/uploads\/2021\/09\/SK_7686b_L.Meiersone.jpg 360w, https:\/\/marupe.edu.lv\/wp-content\/uploads\/2021\/09\/SK_7686b_L.Meiersone-200x300.jpg 200w\" sizes=\"auto, (max-width: 360px) 100vw, 360px\" \/><\/figure>\n\n\n\n<p><br>29655657<br><a href=\"mailto:linda.meiersone@marupe.edu.lv\" data-type=\"mailto\" data-id=\"mailto:linda.meiersone@marupe.edu.lv\">linda.meiersone@marupe.edu.lv<\/a><\/p>\n\n\n\n<h2 class=\"wp-block-heading\"><strong>Speci\u0101l\u0101 pedago\u0123e skol\u0101<\/strong>:&nbsp;<\/h2>\n\n\n\n<ul class=\"wp-block-list\">\n<li>Izv\u0113rt\u0113 skol\u0113nu m\u0101c\u012b\u0161an\u0101s gr\u016bt\u012bbas, iesaka iesp\u0113jamos pal\u012bdz\u012bbas veidus.<\/li>\n\n\n\n<li>Sniedz atbalstu skol\u0113niem ar m\u0101c\u012bbu gr\u016bt\u012bb\u0101m.<\/li>\n\n\n\n<li>Organiz\u0113 grupu un individu\u0101lu korekcijas darbu.<\/li>\n\n\n\n<li>Att\u012bsta skol\u0113nu psihiskos procesus (uzman\u012bbu, uztveri, atmi\u0146u)<\/li>\n<\/ul>\n\n\n\n<p>Pedago\u0123ijas ma\u0123istre&nbsp;<strong>Linda Meiersone<\/strong><br>+37129655657<br><a href=\"mailto:linda.meiersone@marupe.edu.lv\" data-type=\"mailto\" data-id=\"mailto:linda.meiersone@marupe.edu.lv\"><\/a><a href=\"mailto:linda.mm@inbox.lv\">linda.meiersone@marupe.edu.lv<\/a> <\/p>\n\n\n\n<h2 class=\"wp-block-heading\"><strong>Medic\u012bnas darbinieks skol\u0101<\/strong>:<\/h2>\n\n\n\n<figure class=\"wp-block-image size-large is-resized\"><img loading=\"lazy\" decoding=\"async\" width=\"766\" height=\"1024\" src=\"https:\/\/marupe.edu.lv\/wp-content\/uploads\/2024\/09\/Medmasa-766x1024.jpg\" alt=\"\" class=\"wp-image-4276\" style=\"width:367px;height:auto\" srcset=\"https:\/\/marupe.edu.lv\/wp-content\/uploads\/2024\/09\/Medmasa-766x1024.jpg 766w, https:\/\/marupe.edu.lv\/wp-content\/uploads\/2024\/09\/Medmasa-225x300.jpg 225w, https:\/\/marupe.edu.lv\/wp-content\/uploads\/2024\/09\/Medmasa-768x1026.jpg 768w, https:\/\/marupe.edu.lv\/wp-content\/uploads\/2024\/09\/Medmasa.jpg 812w\" sizes=\"auto, (max-width: 766px) 100vw, 766px\" \/><\/figure>\n\n\n\n<ul class=\"wp-block-list\">\n<li>Sadarbojas ar skol\u0113niem, skolot\u0101jiem, vec\u0101kiem.<\/li>\n\n\n\n<li>Veic profilaktiskos pas\u0101kumus ( person\u012bg\u0101s higi\u0113nas iev\u0113ro\u0161ana, skol\u0113nu medic\u012bnisk\u0101s apskates, vesel\u012bga&nbsp;dz\u012bvesveida veicin\u0101\u0161ana, p\u0101rrunas ar vec\u0101kiem.)<\/li>\n\n\n\n<li>Pirm\u0101s pal\u012bdz\u012bbas snieg\u0161ana jebkuram skol\u0113nam, kur\u0161 s\u016bdzas par vesel\u012bbas trauc\u0113jumiem.<\/li>\n\n\n\n<li>Infekcijas slim\u012bbu gad\u012bjum\u0101 veic kontakt\u0113jo\u0161o personu nov\u0113ro\u0161anu iev\u0113rojot inkub\u0101cijas periodu.<\/li>\n<\/ul>\n\n\n\n<p>Skolas medm\u0101sa&nbsp;<strong>Marta Velika<\/strong><br>+37129592961<br><a href=\"mailto:marta.velika@marupe.edu.lv\" title=\"marta.velika@marupe.edu.lv\">marta.velika@marupe.edu.lv<\/a><\/p>\n\n\n\n<h2 class=\"wp-block-heading\"><strong>Pedagogs &#8211; karjeras konsultants:<\/strong><\/h2>\n\n\n\n<ul class=\"wp-block-list\">\n<li>Konsult\u0113, inform\u0113 un izgl\u012bto skol\u0113nus karjeras att\u012bst\u012bbas jaut\u0101jumos.<\/li>\n\n\n\n<li>Sniedz atbalstu vec\u0101kiem vi\u0146u b\u0113rnu karjeras pl\u0101no\u0161an\u0101.<\/li>\n\n\n\n<li>Koordin\u0113 karjeras izgl\u012bt\u012bbas darbu skol\u0101.<\/li>\n\n\n\n<li>Organiz\u0113 un \u012bsteno karjeras izgl\u012bt\u012bbas pas\u0101kumus.<\/li>\n\n\n\n<li>Sniedz metodisko atbalstu pedago\u0123iskajam person\u0101lam karjeras izgl\u012bt\u012bbas realiz\u0113\u0161anai.<\/li>\n<\/ul>\n\n\n\n<figure class=\"wp-block-image size-large is-resized\"><img loading=\"lazy\" decoding=\"async\" width=\"681\" height=\"1024\" src=\"https:\/\/marupe.edu.lv\/wp-content\/uploads\/2022\/10\/Rutenberga_I_sk_4346b-681x1024.jpg\" alt=\"\" class=\"wp-image-2770\" style=\"width:364px;height:547px\" srcset=\"https:\/\/marupe.edu.lv\/wp-content\/uploads\/2022\/10\/Rutenberga_I_sk_4346b-681x1024.jpg 681w, https:\/\/marupe.edu.lv\/wp-content\/uploads\/2022\/10\/Rutenberga_I_sk_4346b-200x300.jpg 200w, https:\/\/marupe.edu.lv\/wp-content\/uploads\/2022\/10\/Rutenberga_I_sk_4346b-768x1154.jpg 768w, https:\/\/marupe.edu.lv\/wp-content\/uploads\/2022\/10\/Rutenberga_I_sk_4346b-1022x1536.jpg 1022w, https:\/\/marupe.edu.lv\/wp-content\/uploads\/2022\/10\/Rutenberga_I_sk_4346b-1363x2048.jpg 1363w, https:\/\/marupe.edu.lv\/wp-content\/uploads\/2022\/10\/Rutenberga_I_sk_4346b-scaled.jpg 1703w\" sizes=\"auto, (max-width: 681px) 100vw, 681px\" \/><\/figure>\n\n\n\n<p><strong>Ilze R\u016btenberga<\/strong><br>29882143<br><a href=\"mailto:ilze.rutenberga@marupe.edu.lv\">ilze.rutenberga@marupe.edu.lv<\/a><\/p>\n\n\n\n<h2 class=\"wp-block-heading\"><strong>Soci\u0101lie pedagogi skol\u0101<\/strong>:&nbsp;<\/h2>\n\n\n\n<ul class=\"wp-block-list\">\n<li>Pal\u012bdz b\u0113rniem, vec\u0101kiem un skolot\u0101jiem risin\u0101t soci\u0101lpedago\u0123isk\u0101s probl\u0113mas.<\/li>\n\n\n\n<li>Izv\u0113rt\u0113 probl\u0113mu un pal\u012bdz to risin\u0101t.<\/li>\n\n\n\n<li>Pal\u012bdz skol\u0113niem veidot dz\u012bves prasmes.<\/li>\n\n\n\n<li>Organiz\u0113 profilaktiskos pas\u0101kumus.<\/li>\n<\/ul>\n\n\n\n<figure class=\"wp-block-image size-full\"><img loading=\"lazy\" decoding=\"async\" width=\"360\" height=\"496\" src=\"https:\/\/marupe.edu.lv\/wp-content\/uploads\/2021\/08\/SK_7709b_B.Rimsa_-e1629264393519.jpg\" alt=\"Soci\u0101lais pedagogs Baiba Rim\u0161a\" class=\"wp-image-1356\" srcset=\"https:\/\/marupe.edu.lv\/wp-content\/uploads\/2021\/08\/SK_7709b_B.Rimsa_-e1629264393519.jpg 360w, https:\/\/marupe.edu.lv\/wp-content\/uploads\/2021\/08\/SK_7709b_B.Rimsa_-e1629264393519-218x300.jpg 218w\" sizes=\"auto, (max-width: 360px) 100vw, 360px\" \/><\/figure>\n\n\n\n<p><strong>Baiba Rim\u0161a<\/strong><br><a href=\"mailto:baiba.rimsa@marupe.edu.lv\">baiba.rimsa@marupe.edu.lv<\/a><\/p>\n\n\n\n<p><strong>Ed\u012bte Zilteka<\/strong><\/p>\n\n\n\n<p><a href=\"mailto:edite.zilteka@marupe.edu.lv\">edite.zilteka@marupe.edu.lv<\/a><\/p>\n\n\n\n<p>Atbalsta person\u0101la darbinieki savstarp\u0113ji sadarbojas skol\u0113nu m\u0101c\u012bbu, psiholo\u0123isko un soci\u0101lo probl\u0113mu risin\u0101\u0161an\u0101 un korekcijas darb\u0101, iev\u0113ro konfidencialit\u0101te, k\u0101 ar\u012b organiz\u0113 atbilsto\u0161us atbalsta pas\u0101kumus p\u0101rbaudes un m\u0101c\u012bbu darbos.<\/p>\n","protected":false},"excerpt":{"rendered":"<p>&nbsp;Skolas psiholo\u0123es: Di\u0101na Zem\u012bte Je\u013cena Tor\u010dinava Gita Lodzi\u0146a Psiholo\u0123ijas ma\u0123istre Psiholo\u0123ijas ma\u0123istre Psihoterapijas speci\u0101liste 26177795 26497999 26606161 Kabinets: 1-14B Kabinets: &hellip; <\/p>\n","protected":false},"author":1,"featured_media":0,"parent":0,"menu_order":0,"comment_status":"closed","ping_status":"closed","template":"","meta":{"_monsterinsights_skip_tracking":false,"_monsterinsights_sitenote_active":false,"_monsterinsights_sitenote_note":"","_monsterinsights_sitenote_category":0,"footnotes":""},"class_list":["post-1322","page","type-page","status-publish","hentry","latest_post"],"aioseo_notices":[],"_links":{"self":[{"href":"https:\/\/marupe.edu.lv\/index.php?rest_route=\/wp\/v2\/pages\/1322","targetHints":{"allow":["GET"]}}],"collection":[{"href":"https:\/\/marupe.edu.lv\/index.php?rest_route=\/wp\/v2\/pages"}],"about":[{"href":"https:\/\/marupe.edu.lv\/index.php?rest_route=\/wp\/v2\/types\/page"}],"author":[{"embeddable":true,"href":"https:\/\/marupe.edu.lv\/index.php?rest_route=\/wp\/v2\/users\/1"}],"replies":[{"embeddable":true,"href":"https:\/\/marupe.edu.lv\/index.php?rest_route=%2Fwp%2Fv2%2Fcomments&post=1322"}],"version-history":[{"count":67,"href":"https:\/\/marupe.edu.lv\/index.php?rest_route=\/wp\/v2\/pages\/1322\/revisions"}],"predecessor-version":[{"id":4888,"href":"https:\/\/marupe.edu.lv\/index.php?rest_route=\/wp\/v2\/pages\/1322\/revisions\/4888"}],"wp:attachment":[{"href":"https:\/\/marupe.edu.lv\/index.php?rest_route=%2Fwp%2Fv2%2Fmedia&parent=1322"}],"curies":[{"name":"wp","href":"https:\/\/api.w.org\/{rel}","templated":true}]}}