{"id":1317,"date":"2021-08-17T07:00:32","date_gmt":"2021-08-17T05:00:32","guid":{"rendered":"https:\/\/marupe.edu.lv\/?page_id=1317"},"modified":"2026-04-15T07:07:56","modified_gmt":"2026-04-15T05:07:56","slug":"autobusi","status":"publish","type":"page","link":"https:\/\/marupe.edu.lv\/?page_id=1317","title":{"rendered":"Autobusi"},"content":{"rendered":"\n<p>Autobusu kurs\u0113\u0161anas laiki ir pieejami <strong><a href=\"https:\/\/www.marupe.lv\/lv\/izglitiba\/skolenu-autobusu-marsruti\" title=\"\u0160EIT\">&gt;&gt;&gt;&gt;\u0160EIT&lt;&lt;&lt;&lt;<\/a><\/strong><\/p>\n\n\n\n<p>Skol\u0113nu p\u0101rvad\u0101jumu pakalpojumu nodro\u0161ina SIA &#8220;VR projekts&#8221;.<\/p>\n\n\n\n<p>Mantu nozaud\u0113\u0161anas gadijum\u0101 vai ar\u012b citos ar autobusu kurs\u0113\u0161anu saist\u012btos jaut\u0101jumos kontakt\u0113ties ar <strong>Oskars Puga, tel. 26555700<\/strong><\/p>\n","protected":false},"excerpt":{"rendered":"<p>Autobusu kurs\u0113\u0161anas laiki ir pieejami &gt;&gt;&gt;&gt;\u0160EIT&lt;&lt;&lt;&lt; Skol\u0113nu p\u0101rvad\u0101jumu pakalpojumu nodro\u0161ina SIA &#8220;VR projekts&#8221;. Mantu nozaud\u0113\u0161anas gadijum\u0101 vai ar\u012b citos ar &hellip; <\/p>\n","protected":false},"author":1,"featured_media":0,"parent":0,"menu_order":0,"comment_status":"closed","ping_status":"closed","template":"","meta":{"_monsterinsights_skip_tracking":false,"_monsterinsights_sitenote_active":false,"_monsterinsights_sitenote_note":"","_monsterinsights_sitenote_category":0,"footnotes":""},"class_list":["post-1317","page","type-page","status-publish","hentry","latest_post"],"aioseo_notices":[],"_links":{"self":[{"href":"https:\/\/marupe.edu.lv\/index.php?rest_route=\/wp\/v2\/pages\/1317","targetHints":{"allow":["GET"]}}],"collection":[{"href":"https:\/\/marupe.edu.lv\/index.php?rest_route=\/wp\/v2\/pages"}],"about":[{"href":"https:\/\/marupe.edu.lv\/index.php?rest_route=\/wp\/v2\/types\/page"}],"author":[{"embeddable":true,"href":"https:\/\/marupe.edu.lv\/index.php?rest_route=\/wp\/v2\/users\/1"}],"replies":[{"embeddable":true,"href":"https:\/\/marupe.edu.lv\/index.php?rest_route=%2Fwp%2Fv2%2Fcomments&post=1317"}],"version-history":[{"count":94,"href":"https:\/\/marupe.edu.lv\/index.php?rest_route=\/wp\/v2\/pages\/1317\/revisions"}],"predecessor-version":[{"id":5245,"href":"https:\/\/marupe.edu.lv\/index.php?rest_route=\/wp\/v2\/pages\/1317\/revisions\/5245"}],"wp:attachment":[{"href":"https:\/\/marupe.edu.lv\/index.php?rest_route=%2Fwp%2Fv2%2Fmedia&parent=1317"}],"curies":[{"name":"wp","href":"https:\/\/api.w.org\/{rel}","templated":true}]}}