{"id":1315,"date":"2021-08-17T07:00:32","date_gmt":"2021-08-17T05:00:32","guid":{"rendered":"https:\/\/marupe.edu.lv\/?page_id=1315"},"modified":"2022-04-27T10:30:55","modified_gmt":"2022-04-27T08:30:55","slug":"rekviziti","status":"publish","type":"page","link":"https:\/\/marupe.edu.lv\/?page_id=1315","title":{"rendered":"Rekviz\u012bti"},"content":{"rendered":"\n<h2 class=\"wp-block-heading\"><strong><u>Pakalpojuma maks\u0101t\u0101js<\/u><\/strong><\/h2>\n\n\n\n<p>M\u0101rupes novada pa\u0161vald\u012bba<\/p>\n\n\n\n<p>Adrese: Daugavas iela 29, M\u0101rupe, M\u0101rupes pagasts, M\u0101rupes novads, LV-2167<\/p>\n\n\n\n<p>E-pasts: <a href=\"mailto:marupe@marupe.lv\">marupe@marupe.lv<\/a>; <a href=\"mailto:babite@marupe.lv\">babite@marupe.lv<\/a><\/p>\n\n\n\n<p><strong>Bankas rekviz\u012bti:<\/strong><\/p>\n\n\n\n<p>AS SEB Banka<\/p>\n\n\n\n<p>Konts: LV69UNLA0003011130405<\/p>\n\n\n\n<p>Kods: UNLALV2X<\/p>\n\n\n\n<p>Re\u0123. Nr. 90000012827<\/p>\n\n\n\n<h2 class=\"wp-block-heading\"><strong><u>Pakalpojuma sa\u0146\u0113m\u0113js<\/u><\/strong><\/h2>\n\n\n\n<p>M\u0101rupes Valsts \u0123imn\u0101zija<\/p>\n\n\n\n<p>Adrese: Kantora iela 97, M\u0101rupes, M\u0101rupes novads, LV-2167<\/p>\n\n\n\n<p>Re\u0123. Nr. 4319903318<\/p>\n","protected":false},"excerpt":{"rendered":"<p>Pakalpojuma maks\u0101t\u0101js M\u0101rupes novada pa\u0161vald\u012bba Adrese: Daugavas iela 29, M\u0101rupe, M\u0101rupes pagasts, M\u0101rupes novads, LV-2167 E-pasts: marupe@marupe.lv; babite@marupe.lv Bankas rekviz\u012bti: &hellip; <\/p>\n","protected":false},"author":1,"featured_media":0,"parent":0,"menu_order":0,"comment_status":"closed","ping_status":"closed","template":"","meta":{"_monsterinsights_skip_tracking":false,"_monsterinsights_sitenote_active":false,"_monsterinsights_sitenote_note":"","_monsterinsights_sitenote_category":0,"footnotes":""},"class_list":["post-1315","page","type-page","status-publish","hentry","latest_post"],"aioseo_notices":[],"_links":{"self":[{"href":"https:\/\/marupe.edu.lv\/index.php?rest_route=\/wp\/v2\/pages\/1315","targetHints":{"allow":["GET"]}}],"collection":[{"href":"https:\/\/marupe.edu.lv\/index.php?rest_route=\/wp\/v2\/pages"}],"about":[{"href":"https:\/\/marupe.edu.lv\/index.php?rest_route=\/wp\/v2\/types\/page"}],"author":[{"embeddable":true,"href":"https:\/\/marupe.edu.lv\/index.php?rest_route=\/wp\/v2\/users\/1"}],"replies":[{"embeddable":true,"href":"https:\/\/marupe.edu.lv\/index.php?rest_route=%2Fwp%2Fv2%2Fcomments&post=1315"}],"version-history":[{"count":3,"href":"https:\/\/marupe.edu.lv\/index.php?rest_route=\/wp\/v2\/pages\/1315\/revisions"}],"predecessor-version":[{"id":2428,"href":"https:\/\/marupe.edu.lv\/index.php?rest_route=\/wp\/v2\/pages\/1315\/revisions\/2428"}],"wp:attachment":[{"href":"https:\/\/marupe.edu.lv\/index.php?rest_route=%2Fwp%2Fv2%2Fmedia&parent=1315"}],"curies":[{"name":"wp","href":"https:\/\/api.w.org\/{rel}","templated":true}]}}