{"id":1075,"date":"2021-06-27T07:12:01","date_gmt":"2021-06-27T05:12:01","guid":{"rendered":"https:\/\/marupe.edu.lv\/?page_id=1075"},"modified":"2024-06-19T08:47:10","modified_gmt":"2024-06-19T06:47:10","slug":"macibu-processs","status":"publish","type":"page","link":"https:\/\/marupe.edu.lv\/?page_id=1075","title":{"rendered":"M\u0101c\u012bbu process"},"content":{"rendered":"\n<p><a data-type=\"URL\" data-id=\"https:\/\/marupe.edu.lv\/?page_id=815(atveras jaun\u0101 log\u0101)\" href=\"https:\/\/marupe.edu.lv\/?page_id=815(atveras jaun\u0101 log\u0101)\">Stundu laiki<\/a><\/p>\n\n\n\n<p><a href=\"https:\/\/marupe.edu.lv\/?page_id=766(atveras%20jaun%C4%81%20log%C4%81)\">Karjeras atbalsts<\/a><\/p>\n\n\n\n<p><a data-type=\"URL\" data-id=\"https:\/\/marupe.edu.lv\/?page_id=144\" href=\"https:\/\/marupe.edu.lv\/?page_id=144\">Intere\u0161u izgl\u012bt\u012bba<\/a><\/p>\n\n\n\n<p><a data-type=\"URL\" data-id=\"https:\/\/marupe.edu.lv\/?page_id=2643\" href=\"https:\/\/marupe.edu.lv\/?page_id=2643\">Ieteicam\u0101 literat\u016bra<\/a><\/p>\n\n\n\n<p><a href=\"https:\/\/marupe.edu.lv\/?page_id=767(atveras%20jaun%C4%81%20log%C4%81)\">SMU<\/a><\/p>\n\n\n\n<p><a data-type=\"URL\" data-id=\"https:\/\/marupe.edu.lv\/?page_id=979(atveras jaun\u0101 log\u0101)\" href=\"https:\/\/marupe.edu.lv\/?page_id=979(atveras jaun\u0101 log\u0101)\">ZPD<\/a><\/p>\n\n\n\n<p><a data-type=\"URL\" data-id=\"https:\/\/marupe.edu.lv\/?page_id=980(atveras jaun\u0101 log\u0101)\" href=\"https:\/\/marupe.edu.lv\/?page_id=980(atveras jaun\u0101 log\u0101)\">Projekta darbs<\/a><\/p>\n\n\n\n<p><a data-type=\"URL\" data-id=\"https:\/\/marupe.edu.lv\/?page_id=967(atveras jaun\u0101 log\u0101)\" href=\"https:\/\/marupe.edu.lv\/?page_id=967(atveras jaun\u0101 log\u0101)\">Metodiskais centrs<\/a><\/p>\n\n\n\n<p><\/p>\n\n\n\n<p><\/p>\n\n\n\n<p><\/p>\n\n\n\n<p><\/p>\n","protected":false},"excerpt":{"rendered":"<p>Stundu laiki Karjeras atbalsts Intere\u0161u izgl\u012bt\u012bba Ieteicam\u0101 literat\u016bra SMU ZPD Projekta darbs Metodiskais centrs<\/p>\n","protected":false},"author":1,"featured_media":0,"parent":0,"menu_order":0,"comment_status":"closed","ping_status":"closed","template":"","meta":{"_monsterinsights_skip_tracking":false,"_monsterinsights_sitenote_active":false,"_monsterinsights_sitenote_note":"","_monsterinsights_sitenote_category":0,"footnotes":""},"class_list":["post-1075","page","type-page","status-publish","hentry","latest_post"],"aioseo_notices":[],"_links":{"self":[{"href":"https:\/\/marupe.edu.lv\/index.php?rest_route=\/wp\/v2\/pages\/1075","targetHints":{"allow":["GET"]}}],"collection":[{"href":"https:\/\/marupe.edu.lv\/index.php?rest_route=\/wp\/v2\/pages"}],"about":[{"href":"https:\/\/marupe.edu.lv\/index.php?rest_route=\/wp\/v2\/types\/page"}],"author":[{"embeddable":true,"href":"https:\/\/marupe.edu.lv\/index.php?rest_route=\/wp\/v2\/users\/1"}],"replies":[{"embeddable":true,"href":"https:\/\/marupe.edu.lv\/index.php?rest_route=%2Fwp%2Fv2%2Fcomments&post=1075"}],"version-history":[{"count":8,"href":"https:\/\/marupe.edu.lv\/index.php?rest_route=\/wp\/v2\/pages\/1075\/revisions"}],"predecessor-version":[{"id":4060,"href":"https:\/\/marupe.edu.lv\/index.php?rest_route=\/wp\/v2\/pages\/1075\/revisions\/4060"}],"wp:attachment":[{"href":"https:\/\/marupe.edu.lv\/index.php?rest_route=%2Fwp%2Fv2%2Fmedia&parent=1075"}],"curies":[{"name":"wp","href":"https:\/\/api.w.org\/{rel}","templated":true}]}}